{"id":1113,"date":"2021-10-19T10:37:49","date_gmt":"2021-10-19T08:37:49","guid":{"rendered":"https:\/\/durangojesuitak.somoswoko.com\/?page_id=1113"},"modified":"2023-01-31T16:20:46","modified_gmt":"2023-01-31T15:20:46","slug":"conciliacion","status":"publish","type":"page","link":"https:\/\/www.durangojesuitak.org\/es\/servicios\/conciliacion\/","title":{"rendered":"Conciliaci\u00f3n"},"content":{"rendered":"\n<section class=\"seccion seccion-contenedor\n        centrado            fondo interior            divisor\" \n    style=\"background-color: ; color: ;\">\n    <div class=\"contenedor  \">\n        <div class=\"margen swing swing--opacity\">\n\n                            <div class=\"left\">\n\n                    <div class=\"texto\">\n                        \n\n    <p class=\"block-texto swing swing--opacity hero-display centrado mayusculas  \">Servicios<\/p>\n\n\n\n\n\n\n                    <\/div>\n\n                <\/div>\n            \n            <div class=\"right\">\n\n                \n            <\/div>\n\n            \n        <\/div>\n    <\/div>\n\n\n            <div class=\"fondo\">\n            <img decoding=\"async\" src=\"\" alt=\"Conciliaci\u00f3n\"\/>\n        <\/div>\n        \n    \n<\/section>\n\n<section class=\"seccion seccion-menu-lateral\">\n    <div class=\"contenedor\">\n        <div class=\"margen\">\n\n            <div class=\"paralelo\">\n\n                <div class=\"corto\">\n                    <div>\n\n                        \t\n                            <nav class=\"menu\">\n\n                                <span class=\"titulo\">Servicios<\/span>\n\n                                <ul id=\"menu-servicios\" class=\"menu\"><li id=\"menu-item-2775\" class=\"menu-item menu-item-type-post_type menu-item-object-page menu-item-2775\"><a href=\"https:\/\/www.durangojesuitak.org\/es\/servicios\/comedor-y-cocina\/\">Comedor y cocina<\/a><\/li>\n<li id=\"menu-item-874\" class=\"menu-item menu-item-type-post_type menu-item-object-page menu-item-874\"><a href=\"https:\/\/www.durangojesuitak.org\/es\/servicios\/biblioteca\/\">Biblioteca<\/a><\/li>\n<li id=\"menu-item-1117\" class=\"menu-item menu-item-type-post_type menu-item-object-page menu-item-1117\"><a href=\"https:\/\/www.durangojesuitak.org\/es\/servicios\/conciliacion\/\">Conciliaci\u00f3n<\/a><\/li>\n<li id=\"menu-item-8442\" class=\"menu-item menu-item-type-post_type menu-item-object-page menu-item-8442\"><a href=\"https:\/\/www.durangojesuitak.org\/es\/servicios\/jai-txokoa\/\">Txoko de celebraciones<\/a><\/li>\n<\/ul>\n                                                                    <a href=\"https:\/\/www.durangojesuitak.org\/es\/contacto\/\" class=\"boton\">Contacto<\/a>\n                                \n                            <\/nav>\n\n                        \n                    <\/div>\n                <\/div>\n\n                <div class=\"largo\">\n\n                    \n\n<section class=\"seccion seccion-contenedor\n                                \" \n    style=\"background-color: ; color: ;\">\n    <div class=\"contenedor  \">\n        <div class=\"margen swing swing--opacity\">\n\n                            <div class=\"left\">\n\n                    <div class=\"texto\">\n                        \n\n    <h1        class=\"block-texto\n        h1        no-centrado        no-mayusculas                            \">Conciliaci\u00f3n familiar    <\/h1>\n\n\n\n\n    <p class=\"block-texto swing swing--opacity entry no-centrado no-mayusculas  \">En Jesuitak Durango somos conscientes de que cada familia es \u00fanica y, por tanto, no todas tienen las mismas necesidades. Por ello, nuestro centro cuenta con un servicio completo para conciliar la vida laboral y familiar.<\/p>\n\n\n\n\n<p>Entre nuestros servicios se encuentran la ampliaci\u00f3n de horario, ludotecas, servicio de comedor, actividades paraescolares, colonias de verano, talleres de Semana Santa\u2026<\/p>\n\n\n<section class=\"seccion-galeria\">\n    <div class=\"contenedor\">\n        <div class=\"margen\">\n\n            <div class=\"texto\">\n                \n            <\/div>\n                   \n            <div class=\"galeria subseccion\">\n\n                                                            <figure class=\"galeria-item swing swing--opacity\">\n                            <a href=\"https:\/\/www.durangojesuitak.org\/wp-content\/uploads\/2022\/11\/conciliacion-familiar-jesuitak-durango-8.jpg\" data-lightbox=\"seccion-galeria--4379\">\n                                <img decoding=\"async\" src=\"https:\/\/www.durangojesuitak.org\/wp-content\/uploads\/2022\/11\/conciliacion-familiar-jesuitak-durango-8-1024x766.jpg\" alt=\"\"\/>\n                            <\/a>\n                        <\/figure>\n                                            <figure class=\"galeria-item swing swing--opacity\">\n                            <a href=\"https:\/\/www.durangojesuitak.org\/wp-content\/uploads\/2022\/11\/conciliacion-familiar-jesuitak-durango-7.jpg\" data-lightbox=\"seccion-galeria--4381\">\n                                <img decoding=\"async\" src=\"https:\/\/www.durangojesuitak.org\/wp-content\/uploads\/2022\/11\/conciliacion-familiar-jesuitak-durango-7-1024x683.jpg\" alt=\"\"\/>\n                            <\/a>\n                        <\/figure>\n                                            <figure class=\"galeria-item swing swing--opacity\">\n                            <a href=\"https:\/\/www.durangojesuitak.org\/wp-content\/uploads\/2022\/11\/conciliacion-familiar-jesuitak-durango-6.jpg\" data-lightbox=\"seccion-galeria--4383\">\n                                <img decoding=\"async\" src=\"https:\/\/www.durangojesuitak.org\/wp-content\/uploads\/2022\/11\/conciliacion-familiar-jesuitak-durango-6-1024x683.jpg\" alt=\"\"\/>\n                            <\/a>\n                        <\/figure>\n                                            <figure class=\"galeria-item swing swing--opacity\">\n                            <a href=\"https:\/\/www.durangojesuitak.org\/wp-content\/uploads\/2022\/11\/conciliacion-familiar-jesuitak-durango-5.jpg\" data-lightbox=\"seccion-galeria--4385\">\n                                <img decoding=\"async\" src=\"https:\/\/www.durangojesuitak.org\/wp-content\/uploads\/2022\/11\/conciliacion-familiar-jesuitak-durango-5-1024x683.jpg\" alt=\"\"\/>\n                            <\/a>\n                        <\/figure>\n                                            <figure class=\"galeria-item swing swing--opacity\">\n                            <a href=\"https:\/\/www.durangojesuitak.org\/wp-content\/uploads\/2022\/11\/conciliacion-familiar-jesuitak-durango-4.jpg\" data-lightbox=\"seccion-galeria--4388\">\n                                <img decoding=\"async\" src=\"https:\/\/www.durangojesuitak.org\/wp-content\/uploads\/2022\/11\/conciliacion-familiar-jesuitak-durango-4-1024x683.jpg\" alt=\"\"\/>\n                            <\/a>\n                        <\/figure>\n                                            <figure class=\"galeria-item swing swing--opacity\">\n                            <a href=\"https:\/\/www.durangojesuitak.org\/wp-content\/uploads\/2022\/11\/conciliacion-familiar-jesuitak-durango-3.jpg\" data-lightbox=\"seccion-galeria--4390\">\n                                <img decoding=\"async\" src=\"https:\/\/www.durangojesuitak.org\/wp-content\/uploads\/2022\/11\/conciliacion-familiar-jesuitak-durango-3-1024x683.jpg\" alt=\"\"\/>\n                            <\/a>\n                        <\/figure>\n                                    \n            <\/div>\n\n        <\/div>\n    <\/div>\n<\/section>\n\n\n    <h2        class=\"block-texto\n        h2        no-centrado        mayusculas        more-margin                    \">Ampliaci\u00f3n de horario    <\/h2>\n\n\n\n\n<p>En el 2\u00ba ciclo de Educaci\u00f3n Infantil y en Primaria se ofrece <strong>ampliaci\u00f3n horaria por la ma\u00f1ana<\/strong>, para ofrecer una opci\u00f3n a los padres y madres que tengan que acudir al trabajo o a otras tareas antes de comenzar las clases.&nbsp;<\/p>\n\n\n\n<p>As\u00ed, estos ni\u00f1os y ni\u00f1as tambi\u00e9n pueden permanecer en el centro entre las <strong>07:30 y las 09:00 horas<\/strong>. Durante este tiempo realizan diferentes actividades en la biblioteca y disfrutan especialmente de los juegos de mesa.<\/p>\n\n\n\n<p>En el aula de 2 a\u00f1os, se ofrece esta posibilidad con un horario m\u00e1s amplio, de <strong>07:30 a 09:00 y de 16:20 a 18:45<\/strong>.<\/p>\n\n                    <\/div>\n\n                <\/div>\n            \n            <div class=\"right\">\n\n                \n            <\/div>\n\n            \n        <\/div>\n    <\/div>\n\n\n    \n    \n<\/section>\n\n\n                <\/div>\n\n            <\/div>\n\n        <\/div>\n    <\/div>\n<\/section>","protected":false},"excerpt":{"rendered":"<p>Ofrecemos a nuestras familias alternativas para conseguir una conciliaci\u00f3n real. Contamos con un servicio completo para las necesidades de tu familia.<\/p>\n","protected":false},"author":1,"featured_media":4743,"parent":2223,"menu_order":120,"comment_status":"closed","ping_status":"closed","template":"","meta":{"_acf_changed":false,"inline_featured_image":false,"footnotes":""},"class_list":["post-1113","page","type-page","status-publish","has-post-thumbnail","hentry"],"acf":[],"yoast_head":"<!-- This site is optimized with the Yoast SEO plugin v26.9 - https:\/\/yoast.com\/product\/yoast-seo-wordpress\/ -->\n<title>Conciliaci\u00f3n familiar | Jesuitak Durango<\/title>\n<meta name=\"description\" content=\"Entre nuestros servicios se encuentran la ampliaci\u00f3n de horario, ludotecas, servicio de comedor, actividades paraescolares, colonias de verano, talleres de Semana Santa\u2026\" \/>\n<meta name=\"robots\" content=\"index, follow, max-snippet:-1, max-image-preview:large, max-video-preview:-1\" \/>\n<link rel=\"canonical\" href=\"https:\/\/www.durangojesuitak.org\/es\/servicios\/conciliacion\/\" \/>\n<meta property=\"og:locale\" content=\"es_ES\" \/>\n<meta property=\"og:type\" content=\"article\" \/>\n<meta property=\"og:title\" content=\"Conciliaci\u00f3n familiar | Jesuitak Durango\" \/>\n<meta property=\"og:description\" content=\"Entre nuestros servicios se encuentran la ampliaci\u00f3n de horario, ludotecas, servicio de comedor, actividades paraescolares, colonias de verano, talleres de Semana Santa\u2026\" \/>\n<meta property=\"og:url\" content=\"https:\/\/www.durangojesuitak.org\/es\/servicios\/conciliacion\/\" \/>\n<meta property=\"og:site_name\" content=\"Durango Jesuitak\" \/>\n<meta property=\"article:modified_time\" content=\"2023-01-31T15:20:46+00:00\" \/>\n<meta property=\"og:image\" content=\"https:\/\/www.durangojesuitak.org\/wp-content\/uploads\/2022\/11\/MG_7964.jpg\" \/>\n\t<meta property=\"og:image:width\" content=\"1080\" \/>\n\t<meta property=\"og:image:height\" content=\"720\" \/>\n\t<meta property=\"og:image:type\" content=\"image\/jpeg\" \/>\n<meta name=\"twitter:card\" content=\"summary_large_image\" \/>\n<meta name=\"twitter:label1\" content=\"Tiempo de lectura\" \/>\n\t<meta name=\"twitter:data1\" content=\"1 minuto\" \/>\n<script type=\"application\/ld+json\" class=\"yoast-schema-graph\">{\"@context\":\"https:\/\/schema.org\",\"@graph\":[{\"@type\":\"WebPage\",\"@id\":\"https:\/\/www.durangojesuitak.org\/es\/servicios\/conciliacion\/\",\"url\":\"https:\/\/www.durangojesuitak.org\/es\/servicios\/conciliacion\/\",\"name\":\"Conciliaci\u00f3n familiar | Jesuitak Durango\",\"isPartOf\":{\"@id\":\"https:\/\/www.durangojesuitak.org\/#website\"},\"primaryImageOfPage\":{\"@id\":\"https:\/\/www.durangojesuitak.org\/es\/servicios\/conciliacion\/#primaryimage\"},\"image\":{\"@id\":\"https:\/\/www.durangojesuitak.org\/es\/servicios\/conciliacion\/#primaryimage\"},\"thumbnailUrl\":\"https:\/\/www.durangojesuitak.org\/wp-content\/uploads\/2022\/11\/MG_7964.jpg\",\"datePublished\":\"2021-10-19T08:37:49+00:00\",\"dateModified\":\"2023-01-31T15:20:46+00:00\",\"description\":\"Entre nuestros servicios se encuentran la ampliaci\u00f3n de horario, ludotecas, servicio de comedor, actividades paraescolares, colonias de verano, talleres de Semana Santa\u2026\",\"breadcrumb\":{\"@id\":\"https:\/\/www.durangojesuitak.org\/es\/servicios\/conciliacion\/#breadcrumb\"},\"inLanguage\":\"es\",\"potentialAction\":[{\"@type\":\"ReadAction\",\"target\":[\"https:\/\/www.durangojesuitak.org\/es\/servicios\/conciliacion\/\"]}]},{\"@type\":\"ImageObject\",\"inLanguage\":\"es\",\"@id\":\"https:\/\/www.durangojesuitak.org\/es\/servicios\/conciliacion\/#primaryimage\",\"url\":\"https:\/\/www.durangojesuitak.org\/wp-content\/uploads\/2022\/11\/MG_7964.jpg\",\"contentUrl\":\"https:\/\/www.durangojesuitak.org\/wp-content\/uploads\/2022\/11\/MG_7964.jpg\",\"width\":1080,\"height\":720},{\"@type\":\"BreadcrumbList\",\"@id\":\"https:\/\/www.durangojesuitak.org\/es\/servicios\/conciliacion\/#breadcrumb\",\"itemListElement\":[{\"@type\":\"ListItem\",\"position\":1,\"name\":\"Home\",\"item\":\"https:\/\/www.durangojesuitak.org\/es\/\"},{\"@type\":\"ListItem\",\"position\":2,\"name\":\"Servicios\",\"item\":\"https:\/\/www.durangojesuitak.org\/es\/servicios\/\"},{\"@type\":\"ListItem\",\"position\":3,\"name\":\"Conciliaci\u00f3n\"}]},{\"@type\":\"WebSite\",\"@id\":\"https:\/\/www.durangojesuitak.org\/#website\",\"url\":\"https:\/\/www.durangojesuitak.org\/\",\"name\":\"Durango Jesuitak\",\"description\":\"\",\"publisher\":{\"@id\":\"https:\/\/www.durangojesuitak.org\/#organization\"},\"potentialAction\":[{\"@type\":\"SearchAction\",\"target\":{\"@type\":\"EntryPoint\",\"urlTemplate\":\"https:\/\/www.durangojesuitak.org\/?s={search_term_string}\"},\"query-input\":{\"@type\":\"PropertyValueSpecification\",\"valueRequired\":true,\"valueName\":\"search_term_string\"}}],\"inLanguage\":\"es\"},{\"@type\":\"Organization\",\"@id\":\"https:\/\/www.durangojesuitak.org\/#organization\",\"name\":\"Jesuitak Durango\",\"url\":\"https:\/\/www.durangojesuitak.org\/\",\"logo\":{\"@type\":\"ImageObject\",\"inLanguage\":\"es\",\"@id\":\"https:\/\/www.durangojesuitak.org\/#\/schema\/logo\/image\/\",\"url\":\"https:\/\/www.durangojesuitak.org\/wp-content\/uploads\/2022\/11\/cropped-Jesuitak-Durango-1.png\",\"contentUrl\":\"https:\/\/www.durangojesuitak.org\/wp-content\/uploads\/2022\/11\/cropped-Jesuitak-Durango-1.png\",\"width\":512,\"height\":512,\"caption\":\"Jesuitak Durango\"},\"image\":{\"@id\":\"https:\/\/www.durangojesuitak.org\/#\/schema\/logo\/image\/\"}}]}<\/script>\n<!-- \/ Yoast SEO plugin. -->","yoast_head_json":{"title":"Conciliaci\u00f3n familiar | Jesuitak Durango","description":"Entre nuestros servicios se encuentran la ampliaci\u00f3n de horario, ludotecas, servicio de comedor, actividades paraescolares, colonias de verano, talleres de Semana Santa\u2026","robots":{"index":"index","follow":"follow","max-snippet":"max-snippet:-1","max-image-preview":"max-image-preview:large","max-video-preview":"max-video-preview:-1"},"canonical":"https:\/\/www.durangojesuitak.org\/es\/servicios\/conciliacion\/","og_locale":"es_ES","og_type":"article","og_title":"Conciliaci\u00f3n familiar | Jesuitak Durango","og_description":"Entre nuestros servicios se encuentran la ampliaci\u00f3n de horario, ludotecas, servicio de comedor, actividades paraescolares, colonias de verano, talleres de Semana Santa\u2026","og_url":"https:\/\/www.durangojesuitak.org\/es\/servicios\/conciliacion\/","og_site_name":"Durango Jesuitak","article_modified_time":"2023-01-31T15:20:46+00:00","og_image":[{"width":1080,"height":720,"url":"https:\/\/www.durangojesuitak.org\/wp-content\/uploads\/2022\/11\/MG_7964.jpg","type":"image\/jpeg"}],"twitter_card":"summary_large_image","twitter_misc":{"Tiempo de lectura":"1 minuto"},"schema":{"@context":"https:\/\/schema.org","@graph":[{"@type":"WebPage","@id":"https:\/\/www.durangojesuitak.org\/es\/servicios\/conciliacion\/","url":"https:\/\/www.durangojesuitak.org\/es\/servicios\/conciliacion\/","name":"Conciliaci\u00f3n familiar | Jesuitak Durango","isPartOf":{"@id":"https:\/\/www.durangojesuitak.org\/#website"},"primaryImageOfPage":{"@id":"https:\/\/www.durangojesuitak.org\/es\/servicios\/conciliacion\/#primaryimage"},"image":{"@id":"https:\/\/www.durangojesuitak.org\/es\/servicios\/conciliacion\/#primaryimage"},"thumbnailUrl":"https:\/\/www.durangojesuitak.org\/wp-content\/uploads\/2022\/11\/MG_7964.jpg","datePublished":"2021-10-19T08:37:49+00:00","dateModified":"2023-01-31T15:20:46+00:00","description":"Entre nuestros servicios se encuentran la ampliaci\u00f3n de horario, ludotecas, servicio de comedor, actividades paraescolares, colonias de verano, talleres de Semana Santa\u2026","breadcrumb":{"@id":"https:\/\/www.durangojesuitak.org\/es\/servicios\/conciliacion\/#breadcrumb"},"inLanguage":"es","potentialAction":[{"@type":"ReadAction","target":["https:\/\/www.durangojesuitak.org\/es\/servicios\/conciliacion\/"]}]},{"@type":"ImageObject","inLanguage":"es","@id":"https:\/\/www.durangojesuitak.org\/es\/servicios\/conciliacion\/#primaryimage","url":"https:\/\/www.durangojesuitak.org\/wp-content\/uploads\/2022\/11\/MG_7964.jpg","contentUrl":"https:\/\/www.durangojesuitak.org\/wp-content\/uploads\/2022\/11\/MG_7964.jpg","width":1080,"height":720},{"@type":"BreadcrumbList","@id":"https:\/\/www.durangojesuitak.org\/es\/servicios\/conciliacion\/#breadcrumb","itemListElement":[{"@type":"ListItem","position":1,"name":"Home","item":"https:\/\/www.durangojesuitak.org\/es\/"},{"@type":"ListItem","position":2,"name":"Servicios","item":"https:\/\/www.durangojesuitak.org\/es\/servicios\/"},{"@type":"ListItem","position":3,"name":"Conciliaci\u00f3n"}]},{"@type":"WebSite","@id":"https:\/\/www.durangojesuitak.org\/#website","url":"https:\/\/www.durangojesuitak.org\/","name":"Durango Jesuitak","description":"","publisher":{"@id":"https:\/\/www.durangojesuitak.org\/#organization"},"potentialAction":[{"@type":"SearchAction","target":{"@type":"EntryPoint","urlTemplate":"https:\/\/www.durangojesuitak.org\/?s={search_term_string}"},"query-input":{"@type":"PropertyValueSpecification","valueRequired":true,"valueName":"search_term_string"}}],"inLanguage":"es"},{"@type":"Organization","@id":"https:\/\/www.durangojesuitak.org\/#organization","name":"Jesuitak Durango","url":"https:\/\/www.durangojesuitak.org\/","logo":{"@type":"ImageObject","inLanguage":"es","@id":"https:\/\/www.durangojesuitak.org\/#\/schema\/logo\/image\/","url":"https:\/\/www.durangojesuitak.org\/wp-content\/uploads\/2022\/11\/cropped-Jesuitak-Durango-1.png","contentUrl":"https:\/\/www.durangojesuitak.org\/wp-content\/uploads\/2022\/11\/cropped-Jesuitak-Durango-1.png","width":512,"height":512,"caption":"Jesuitak Durango"},"image":{"@id":"https:\/\/www.durangojesuitak.org\/#\/schema\/logo\/image\/"}}]}},"_links":{"self":[{"href":"https:\/\/www.durangojesuitak.org\/es\/wp-json\/wp\/v2\/pages\/1113","targetHints":{"allow":["GET"]}}],"collection":[{"href":"https:\/\/www.durangojesuitak.org\/es\/wp-json\/wp\/v2\/pages"}],"about":[{"href":"https:\/\/www.durangojesuitak.org\/es\/wp-json\/wp\/v2\/types\/page"}],"author":[{"embeddable":true,"href":"https:\/\/www.durangojesuitak.org\/es\/wp-json\/wp\/v2\/users\/1"}],"replies":[{"embeddable":true,"href":"https:\/\/www.durangojesuitak.org\/es\/wp-json\/wp\/v2\/comments?post=1113"}],"version-history":[{"count":2,"href":"https:\/\/www.durangojesuitak.org\/es\/wp-json\/wp\/v2\/pages\/1113\/revisions"}],"predecessor-version":[{"id":8380,"href":"https:\/\/www.durangojesuitak.org\/es\/wp-json\/wp\/v2\/pages\/1113\/revisions\/8380"}],"up":[{"embeddable":true,"href":"https:\/\/www.durangojesuitak.org\/es\/wp-json\/wp\/v2\/pages\/2223"}],"wp:featuredmedia":[{"embeddable":true,"href":"https:\/\/www.durangojesuitak.org\/es\/wp-json\/wp\/v2\/media\/4743"}],"wp:attachment":[{"href":"https:\/\/www.durangojesuitak.org\/es\/wp-json\/wp\/v2\/media?parent=1113"}],"curies":[{"name":"wp","href":"https:\/\/api.w.org\/{rel}","templated":true}]}}