{"id":1328,"date":"2021-12-16T12:26:10","date_gmt":"2021-12-16T11:26:10","guid":{"rendered":"https:\/\/durangojesuitak.somoswoko.com\/?page_id=1328"},"modified":"2025-06-03T15:14:56","modified_gmt":"2025-06-03T13:14:56","slug":"atencion-diversidad","status":"publish","type":"page","link":"https:\/\/www.durangojesuitak.org\/es\/educacion-infantil-0-6\/atencion-diversidad\/","title":{"rendered":"Educaci\u00f3n Infantil 0-6 Atenci\u00f3n a la diversidad"},"content":{"rendered":"\n<section class=\"seccion seccion-contenedor\n        centrado            fondo interior            divisor\" \n    style=\"background-color: ; color: ;\">\n    <div class=\"contenedor  \">\n        <div class=\"margen swing swing--opacity\">\n\n                            <div class=\"left\">\n\n                    <div class=\"texto\">\n                        \n\n    <p class=\"block-texto swing swing--opacity hero-display centrado mayusculas  \">Educaci\u00f3n Infantil 0-6<\/p>\n\n\n                    <\/div>\n\n                <\/div>\n            \n            <div class=\"right\">\n\n                \n            <\/div>\n\n            \n        <\/div>\n    <\/div>\n\n\n            <div class=\"fondo\">\n            <img decoding=\"async\" src=\"https:\/\/www.durangojesuitak.org\/wp-content\/uploads\/2022\/11\/educacion-0-6-jesuitak-durango-1024x429.jpg\" alt=\"Educaci\u00f3n Infantil 0-6 Atenci\u00f3n a la diversidad\"\/>\n        <\/div>\n        \n    \n<\/section>\n\n<section class=\"seccion seccion-menu-lateral\">\n    <div class=\"contenedor\">\n        <div class=\"margen\">\n\n            <div class=\"paralelo\">\n\n                <div class=\"corto\">\n                    <div>\n\n                        \t\n                            <nav class=\"menu\">\n\n                                <span class=\"titulo\">Educaci\u00f3n Infantil 0-6<\/span>\n\n                                <ul id=\"menu-educacion-infantil-0-6\" class=\"menu\"><li id=\"menu-item-2839\" class=\"menu-item menu-item-type-post_type menu-item-object-page menu-item-2839\"><a href=\"https:\/\/www.durangojesuitak.org\/es\/educacion-infantil-0-6\/proyecto-pedagogico\/\">Proyecto pedag\u00f3gico<\/a><\/li>\n<li id=\"menu-item-1469\" class=\"menu-item menu-item-type-post_type menu-item-object-page menu-item-1469\"><a href=\"https:\/\/www.durangojesuitak.org\/es\/educacion-infantil-0-6\/horario-calendario-escolar\/\">Horario y calendario escolar<\/a><\/li>\n<li id=\"menu-item-1466\" class=\"menu-item menu-item-type-post_type menu-item-object-page menu-item-1466\"><a href=\"https:\/\/www.durangojesuitak.org\/es\/educacion-infantil-0-6\/estilo-docente\/\">Estilo docente<\/a><\/li>\n<li id=\"menu-item-1467\" class=\"menu-item menu-item-type-post_type menu-item-object-page menu-item-1467\"><a href=\"https:\/\/www.durangojesuitak.org\/es\/educacion-infantil-0-6\/profesorado\/\">Profesorado<\/a><\/li>\n<li id=\"menu-item-1468\" class=\"menu-item menu-item-type-post_type menu-item-object-page menu-item-1468\"><a href=\"https:\/\/www.durangojesuitak.org\/es\/educacion-infantil-0-6\/atencion-diversidad\/\">Atenci\u00f3n a la diversidad<\/a><\/li>\n<li id=\"menu-item-3226\" class=\"menu-item menu-item-type-post_type menu-item-object-page menu-item-3226\"><a href=\"https:\/\/www.durangojesuitak.org\/es\/educacion-infantil-0-6\/paraescolares\/\">Paraescolares<\/a><\/li>\n<li id=\"menu-item-1470\" class=\"menu-item menu-item-type-post_type menu-item-object-page menu-item-1470\"><a href=\"https:\/\/www.durangojesuitak.org\/es\/educacion-infantil-0-6\/repositorio\/\">Repositorio<\/a><\/li>\n<\/ul>\n                                                                    <a href=\"https:\/\/www.durangojesuitak.org\/es\/contacto\/\" class=\"boton\">Contacto<\/a>\n                                \n                            <\/nav>\n\n                        \n                    <\/div>\n                <\/div>\n\n                <div class=\"largo\">\n\n                    \n\n<section class=\"seccion seccion-contenedor\n                                \" \n    style=\"background-color: ; color: ;\">\n    <div class=\"contenedor  \">\n        <div class=\"margen swing swing--opacity\">\n\n                            <div class=\"left\">\n\n                    <div class=\"texto\">\n                        \n\n    <h1        class=\"block-texto\n        h1        no-centrado        no-mayusculas                            \">Atenci\u00f3n a la diversidad en Educaci\u00f3n Infantil    <\/h1>\n\n\n\n\n    <h2        class=\"block-texto\n        h2        no-centrado        no-mayusculas        more-margin                    \">Atenci\u00f3n a la diversidad en la Guarder\u00eda (0-2 a\u00f1os)    <\/h2>\n\n\n\n\n    <p class=\"block-texto swing swing--opacity entry no-centrado no-mayusculas  \">Atender a la diversidad supone ofrecer una respuesta adecuada a las diferentes motivaciones, necesidades e intereses de cada ni\u00f1o y ni\u00f1a. <\/p>\n\n\n\n\n<p>Cada uno de ellos tiene su propio proceso y ritmo de aprendizaje, pero todos han de alcanzar <strong>los objetivos de etapa propuestos<\/strong>.<\/p>\n\n\n\n<p>Para ello, en nuestra guarder\u00eda ofrecemos <strong>un ambiente de aprendizaje estimulante y favorecedor <\/strong>de los diferentes intereses y estilos de aprendizaje de todo el alumnado.<\/p>\n\n\n\n<p>Contamos con rincones donde buscamos favorecer la experimentaci\u00f3n, la comunicaci\u00f3n, el desarrollo motor, la manipulaci\u00f3n de objetos, la representaci\u00f3n simb\u00f3lica mediante los juegos, etc.<\/p>\n\n\n\n<figure class=\"wp-block-image size-large is-resized\"><img loading=\"lazy\" decoding=\"async\" width=\"1024\" height=\"833\" src=\"https:\/\/www.durangojesuitak.org\/wp-content\/uploads\/2022\/11\/contacto-jesuitak-durango-1024x833.jpg\" alt=\"contacto-jesuitak-durango\" class=\"wp-image-4120\" style=\"width:791px;height:643px\" srcset=\"https:\/\/www.durangojesuitak.org\/wp-content\/uploads\/2022\/11\/contacto-jesuitak-durango-1024x833.jpg 1024w, https:\/\/www.durangojesuitak.org\/wp-content\/uploads\/2022\/11\/contacto-jesuitak-durango-300x244.jpg 300w, https:\/\/www.durangojesuitak.org\/wp-content\/uploads\/2022\/11\/contacto-jesuitak-durango-768x625.jpg 768w, https:\/\/www.durangojesuitak.org\/wp-content\/uploads\/2022\/11\/contacto-jesuitak-durango.jpg 1080w\" sizes=\"auto, (max-width: 1024px) 100vw, 1024px\" \/><\/figure>\n\n\n\n    <h2        class=\"block-texto\n        h2        no-centrado        no-mayusculas        more-margin                    \">Atenci\u00f3n a la diversidad en Educaci\u00f3n Infantil (3-6 a\u00f1os)    <\/h2>\n\n\n\n\n<p>En Jesuitak Durango, educamos a todo el alumnado de Educaci\u00f3n Infantil en base a una serie de principios y valores:<\/p>\n\n\n\n<ul class=\"wp-block-list\">\n<li>Trabajamos las competencias que son necesarias para el desarrollo aut\u00f3nomo, personal y social en el proceso educativo.<\/li>\n\n\n\n<li>Impulsamos <strong>habilidades y conocimientos<\/strong> para poder utilizarlos en distintos contextos y situaciones.<\/li>\n\n\n\n<li>Ofrecemos una respuesta individualizada para atender a las diferentes motivaciones, necesidades e intereses.<\/li>\n<\/ul>\n\n\n\n    <h3        class=\"block-texto\n        h3        no-centrado        no-mayusculas                            \">\u00bfC\u00f3mo llevamos a cabo la atenci\u00f3n a la diversidad en Educaci\u00f3n Infantil?    <\/h3>\n\n\n\n\n<ul class=\"wp-block-list\">\n<li>Respetamos el ritmo de cada ni\u00f1o, actualizando las metodolog\u00edas de adquisici\u00f3n de aprendizajes y habilidades.<\/li>\n\n\n\n<li>Utilizamos nuevas tecnolog\u00edas para potenciar <strong>y reforzar las capacidades individuales<\/strong>. A partir de 3 a\u00f1os utilizamos ordenadores en las aulas.<\/li>\n\n\n\n<li>Reforzamos la atenci\u00f3n en las aulas.<\/li>\n\n\n\n<li><strong>Realizamos un seguimiento personalizado<\/strong> a todo el alumnado.<\/li>\n\n\n\n<li>Observamos y aplicamos las escalas de desarrollo para la <strong>detecci\u00f3n de posibles necesidades educativas especiales<\/strong>.<\/li>\n\n\n\n<li>Disponemos de un Aula de Apoyo en la que el alumnado con necesidades educativas especiales trabaja con el profesorado terap\u00e9utico con adaptaciones curriculares.<\/li>\n<\/ul>\n\n                    <\/div>\n\n                <\/div>\n            \n            <div class=\"right\">\n\n                \n            <\/div>\n\n            \n        <\/div>\n    <\/div>\n\n\n    \n    \n<\/section>\n\n\n\n    \n<div class=\"espaciador\" style=\"margin: 120px 0;\">\n<div class=\"block-about__content\">\n\t\t\t\t\t<\/div>\n<\/div>\n\n\n                <\/div>\n\n            <\/div>\n\n        <\/div>\n    <\/div>\n<\/section>\n\n<section class=\"section-cta swing swing--up change-order\" style=\"background-color: #d8e3e7; color: #132c33; \">\n    <div class=\"cta-container\">\n\n        <div class=\"left-column\">\n                            <h3>Matriculaci\u00f3n Educaci\u00f3n Infantil 0-6<\/h3>\n            \n                            <h4>Solicita ahora una visita personalizada.<\/h4>\n            \n                            <p>En Jesuitak Durango creemos en una educaci\u00f3n individualizada, formando a personas \u00fanicas. Conoce el centro, las instalaciones y a los profesores.<\/p>\n            \n                            <a href=\"https:\/\/www.durangojesuitak.org\/es\/matriculacion-abierta-educacion-infantil\/\" target=\"_blank\" class=\"button\">\n                    Recibir m\u00e1s informaci\u00f3n                <\/a>\n                    <\/div>\n        \n        <div class=\"right-column\">\n                            <img decoding=\"async\" src=\"https:\/\/www.durangojesuitak.org\/wp-content\/uploads\/2022\/11\/jesuitakfotos-71.jpg\" alt=\"\" \/>\n                    <\/div>\n\n    <\/div>\n<\/section>\n\n<section class=\"section-cta swing swing--up \" style=\"background-color: #d8e3e7; color: #132c33; \">\n    <div class=\"cta-container\">\n\n        <div class=\"left-column\">\n                            <h3>Folleto Educaci\u00f3n Infantil 0-6<\/h3>\n            \n                            <h4>Educar, crecer, vivir para el futuro.<\/h4>\n            \n                            <p>Hemos creado este folleto para ti y tu familia, para que conozcas un poquito m\u00e1s sobre Jesuitak Durango.<\/p>\n            \n                            <a href=\"https:\/\/www.durangojesuitak.org\/wp-content\/uploads\/2025\/06\/educacion_Infantil_Jesuitak_Durango.pdf\" target=\"_blank\" class=\"button\">\n                    Descargar                <\/a>\n                    <\/div>\n        \n        <div class=\"right-column\">\n                            <img decoding=\"async\" src=\"https:\/\/www.durangojesuitak.org\/wp-content\/uploads\/2025\/06\/portada-folleto.jpg\" alt=\"\" \/>\n                    <\/div>\n\n    <\/div>\n<\/section>","protected":false},"excerpt":{"rendered":"","protected":false},"author":1,"featured_media":0,"parent":2197,"menu_order":120,"comment_status":"closed","ping_status":"closed","template":"","meta":{"_acf_changed":false,"inline_featured_image":false,"footnotes":""},"class_list":["post-1328","page","type-page","status-publish","hentry"],"acf":[],"yoast_head":"<!-- This site is optimized with the Yoast SEO plugin v26.9 - https:\/\/yoast.com\/product\/yoast-seo-wordpress\/ -->\n<title>Atenci\u00f3n a la diversidad en Educaci\u00f3n Infantil<\/title>\n<meta name=\"description\" content=\"Atender a la diversidad supone ofrecer una respuesta adecuada a las diferentes motivaciones, necesidades e intereses de cada ni\u00f1o.\" \/>\n<meta name=\"robots\" content=\"index, follow, max-snippet:-1, max-image-preview:large, max-video-preview:-1\" \/>\n<link rel=\"canonical\" href=\"https:\/\/www.durangojesuitak.org\/es\/educacion-infantil-0-6\/atencion-diversidad\/\" \/>\n<meta property=\"og:locale\" content=\"es_ES\" \/>\n<meta property=\"og:type\" content=\"article\" \/>\n<meta property=\"og:title\" content=\"Atenci\u00f3n a la diversidad en Educaci\u00f3n Infantil\" \/>\n<meta property=\"og:description\" content=\"Atender a la diversidad supone ofrecer una respuesta adecuada a las diferentes motivaciones, necesidades e intereses de cada ni\u00f1o.\" \/>\n<meta property=\"og:url\" content=\"https:\/\/www.durangojesuitak.org\/es\/educacion-infantil-0-6\/atencion-diversidad\/\" \/>\n<meta property=\"og:site_name\" content=\"Durango Jesuitak\" \/>\n<meta property=\"article:modified_time\" content=\"2025-06-03T13:14:56+00:00\" \/>\n<meta property=\"og:image\" content=\"https:\/\/www.durangojesuitak.org\/wp-content\/uploads\/2022\/11\/contacto-jesuitak-durango-1024x833.jpg\" \/>\n<meta name=\"twitter:card\" content=\"summary_large_image\" \/>\n<meta name=\"twitter:label1\" content=\"Tiempo de lectura\" \/>\n\t<meta name=\"twitter:data1\" content=\"2 minutos\" \/>\n<script type=\"application\/ld+json\" class=\"yoast-schema-graph\">{\"@context\":\"https:\/\/schema.org\",\"@graph\":[{\"@type\":\"WebPage\",\"@id\":\"https:\/\/www.durangojesuitak.org\/es\/educacion-infantil-0-6\/atencion-diversidad\/\",\"url\":\"https:\/\/www.durangojesuitak.org\/es\/educacion-infantil-0-6\/atencion-diversidad\/\",\"name\":\"Atenci\u00f3n a la diversidad en Educaci\u00f3n Infantil\",\"isPartOf\":{\"@id\":\"https:\/\/www.durangojesuitak.org\/#website\"},\"primaryImageOfPage\":{\"@id\":\"https:\/\/www.durangojesuitak.org\/es\/educacion-infantil-0-6\/atencion-diversidad\/#primaryimage\"},\"image\":{\"@id\":\"https:\/\/www.durangojesuitak.org\/es\/educacion-infantil-0-6\/atencion-diversidad\/#primaryimage\"},\"thumbnailUrl\":\"https:\/\/www.durangojesuitak.org\/wp-content\/uploads\/2022\/11\/contacto-jesuitak-durango-1024x833.jpg\",\"datePublished\":\"2021-12-16T11:26:10+00:00\",\"dateModified\":\"2025-06-03T13:14:56+00:00\",\"description\":\"Atender a la diversidad supone ofrecer una respuesta adecuada a las diferentes motivaciones, necesidades e intereses de cada ni\u00f1o.\",\"breadcrumb\":{\"@id\":\"https:\/\/www.durangojesuitak.org\/es\/educacion-infantil-0-6\/atencion-diversidad\/#breadcrumb\"},\"inLanguage\":\"es\",\"potentialAction\":[{\"@type\":\"ReadAction\",\"target\":[\"https:\/\/www.durangojesuitak.org\/es\/educacion-infantil-0-6\/atencion-diversidad\/\"]}]},{\"@type\":\"ImageObject\",\"inLanguage\":\"es\",\"@id\":\"https:\/\/www.durangojesuitak.org\/es\/educacion-infantil-0-6\/atencion-diversidad\/#primaryimage\",\"url\":\"https:\/\/www.durangojesuitak.org\/wp-content\/uploads\/2022\/11\/contacto-jesuitak-durango-1024x833.jpg\",\"contentUrl\":\"https:\/\/www.durangojesuitak.org\/wp-content\/uploads\/2022\/11\/contacto-jesuitak-durango-1024x833.jpg\"},{\"@type\":\"BreadcrumbList\",\"@id\":\"https:\/\/www.durangojesuitak.org\/es\/educacion-infantil-0-6\/atencion-diversidad\/#breadcrumb\",\"itemListElement\":[{\"@type\":\"ListItem\",\"position\":1,\"name\":\"Home\",\"item\":\"https:\/\/www.durangojesuitak.org\/es\/\"},{\"@type\":\"ListItem\",\"position\":2,\"name\":\"Educaci\u00f3n infantil 0-6\",\"item\":\"https:\/\/www.durangojesuitak.org\/es\/educacion-infantil-0-6\/\"},{\"@type\":\"ListItem\",\"position\":3,\"name\":\"Educaci\u00f3n Infantil 0-6 Atenci\u00f3n a la diversidad\"}]},{\"@type\":\"WebSite\",\"@id\":\"https:\/\/www.durangojesuitak.org\/#website\",\"url\":\"https:\/\/www.durangojesuitak.org\/\",\"name\":\"Durango Jesuitak\",\"description\":\"\",\"publisher\":{\"@id\":\"https:\/\/www.durangojesuitak.org\/#organization\"},\"potentialAction\":[{\"@type\":\"SearchAction\",\"target\":{\"@type\":\"EntryPoint\",\"urlTemplate\":\"https:\/\/www.durangojesuitak.org\/?s={search_term_string}\"},\"query-input\":{\"@type\":\"PropertyValueSpecification\",\"valueRequired\":true,\"valueName\":\"search_term_string\"}}],\"inLanguage\":\"es\"},{\"@type\":\"Organization\",\"@id\":\"https:\/\/www.durangojesuitak.org\/#organization\",\"name\":\"Jesuitak Durango\",\"url\":\"https:\/\/www.durangojesuitak.org\/\",\"logo\":{\"@type\":\"ImageObject\",\"inLanguage\":\"es\",\"@id\":\"https:\/\/www.durangojesuitak.org\/#\/schema\/logo\/image\/\",\"url\":\"https:\/\/www.durangojesuitak.org\/wp-content\/uploads\/2022\/11\/cropped-Jesuitak-Durango-1.png\",\"contentUrl\":\"https:\/\/www.durangojesuitak.org\/wp-content\/uploads\/2022\/11\/cropped-Jesuitak-Durango-1.png\",\"width\":512,\"height\":512,\"caption\":\"Jesuitak Durango\"},\"image\":{\"@id\":\"https:\/\/www.durangojesuitak.org\/#\/schema\/logo\/image\/\"}}]}<\/script>\n<!-- \/ Yoast SEO plugin. -->","yoast_head_json":{"title":"Atenci\u00f3n a la diversidad en Educaci\u00f3n Infantil","description":"Atender a la diversidad supone ofrecer una respuesta adecuada a las diferentes motivaciones, necesidades e intereses de cada ni\u00f1o.","robots":{"index":"index","follow":"follow","max-snippet":"max-snippet:-1","max-image-preview":"max-image-preview:large","max-video-preview":"max-video-preview:-1"},"canonical":"https:\/\/www.durangojesuitak.org\/es\/educacion-infantil-0-6\/atencion-diversidad\/","og_locale":"es_ES","og_type":"article","og_title":"Atenci\u00f3n a la diversidad en Educaci\u00f3n Infantil","og_description":"Atender a la diversidad supone ofrecer una respuesta adecuada a las diferentes motivaciones, necesidades e intereses de cada ni\u00f1o.","og_url":"https:\/\/www.durangojesuitak.org\/es\/educacion-infantil-0-6\/atencion-diversidad\/","og_site_name":"Durango Jesuitak","article_modified_time":"2025-06-03T13:14:56+00:00","og_image":[{"url":"https:\/\/www.durangojesuitak.org\/wp-content\/uploads\/2022\/11\/contacto-jesuitak-durango-1024x833.jpg","type":"","width":"","height":""}],"twitter_card":"summary_large_image","twitter_misc":{"Tiempo de lectura":"2 minutos"},"schema":{"@context":"https:\/\/schema.org","@graph":[{"@type":"WebPage","@id":"https:\/\/www.durangojesuitak.org\/es\/educacion-infantil-0-6\/atencion-diversidad\/","url":"https:\/\/www.durangojesuitak.org\/es\/educacion-infantil-0-6\/atencion-diversidad\/","name":"Atenci\u00f3n a la diversidad en Educaci\u00f3n Infantil","isPartOf":{"@id":"https:\/\/www.durangojesuitak.org\/#website"},"primaryImageOfPage":{"@id":"https:\/\/www.durangojesuitak.org\/es\/educacion-infantil-0-6\/atencion-diversidad\/#primaryimage"},"image":{"@id":"https:\/\/www.durangojesuitak.org\/es\/educacion-infantil-0-6\/atencion-diversidad\/#primaryimage"},"thumbnailUrl":"https:\/\/www.durangojesuitak.org\/wp-content\/uploads\/2022\/11\/contacto-jesuitak-durango-1024x833.jpg","datePublished":"2021-12-16T11:26:10+00:00","dateModified":"2025-06-03T13:14:56+00:00","description":"Atender a la diversidad supone ofrecer una respuesta adecuada a las diferentes motivaciones, necesidades e intereses de cada ni\u00f1o.","breadcrumb":{"@id":"https:\/\/www.durangojesuitak.org\/es\/educacion-infantil-0-6\/atencion-diversidad\/#breadcrumb"},"inLanguage":"es","potentialAction":[{"@type":"ReadAction","target":["https:\/\/www.durangojesuitak.org\/es\/educacion-infantil-0-6\/atencion-diversidad\/"]}]},{"@type":"ImageObject","inLanguage":"es","@id":"https:\/\/www.durangojesuitak.org\/es\/educacion-infantil-0-6\/atencion-diversidad\/#primaryimage","url":"https:\/\/www.durangojesuitak.org\/wp-content\/uploads\/2022\/11\/contacto-jesuitak-durango-1024x833.jpg","contentUrl":"https:\/\/www.durangojesuitak.org\/wp-content\/uploads\/2022\/11\/contacto-jesuitak-durango-1024x833.jpg"},{"@type":"BreadcrumbList","@id":"https:\/\/www.durangojesuitak.org\/es\/educacion-infantil-0-6\/atencion-diversidad\/#breadcrumb","itemListElement":[{"@type":"ListItem","position":1,"name":"Home","item":"https:\/\/www.durangojesuitak.org\/es\/"},{"@type":"ListItem","position":2,"name":"Educaci\u00f3n infantil 0-6","item":"https:\/\/www.durangojesuitak.org\/es\/educacion-infantil-0-6\/"},{"@type":"ListItem","position":3,"name":"Educaci\u00f3n Infantil 0-6 Atenci\u00f3n a la diversidad"}]},{"@type":"WebSite","@id":"https:\/\/www.durangojesuitak.org\/#website","url":"https:\/\/www.durangojesuitak.org\/","name":"Durango Jesuitak","description":"","publisher":{"@id":"https:\/\/www.durangojesuitak.org\/#organization"},"potentialAction":[{"@type":"SearchAction","target":{"@type":"EntryPoint","urlTemplate":"https:\/\/www.durangojesuitak.org\/?s={search_term_string}"},"query-input":{"@type":"PropertyValueSpecification","valueRequired":true,"valueName":"search_term_string"}}],"inLanguage":"es"},{"@type":"Organization","@id":"https:\/\/www.durangojesuitak.org\/#organization","name":"Jesuitak Durango","url":"https:\/\/www.durangojesuitak.org\/","logo":{"@type":"ImageObject","inLanguage":"es","@id":"https:\/\/www.durangojesuitak.org\/#\/schema\/logo\/image\/","url":"https:\/\/www.durangojesuitak.org\/wp-content\/uploads\/2022\/11\/cropped-Jesuitak-Durango-1.png","contentUrl":"https:\/\/www.durangojesuitak.org\/wp-content\/uploads\/2022\/11\/cropped-Jesuitak-Durango-1.png","width":512,"height":512,"caption":"Jesuitak Durango"},"image":{"@id":"https:\/\/www.durangojesuitak.org\/#\/schema\/logo\/image\/"}}]}},"_links":{"self":[{"href":"https:\/\/www.durangojesuitak.org\/es\/wp-json\/wp\/v2\/pages\/1328","targetHints":{"allow":["GET"]}}],"collection":[{"href":"https:\/\/www.durangojesuitak.org\/es\/wp-json\/wp\/v2\/pages"}],"about":[{"href":"https:\/\/www.durangojesuitak.org\/es\/wp-json\/wp\/v2\/types\/page"}],"author":[{"embeddable":true,"href":"https:\/\/www.durangojesuitak.org\/es\/wp-json\/wp\/v2\/users\/1"}],"replies":[{"embeddable":true,"href":"https:\/\/www.durangojesuitak.org\/es\/wp-json\/wp\/v2\/comments?post=1328"}],"version-history":[{"count":7,"href":"https:\/\/www.durangojesuitak.org\/es\/wp-json\/wp\/v2\/pages\/1328\/revisions"}],"predecessor-version":[{"id":10994,"href":"https:\/\/www.durangojesuitak.org\/es\/wp-json\/wp\/v2\/pages\/1328\/revisions\/10994"}],"up":[{"embeddable":true,"href":"https:\/\/www.durangojesuitak.org\/es\/wp-json\/wp\/v2\/pages\/2197"}],"wp:attachment":[{"href":"https:\/\/www.durangojesuitak.org\/es\/wp-json\/wp\/v2\/media?parent=1328"}],"curies":[{"name":"wp","href":"https:\/\/api.w.org\/{rel}","templated":true}]}}