{"id":1360,"date":"2021-12-16T12:37:09","date_gmt":"2021-12-16T11:37:09","guid":{"rendered":"https:\/\/durangojesuitak.somoswoko.com\/?page_id=1360"},"modified":"2022-11-28T12:25:44","modified_gmt":"2022-11-28T11:25:44","slug":"atencion-diversidad","status":"publish","type":"page","link":"https:\/\/www.durangojesuitak.org\/es\/eso\/atencion-diversidad\/","title":{"rendered":"Atenci\u00f3n a la diversidad"},"content":{"rendered":"\n<section class=\"seccion seccion-contenedor\n        centrado            fondo interior            divisor\" \n    style=\"background-color: ; color: ;\">\n    <div class=\"contenedor  \">\n        <div class=\"margen swing swing--opacity\">\n\n                            <div class=\"left\">\n\n                    <div class=\"texto\">\n                        \n\n    <p class=\"block-texto swing swing--opacity hero-display centrado mayusculas  \">E.S.O.<\/p>\n\n\n                    <\/div>\n\n                <\/div>\n            \n            <div class=\"right\">\n\n                \n            <\/div>\n\n            \n        <\/div>\n    <\/div>\n\n\n            <div class=\"fondo\">\n            <img decoding=\"async\" src=\"https:\/\/www.durangojesuitak.org\/wp-content\/uploads\/2022\/11\/eso-jesuitak-durango-1024x429.jpg\" alt=\"Atenci\u00f3n a la diversidad\"\/>\n        <\/div>\n        \n    \n<\/section>\n\n<section class=\"seccion seccion-menu-lateral\">\n    <div class=\"contenedor\">\n        <div class=\"margen\">\n\n            <div class=\"paralelo\">\n\n                <div class=\"corto\">\n                    <div>\n\n                        \t\n                            <nav class=\"menu\">\n\n                                <span class=\"titulo\">E.S.O.<\/span>\n\n                                <ul id=\"menu-e-s-o\" class=\"menu\"><li id=\"menu-item-1472\" class=\"menu-item menu-item-type-post_type menu-item-object-page menu-item-1472\"><a href=\"https:\/\/www.durangojesuitak.org\/es\/eso\/proyecto-pedagogico\/\">Proyecto pedag\u00f3gico<\/a><\/li>\n<li id=\"menu-item-1476\" class=\"menu-item menu-item-type-post_type menu-item-object-page menu-item-1476\"><a href=\"https:\/\/www.durangojesuitak.org\/es\/eso\/horario-calendario-escolar\/\">Horario y calendario escolar<\/a><\/li>\n<li id=\"menu-item-1473\" class=\"menu-item menu-item-type-post_type menu-item-object-page menu-item-1473\"><a href=\"https:\/\/www.durangojesuitak.org\/es\/eso\/estilo-docente\/\">Estilo docente<\/a><\/li>\n<li id=\"menu-item-1474\" class=\"menu-item menu-item-type-post_type menu-item-object-page menu-item-1474\"><a href=\"https:\/\/www.durangojesuitak.org\/es\/eso\/profesorado\/\">Profesorado<\/a><\/li>\n<li id=\"menu-item-1475\" class=\"menu-item menu-item-type-post_type menu-item-object-page menu-item-1475\"><a href=\"https:\/\/www.durangojesuitak.org\/es\/eso\/atencion-diversidad\/\">Atenci\u00f3n a la diversidad<\/a><\/li>\n<li id=\"menu-item-3087\" class=\"menu-item menu-item-type-post_type menu-item-object-page menu-item-3087\"><a href=\"https:\/\/www.durangojesuitak.org\/es\/eso\/paraescolares\/\">Paraescolares<\/a><\/li>\n<li id=\"menu-item-1477\" class=\"menu-item menu-item-type-post_type menu-item-object-page menu-item-1477\"><a href=\"https:\/\/www.durangojesuitak.org\/es\/eso\/repositorio\/\">Repositorio<\/a><\/li>\n<\/ul>\n                                                                    <a href=\"https:\/\/www.durangojesuitak.org\/es\/contacto\/\" class=\"boton\">Contacto<\/a>\n                                \n                            <\/nav>\n\n                        \n                    <\/div>\n                <\/div>\n\n                <div class=\"largo\">\n\n                    \n\n    <h1        class=\"block-texto\n        h1        no-centrado        no-mayusculas                            \">Atenci\u00f3n a la diversidad en Educaci\u00f3n Secundaria    <\/h1>\n\n\n\n\n    <p class=\"block-texto swing swing--opacity entry no-centrado no-mayusculas  \">En San Jose Jesuitak Ikastetxea, educamos a todo el alumnado de Educaci\u00f3n Secundaria Obligatoria en base a una serie de principios y valores:<\/p>\n\n\n\n\n<ul class=\"wp-block-list\"><li>Trabajando las competencias de <strong>autonom\u00eda, desarrollo personal y desarrollo social<\/strong> en el proceso de ense\u00f1anza y aprendizaje.<\/li><li>Potenciando los conocimientos y habilidades para saber utilizarlos en las distintas situaciones y contextos que se les puedan presentar.<\/li><\/ul>\n\n\n\n\n    \n<div class=\"espaciador\" style=\"margin: 30px 0;\">\n<div class=\"block-about__content\">\n\t\t\t\t\t<\/div>\n<\/div>\n\n\n<p>Para dar respuesta a la diversidad tenemos en cuenta las necesidades, intereses, motivaciones y capacidades de todos los alumnos.<\/p>\n\n\n\n\n    \n<div class=\"espaciador\" style=\"margin: 40px 0;\">\n<div class=\"block-about__content\">\n\t\t\t\t\t<\/div>\n<\/div>\n\n\n<figure class=\"wp-block-image size-large\"><img loading=\"lazy\" decoding=\"async\" width=\"1024\" height=\"683\" src=\"https:\/\/www.durangojesuitak.org\/wp-content\/uploads\/2022\/11\/atencion-diversidad-ESO-jesuitak-durango-1024x683.jpg\" alt=\"\" class=\"wp-image-4337\" srcset=\"https:\/\/www.durangojesuitak.org\/wp-content\/uploads\/2022\/11\/atencion-diversidad-ESO-jesuitak-durango-1024x683.jpg 1024w, https:\/\/www.durangojesuitak.org\/wp-content\/uploads\/2022\/11\/atencion-diversidad-ESO-jesuitak-durango-300x200.jpg 300w, https:\/\/www.durangojesuitak.org\/wp-content\/uploads\/2022\/11\/atencion-diversidad-ESO-jesuitak-durango-768x512.jpg 768w, https:\/\/www.durangojesuitak.org\/wp-content\/uploads\/2022\/11\/atencion-diversidad-ESO-jesuitak-durango.jpg 1080w\" sizes=\"auto, (max-width: 1024px) 100vw, 1024px\" \/><\/figure>\n\n\n\n    <h2        class=\"block-texto\n        h2        no-centrado        no-mayusculas        more-margin                    \">\u00bfC\u00f3mo lo hacemos?    <\/h2>\n\n\n\n\n<ul class=\"wp-block-list\"><li><strong>Actualizando metodolog\u00edas<\/strong>, donde cada alumno o alumna desarrolla sus capacidades al ritmo y medida personal.<\/li><li><strong>Utilizando nuevas tecnolog\u00edas<\/strong>, para impulsar y fortalecer las capacidades de los alumnos.<\/li><li><strong>Con adaptaciones curriculares, <\/strong>en las disciplinas sin superar de cursos anteriores que nuestros alumnos puedan tener.<\/li><li><strong>Refuerzos educativos, <\/strong>para el alumnado con dificultades para seguir el ritmo de clase y\/o diagnosticadas. Con el fin de obtener los objetivos m\u00ednimos necesarios y poder seguir as\u00ed el itinerario con sus compa\u00f1eros.<\/li><li><strong>Aula de apoyo, <\/strong>para el alumnado con necesidades educativas especiales. Se adapta el curr\u00edculo junto con las responsables del aula de apoyo (pedagog\u00eda terap\u00e9utica).<\/li><li><strong>Programa PREE<\/strong>, (Programa refuerzo Educativo Espec\u00edfico) en el primer ciclo<\/li><li><strong>Programa de DIVERSIFICACI\u00d3N<\/strong> en el segundo ciclo.<\/li><li><strong>Voluntariado de bachiller,<\/strong> para el alumnado con necesidades concretas de h\u00e1bitos de estudio y capacidades enmarcado en el <strong>Proyecto de Voluntariado del Centro<\/strong>.<\/li><\/ul>\n\n\n\n                <\/div>\n\n            <\/div>\n\n        <\/div>\n    <\/div>\n<\/section>","protected":false},"excerpt":{"rendered":"","protected":false},"author":1,"featured_media":0,"parent":2042,"menu_order":120,"comment_status":"closed","ping_status":"closed","template":"","meta":{"_acf_changed":false,"inline_featured_image":false,"footnotes":""},"class_list":["post-1360","page","type-page","status-publish","hentry"],"acf":[],"yoast_head":"<!-- This site is optimized with the Yoast SEO plugin v26.9 - https:\/\/yoast.com\/product\/yoast-seo-wordpress\/ -->\n<title>Atenci\u00f3n a la diversidad en ESO | Jesuitak Durango<\/title>\n<meta name=\"description\" content=\"Atender a la diversidad supone ofrecer una respuesta adecuada a las diferentes motivaciones, necesidades e intereses de cada ni\u00f1o.\" \/>\n<meta name=\"robots\" content=\"index, follow, max-snippet:-1, max-image-preview:large, max-video-preview:-1\" \/>\n<link rel=\"canonical\" href=\"https:\/\/www.durangojesuitak.org\/es\/eso\/atencion-diversidad\/\" \/>\n<meta property=\"og:locale\" content=\"es_ES\" \/>\n<meta property=\"og:type\" content=\"article\" \/>\n<meta property=\"og:title\" content=\"Atenci\u00f3n a la diversidad en ESO | Jesuitak Durango\" \/>\n<meta property=\"og:description\" content=\"Atender a la diversidad supone ofrecer una respuesta adecuada a las diferentes motivaciones, necesidades e intereses de cada ni\u00f1o.\" \/>\n<meta property=\"og:url\" content=\"https:\/\/www.durangojesuitak.org\/es\/eso\/atencion-diversidad\/\" \/>\n<meta property=\"og:site_name\" content=\"Durango Jesuitak\" \/>\n<meta property=\"article:modified_time\" content=\"2022-11-28T11:25:44+00:00\" \/>\n<meta property=\"og:image\" content=\"https:\/\/www.durangojesuitak.org\/wp-content\/uploads\/2022\/11\/atencion-diversidad-ESO-jesuitak-durango-1024x683.jpg\" \/>\n<meta name=\"twitter:card\" content=\"summary_large_image\" \/>\n<meta name=\"twitter:label1\" content=\"Tiempo de lectura\" \/>\n\t<meta name=\"twitter:data1\" content=\"2 minutos\" \/>\n<script type=\"application\/ld+json\" class=\"yoast-schema-graph\">{\"@context\":\"https:\/\/schema.org\",\"@graph\":[{\"@type\":\"WebPage\",\"@id\":\"https:\/\/www.durangojesuitak.org\/es\/eso\/atencion-diversidad\/\",\"url\":\"https:\/\/www.durangojesuitak.org\/es\/eso\/atencion-diversidad\/\",\"name\":\"Atenci\u00f3n a la diversidad en ESO | Jesuitak Durango\",\"isPartOf\":{\"@id\":\"https:\/\/www.durangojesuitak.org\/#website\"},\"primaryImageOfPage\":{\"@id\":\"https:\/\/www.durangojesuitak.org\/es\/eso\/atencion-diversidad\/#primaryimage\"},\"image\":{\"@id\":\"https:\/\/www.durangojesuitak.org\/es\/eso\/atencion-diversidad\/#primaryimage\"},\"thumbnailUrl\":\"https:\/\/www.durangojesuitak.org\/wp-content\/uploads\/2022\/11\/atencion-diversidad-ESO-jesuitak-durango-1024x683.jpg\",\"datePublished\":\"2021-12-16T11:37:09+00:00\",\"dateModified\":\"2022-11-28T11:25:44+00:00\",\"description\":\"Atender a la diversidad supone ofrecer una respuesta adecuada a las diferentes motivaciones, necesidades e intereses de cada ni\u00f1o.\",\"breadcrumb\":{\"@id\":\"https:\/\/www.durangojesuitak.org\/es\/eso\/atencion-diversidad\/#breadcrumb\"},\"inLanguage\":\"es\",\"potentialAction\":[{\"@type\":\"ReadAction\",\"target\":[\"https:\/\/www.durangojesuitak.org\/es\/eso\/atencion-diversidad\/\"]}]},{\"@type\":\"ImageObject\",\"inLanguage\":\"es\",\"@id\":\"https:\/\/www.durangojesuitak.org\/es\/eso\/atencion-diversidad\/#primaryimage\",\"url\":\"https:\/\/www.durangojesuitak.org\/wp-content\/uploads\/2022\/11\/atencion-diversidad-ESO-jesuitak-durango-1024x683.jpg\",\"contentUrl\":\"https:\/\/www.durangojesuitak.org\/wp-content\/uploads\/2022\/11\/atencion-diversidad-ESO-jesuitak-durango-1024x683.jpg\"},{\"@type\":\"BreadcrumbList\",\"@id\":\"https:\/\/www.durangojesuitak.org\/es\/eso\/atencion-diversidad\/#breadcrumb\",\"itemListElement\":[{\"@type\":\"ListItem\",\"position\":1,\"name\":\"Home\",\"item\":\"https:\/\/www.durangojesuitak.org\/es\/\"},{\"@type\":\"ListItem\",\"position\":2,\"name\":\"ESO\",\"item\":\"https:\/\/www.durangojesuitak.org\/es\/eso\/\"},{\"@type\":\"ListItem\",\"position\":3,\"name\":\"Atenci\u00f3n a la diversidad\"}]},{\"@type\":\"WebSite\",\"@id\":\"https:\/\/www.durangojesuitak.org\/#website\",\"url\":\"https:\/\/www.durangojesuitak.org\/\",\"name\":\"Durango Jesuitak\",\"description\":\"\",\"publisher\":{\"@id\":\"https:\/\/www.durangojesuitak.org\/#organization\"},\"potentialAction\":[{\"@type\":\"SearchAction\",\"target\":{\"@type\":\"EntryPoint\",\"urlTemplate\":\"https:\/\/www.durangojesuitak.org\/?s={search_term_string}\"},\"query-input\":{\"@type\":\"PropertyValueSpecification\",\"valueRequired\":true,\"valueName\":\"search_term_string\"}}],\"inLanguage\":\"es\"},{\"@type\":\"Organization\",\"@id\":\"https:\/\/www.durangojesuitak.org\/#organization\",\"name\":\"Jesuitak Durango\",\"url\":\"https:\/\/www.durangojesuitak.org\/\",\"logo\":{\"@type\":\"ImageObject\",\"inLanguage\":\"es\",\"@id\":\"https:\/\/www.durangojesuitak.org\/#\/schema\/logo\/image\/\",\"url\":\"https:\/\/www.durangojesuitak.org\/wp-content\/uploads\/2022\/11\/cropped-Jesuitak-Durango-1.png\",\"contentUrl\":\"https:\/\/www.durangojesuitak.org\/wp-content\/uploads\/2022\/11\/cropped-Jesuitak-Durango-1.png\",\"width\":512,\"height\":512,\"caption\":\"Jesuitak Durango\"},\"image\":{\"@id\":\"https:\/\/www.durangojesuitak.org\/#\/schema\/logo\/image\/\"}}]}<\/script>\n<!-- \/ Yoast SEO plugin. -->","yoast_head_json":{"title":"Atenci\u00f3n a la diversidad en ESO | Jesuitak Durango","description":"Atender a la diversidad supone ofrecer una respuesta adecuada a las diferentes motivaciones, necesidades e intereses de cada ni\u00f1o.","robots":{"index":"index","follow":"follow","max-snippet":"max-snippet:-1","max-image-preview":"max-image-preview:large","max-video-preview":"max-video-preview:-1"},"canonical":"https:\/\/www.durangojesuitak.org\/es\/eso\/atencion-diversidad\/","og_locale":"es_ES","og_type":"article","og_title":"Atenci\u00f3n a la diversidad en ESO | Jesuitak Durango","og_description":"Atender a la diversidad supone ofrecer una respuesta adecuada a las diferentes motivaciones, necesidades e intereses de cada ni\u00f1o.","og_url":"https:\/\/www.durangojesuitak.org\/es\/eso\/atencion-diversidad\/","og_site_name":"Durango Jesuitak","article_modified_time":"2022-11-28T11:25:44+00:00","og_image":[{"url":"https:\/\/www.durangojesuitak.org\/wp-content\/uploads\/2022\/11\/atencion-diversidad-ESO-jesuitak-durango-1024x683.jpg","type":"","width":"","height":""}],"twitter_card":"summary_large_image","twitter_misc":{"Tiempo de lectura":"2 minutos"},"schema":{"@context":"https:\/\/schema.org","@graph":[{"@type":"WebPage","@id":"https:\/\/www.durangojesuitak.org\/es\/eso\/atencion-diversidad\/","url":"https:\/\/www.durangojesuitak.org\/es\/eso\/atencion-diversidad\/","name":"Atenci\u00f3n a la diversidad en ESO | Jesuitak Durango","isPartOf":{"@id":"https:\/\/www.durangojesuitak.org\/#website"},"primaryImageOfPage":{"@id":"https:\/\/www.durangojesuitak.org\/es\/eso\/atencion-diversidad\/#primaryimage"},"image":{"@id":"https:\/\/www.durangojesuitak.org\/es\/eso\/atencion-diversidad\/#primaryimage"},"thumbnailUrl":"https:\/\/www.durangojesuitak.org\/wp-content\/uploads\/2022\/11\/atencion-diversidad-ESO-jesuitak-durango-1024x683.jpg","datePublished":"2021-12-16T11:37:09+00:00","dateModified":"2022-11-28T11:25:44+00:00","description":"Atender a la diversidad supone ofrecer una respuesta adecuada a las diferentes motivaciones, necesidades e intereses de cada ni\u00f1o.","breadcrumb":{"@id":"https:\/\/www.durangojesuitak.org\/es\/eso\/atencion-diversidad\/#breadcrumb"},"inLanguage":"es","potentialAction":[{"@type":"ReadAction","target":["https:\/\/www.durangojesuitak.org\/es\/eso\/atencion-diversidad\/"]}]},{"@type":"ImageObject","inLanguage":"es","@id":"https:\/\/www.durangojesuitak.org\/es\/eso\/atencion-diversidad\/#primaryimage","url":"https:\/\/www.durangojesuitak.org\/wp-content\/uploads\/2022\/11\/atencion-diversidad-ESO-jesuitak-durango-1024x683.jpg","contentUrl":"https:\/\/www.durangojesuitak.org\/wp-content\/uploads\/2022\/11\/atencion-diversidad-ESO-jesuitak-durango-1024x683.jpg"},{"@type":"BreadcrumbList","@id":"https:\/\/www.durangojesuitak.org\/es\/eso\/atencion-diversidad\/#breadcrumb","itemListElement":[{"@type":"ListItem","position":1,"name":"Home","item":"https:\/\/www.durangojesuitak.org\/es\/"},{"@type":"ListItem","position":2,"name":"ESO","item":"https:\/\/www.durangojesuitak.org\/es\/eso\/"},{"@type":"ListItem","position":3,"name":"Atenci\u00f3n a la diversidad"}]},{"@type":"WebSite","@id":"https:\/\/www.durangojesuitak.org\/#website","url":"https:\/\/www.durangojesuitak.org\/","name":"Durango Jesuitak","description":"","publisher":{"@id":"https:\/\/www.durangojesuitak.org\/#organization"},"potentialAction":[{"@type":"SearchAction","target":{"@type":"EntryPoint","urlTemplate":"https:\/\/www.durangojesuitak.org\/?s={search_term_string}"},"query-input":{"@type":"PropertyValueSpecification","valueRequired":true,"valueName":"search_term_string"}}],"inLanguage":"es"},{"@type":"Organization","@id":"https:\/\/www.durangojesuitak.org\/#organization","name":"Jesuitak Durango","url":"https:\/\/www.durangojesuitak.org\/","logo":{"@type":"ImageObject","inLanguage":"es","@id":"https:\/\/www.durangojesuitak.org\/#\/schema\/logo\/image\/","url":"https:\/\/www.durangojesuitak.org\/wp-content\/uploads\/2022\/11\/cropped-Jesuitak-Durango-1.png","contentUrl":"https:\/\/www.durangojesuitak.org\/wp-content\/uploads\/2022\/11\/cropped-Jesuitak-Durango-1.png","width":512,"height":512,"caption":"Jesuitak Durango"},"image":{"@id":"https:\/\/www.durangojesuitak.org\/#\/schema\/logo\/image\/"}}]}},"_links":{"self":[{"href":"https:\/\/www.durangojesuitak.org\/es\/wp-json\/wp\/v2\/pages\/1360","targetHints":{"allow":["GET"]}}],"collection":[{"href":"https:\/\/www.durangojesuitak.org\/es\/wp-json\/wp\/v2\/pages"}],"about":[{"href":"https:\/\/www.durangojesuitak.org\/es\/wp-json\/wp\/v2\/types\/page"}],"author":[{"embeddable":true,"href":"https:\/\/www.durangojesuitak.org\/es\/wp-json\/wp\/v2\/users\/1"}],"replies":[{"embeddable":true,"href":"https:\/\/www.durangojesuitak.org\/es\/wp-json\/wp\/v2\/comments?post=1360"}],"version-history":[{"count":0,"href":"https:\/\/www.durangojesuitak.org\/es\/wp-json\/wp\/v2\/pages\/1360\/revisions"}],"up":[{"embeddable":true,"href":"https:\/\/www.durangojesuitak.org\/es\/wp-json\/wp\/v2\/pages\/2042"}],"wp:attachment":[{"href":"https:\/\/www.durangojesuitak.org\/es\/wp-json\/wp\/v2\/media?parent=1360"}],"curies":[{"name":"wp","href":"https:\/\/api.w.org\/{rel}","templated":true}]}}