{"id":1388,"date":"2021-12-16T12:46:16","date_gmt":"2021-12-16T11:46:16","guid":{"rendered":"https:\/\/durangojesuitak.somoswoko.com\/?page_id=1388"},"modified":"2025-02-26T12:14:19","modified_gmt":"2025-02-26T11:14:19","slug":"atencion-diversidad","status":"publish","type":"page","link":"https:\/\/www.durangojesuitak.org\/es\/bachillerato\/atencion-diversidad\/","title":{"rendered":"Atenci\u00f3n a la diversidad"},"content":{"rendered":"\n<section class=\"seccion seccion-contenedor\n        centrado            fondo interior            divisor\" \n    style=\"background-color: ; color: ;\">\n    <div class=\"contenedor  \">\n        <div class=\"margen swing swing--opacity\">\n\n                            <div class=\"left\">\n\n                    <div class=\"texto\">\n                        \n\n    <p class=\"block-texto swing swing--opacity hero-display centrado mayusculas  \">Bachillerato<\/p>\n\n\n                    <\/div>\n\n                <\/div>\n            \n            <div class=\"right\">\n\n                \n            <\/div>\n\n            \n        <\/div>\n    <\/div>\n\n\n            <div class=\"fondo\">\n            <img decoding=\"async\" src=\"https:\/\/www.durangojesuitak.org\/wp-content\/uploads\/2022\/11\/bachillerato-jesuitak-durango-1024x429.jpg\" alt=\"Atenci\u00f3n a la diversidad\"\/>\n        <\/div>\n        \n    \n<\/section>\n\n<section class=\"seccion seccion-menu-lateral\">\n    <div class=\"contenedor\">\n        <div class=\"margen\">\n\n            <div class=\"paralelo\">\n\n                <div class=\"corto\">\n                    <div>\n\n                        \t\n                            <nav class=\"menu\">\n\n                                <span class=\"titulo\">Bachillerato<\/span>\n\n                                <ul id=\"menu-bachillerato\" class=\"menu\"><li id=\"menu-item-1464\" class=\"menu-item menu-item-type-post_type menu-item-object-page menu-item-1464\"><a href=\"https:\/\/www.durangojesuitak.org\/es\/bachillerato\/proyecto-pedagogico\/\">Proyecto pedag\u00f3gico<\/a><\/li>\n<li id=\"menu-item-1463\" class=\"menu-item menu-item-type-post_type menu-item-object-page menu-item-1463\"><a href=\"https:\/\/www.durangojesuitak.org\/es\/bachillerato\/horario-calendario-escolar\/\">Horario y calendario escolar<\/a><\/li>\n<li id=\"menu-item-1462\" class=\"menu-item menu-item-type-post_type menu-item-object-page menu-item-1462\"><a href=\"https:\/\/www.durangojesuitak.org\/es\/bachillerato\/estilo-docente\/\">Estilo docente<\/a><\/li>\n<li id=\"menu-item-1461\" class=\"menu-item menu-item-type-post_type menu-item-object-page menu-item-1461\"><a href=\"https:\/\/www.durangojesuitak.org\/es\/bachillerato\/profesorado\/\">Profesorado<\/a><\/li>\n<li id=\"menu-item-1460\" class=\"menu-item menu-item-type-post_type menu-item-object-page menu-item-1460\"><a href=\"https:\/\/www.durangojesuitak.org\/es\/bachillerato\/atencion-diversidad\/\">Atenci\u00f3n a la diversidad<\/a><\/li>\n<li id=\"menu-item-3623\" class=\"menu-item menu-item-type-post_type menu-item-object-page menu-item-3623\"><a href=\"https:\/\/www.durangojesuitak.org\/es\/bachillerato\/paraescolares\/\">Paraescolares<\/a><\/li>\n<li id=\"menu-item-1458\" class=\"menu-item menu-item-type-post_type menu-item-object-page menu-item-1458\"><a href=\"https:\/\/www.durangojesuitak.org\/es\/bachillerato\/repositorio\/\">Repositorio<\/a><\/li>\n<\/ul>\n                                                                    <a href=\"https:\/\/www.durangojesuitak.org\/es\/contacto\/\" class=\"boton\">Contacto<\/a>\n                                \n                            <\/nav>\n\n                        \n                    <\/div>\n                <\/div>\n\n                <div class=\"largo\">\n\n                    \n\n<section class=\"seccion seccion-contenedor\n                                \" \n    style=\"background-color: ; color: ;\">\n    <div class=\"contenedor  \">\n        <div class=\"margen swing swing--opacity\">\n\n                            <div class=\"left\">\n\n                    <div class=\"texto\">\n                        \n\n    <h1        class=\"block-texto\n        h1        no-centrado        no-mayusculas                            \"> Atenci\u00f3n a la diversidad en Bachillerato    <\/h1>\n\n\n\n\n    <p class=\"block-texto swing swing--opacity entry no-centrado no-mayusculas  \">Un Bachillerato ajustado a las necesidades y deseos de cada alumno y alumna. El magis y el acompa\u00f1amiento personal, dos rasgos caracter\u00edsticos de la tradici\u00f3n jesu\u00edta, cobran todo su sentido en el Programa de atenci\u00f3n a la diversidad vigente en San Jose Jesuitak, desde Infantil hasta Bachillerato.<\/p>\n\n\n\n\n<p>En la etapa de Bachillerato, la respuesta a la diversidad se fundamenta tanto en necesidades concretas del alumnado como en sus intereses futuros por abordar unos determinados estudios superiores.<\/p>\n\n\n\n<p>El <strong>Bachillerato en Jesuitak Durango<\/strong> se adapta a la v\u00eda a seguir por cada alumno: ciclos formativos o grado universitario. Adem\u00e1s, dependiendo de las notas de corte requeridas, <strong>se refuerzan asignaturas concretas para contribuir a la consecuci\u00f3n de las metas de cada alumno<\/strong>.<\/p>\n\n                    <\/div>\n\n                <\/div>\n            \n            <div class=\"right\">\n\n                \n            <\/div>\n\n            \n        <\/div>\n    <\/div>\n\n\n    \n    \n<\/section>\n\n\n<section class=\"seccion seccion-contenedor\n            doble                    \" \n    style=\"background-color: ; color: ;\">\n    <div class=\"contenedor  \">\n        <div class=\"margen swing swing--opacity\">\n\n                            <div class=\"left\">\n\n                    <div class=\"texto\">\n                        \n\n<p>En el caso de <strong>alumnos y alumnas con especiales carencias o dificultades<\/strong> se establecen <strong>horas de refuerzo<\/strong> impartidas por tutores o profesores, adem\u00e1s de impulsar los grupos de ayuda entre alumnos y el <strong>aprendizaje colaborativo<\/strong> (Peer Teaching, ACCA).&nbsp;<br \/>La incorporaci\u00f3n de las nuevas tecnolog\u00edas abre una v\u00eda con grandes posibilidades para el trabajo personalizado y el seguimiento del alumno. En este sentido, las<a href=\"http:\/\/moodle.durangojesuitak.org\/\"> Plataformas Moodle,<\/a><a href=\"https:\/\/login.microsoftonline.com\/es\"> Microsoft 365<\/a> y Gmail son herramientas que permiten adecuar los recursos pedag\u00f3gicos a las necesidades de cada grupo de alumnos, tanto a nivel avanzado como para alcanzar los m\u00ednimos requeridos en la etapa.<\/p>\n\n                    <\/div>\n\n                <\/div>\n            \n            <div class=\"right\">\n\n                \n                    <div class=\"imagen\">\n                        <img decoding=\"async\" src=\"https:\/\/www.durangojesuitak.org\/wp-content\/uploads\/2022\/11\/atencion-diversidad-jesuitak-durango.jpg\" alt=\"Atenci\u00f3n a la diversidad\"\/>\n                    <\/div>\n\n                \n            <\/div>\n\n            \n        <\/div>\n    <\/div>\n\n\n    \n    \n<\/section>\n\n\n                <\/div>\n\n            <\/div>\n\n        <\/div>\n    <\/div>\n<\/section>\n\n<section class=\"section-cta swing swing--up change-order\" style=\"background-color: #d8e3e7; color: #132c33; \">\n    <div class=\"cta-container\">\n\n        <div class=\"left-column\">\n                            <h3>Matriculaci\u00f3n Bachillerato<\/h3>\n            \n                            <h4>Solicita ahora una visita personalizada.<\/h4>\n            \n                            <p>Apuesta por el futuro de tus hijos\/as, prep\u00e1rales para acceder a estudios superiores y a desarrollar las competencias humanas en todas sus dimensiones.<\/p>\n            \n                            <a href=\"https:\/\/www.durangojesuitak.org\/es\/matriculacion-abierta-bachillerato\/\" target=\"_blank\" class=\"button\">\n                    Recibir m\u00e1s informaci\u00f3n                <\/a>\n                    <\/div>\n        \n        <div class=\"right-column\">\n                            <img decoding=\"async\" src=\"https:\/\/www.durangojesuitak.org\/wp-content\/uploads\/2022\/11\/trabajo-coperativo-bachillerato-jesuitak-durango.jpg\" alt=\"\" \/>\n                    <\/div>\n\n    <\/div>\n<\/section>\n\n<section class=\"section-cta swing swing--up \" style=\"background-color: #d8e3e7; color: #132c33; \">\n    <div class=\"cta-container\">\n\n        <div class=\"left-column\">\n                            <h3>FOLLETO BACHILLERATO<\/h3>\n            \n                            <h4>Las personas del futuro.<\/h4>\n            \n                            <p>Creadores\/as, emprendedores\/as, comprometidos\/as.<\/p>\n            \n                            <a href=\"https:\/\/www.durangojesuitak.org\/wp-content\/uploads\/2025\/02\/folleto-bachillerato-26-02-2025-web.pdf\" target=\"_blank\" class=\"button\">\n                    Descargar                <\/a>\n                    <\/div>\n        \n        <div class=\"right-column\">\n                            <img decoding=\"async\" src=\"https:\/\/www.durangojesuitak.org\/wp-content\/uploads\/2022\/11\/folleto-bachillerato.jpg\" alt=\"\" \/>\n                    <\/div>\n\n    <\/div>\n<\/section>","protected":false},"excerpt":{"rendered":"","protected":false},"author":1,"featured_media":0,"parent":2051,"menu_order":120,"comment_status":"closed","ping_status":"closed","template":"","meta":{"_acf_changed":false,"inline_featured_image":false,"footnotes":""},"class_list":["post-1388","page","type-page","status-publish","hentry"],"acf":[],"yoast_head":"<!-- This site is optimized with the Yoast SEO plugin v26.9 - https:\/\/yoast.com\/product\/yoast-seo-wordpress\/ -->\n<title>Atenci\u00f3n a la diversidad en Bachillerato | Jesuitak Durango<\/title>\n<meta name=\"description\" content=\"Atender a la diversidad supone ofrecer una respuesta adecuada a las diferentes motivaciones, necesidades e intereses de cada ni\u00f1o.\" \/>\n<meta name=\"robots\" content=\"index, follow, max-snippet:-1, max-image-preview:large, max-video-preview:-1\" \/>\n<link rel=\"canonical\" href=\"https:\/\/www.durangojesuitak.org\/es\/bachillerato\/atencion-diversidad\/\" \/>\n<meta property=\"og:locale\" content=\"es_ES\" \/>\n<meta property=\"og:type\" content=\"article\" \/>\n<meta property=\"og:title\" content=\"Atenci\u00f3n a la diversidad en Bachillerato | Jesuitak Durango\" \/>\n<meta property=\"og:description\" content=\"Atender a la diversidad supone ofrecer una respuesta adecuada a las diferentes motivaciones, necesidades e intereses de cada ni\u00f1o.\" \/>\n<meta property=\"og:url\" content=\"https:\/\/www.durangojesuitak.org\/es\/bachillerato\/atencion-diversidad\/\" \/>\n<meta property=\"og:site_name\" content=\"Durango Jesuitak\" \/>\n<meta property=\"article:modified_time\" content=\"2025-02-26T11:14:19+00:00\" \/>\n<meta name=\"twitter:card\" content=\"summary_large_image\" \/>\n<meta name=\"twitter:label1\" content=\"Tiempo de lectura\" \/>\n\t<meta name=\"twitter:data1\" content=\"1 minuto\" \/>\n<script type=\"application\/ld+json\" class=\"yoast-schema-graph\">{\"@context\":\"https:\/\/schema.org\",\"@graph\":[{\"@type\":\"WebPage\",\"@id\":\"https:\/\/www.durangojesuitak.org\/es\/bachillerato\/atencion-diversidad\/\",\"url\":\"https:\/\/www.durangojesuitak.org\/es\/bachillerato\/atencion-diversidad\/\",\"name\":\"Atenci\u00f3n a la diversidad en Bachillerato | Jesuitak Durango\",\"isPartOf\":{\"@id\":\"https:\/\/www.durangojesuitak.org\/#website\"},\"datePublished\":\"2021-12-16T11:46:16+00:00\",\"dateModified\":\"2025-02-26T11:14:19+00:00\",\"description\":\"Atender a la diversidad supone ofrecer una respuesta adecuada a las diferentes motivaciones, necesidades e intereses de cada ni\u00f1o.\",\"breadcrumb\":{\"@id\":\"https:\/\/www.durangojesuitak.org\/es\/bachillerato\/atencion-diversidad\/#breadcrumb\"},\"inLanguage\":\"es\",\"potentialAction\":[{\"@type\":\"ReadAction\",\"target\":[\"https:\/\/www.durangojesuitak.org\/es\/bachillerato\/atencion-diversidad\/\"]}]},{\"@type\":\"BreadcrumbList\",\"@id\":\"https:\/\/www.durangojesuitak.org\/es\/bachillerato\/atencion-diversidad\/#breadcrumb\",\"itemListElement\":[{\"@type\":\"ListItem\",\"position\":1,\"name\":\"Home\",\"item\":\"https:\/\/www.durangojesuitak.org\/es\/\"},{\"@type\":\"ListItem\",\"position\":2,\"name\":\"Bachillerato\",\"item\":\"https:\/\/www.durangojesuitak.org\/batxilergoa\/\"},{\"@type\":\"ListItem\",\"position\":3,\"name\":\"Atenci\u00f3n a la diversidad\"}]},{\"@type\":\"WebSite\",\"@id\":\"https:\/\/www.durangojesuitak.org\/#website\",\"url\":\"https:\/\/www.durangojesuitak.org\/\",\"name\":\"Durango Jesuitak\",\"description\":\"\",\"publisher\":{\"@id\":\"https:\/\/www.durangojesuitak.org\/#organization\"},\"potentialAction\":[{\"@type\":\"SearchAction\",\"target\":{\"@type\":\"EntryPoint\",\"urlTemplate\":\"https:\/\/www.durangojesuitak.org\/?s={search_term_string}\"},\"query-input\":{\"@type\":\"PropertyValueSpecification\",\"valueRequired\":true,\"valueName\":\"search_term_string\"}}],\"inLanguage\":\"es\"},{\"@type\":\"Organization\",\"@id\":\"https:\/\/www.durangojesuitak.org\/#organization\",\"name\":\"Jesuitak Durango\",\"url\":\"https:\/\/www.durangojesuitak.org\/\",\"logo\":{\"@type\":\"ImageObject\",\"inLanguage\":\"es\",\"@id\":\"https:\/\/www.durangojesuitak.org\/#\/schema\/logo\/image\/\",\"url\":\"https:\/\/www.durangojesuitak.org\/wp-content\/uploads\/2022\/11\/cropped-Jesuitak-Durango-1.png\",\"contentUrl\":\"https:\/\/www.durangojesuitak.org\/wp-content\/uploads\/2022\/11\/cropped-Jesuitak-Durango-1.png\",\"width\":512,\"height\":512,\"caption\":\"Jesuitak Durango\"},\"image\":{\"@id\":\"https:\/\/www.durangojesuitak.org\/#\/schema\/logo\/image\/\"}}]}<\/script>\n<!-- \/ Yoast SEO plugin. -->","yoast_head_json":{"title":"Atenci\u00f3n a la diversidad en Bachillerato | Jesuitak Durango","description":"Atender a la diversidad supone ofrecer una respuesta adecuada a las diferentes motivaciones, necesidades e intereses de cada ni\u00f1o.","robots":{"index":"index","follow":"follow","max-snippet":"max-snippet:-1","max-image-preview":"max-image-preview:large","max-video-preview":"max-video-preview:-1"},"canonical":"https:\/\/www.durangojesuitak.org\/es\/bachillerato\/atencion-diversidad\/","og_locale":"es_ES","og_type":"article","og_title":"Atenci\u00f3n a la diversidad en Bachillerato | Jesuitak Durango","og_description":"Atender a la diversidad supone ofrecer una respuesta adecuada a las diferentes motivaciones, necesidades e intereses de cada ni\u00f1o.","og_url":"https:\/\/www.durangojesuitak.org\/es\/bachillerato\/atencion-diversidad\/","og_site_name":"Durango Jesuitak","article_modified_time":"2025-02-26T11:14:19+00:00","twitter_card":"summary_large_image","twitter_misc":{"Tiempo de lectura":"1 minuto"},"schema":{"@context":"https:\/\/schema.org","@graph":[{"@type":"WebPage","@id":"https:\/\/www.durangojesuitak.org\/es\/bachillerato\/atencion-diversidad\/","url":"https:\/\/www.durangojesuitak.org\/es\/bachillerato\/atencion-diversidad\/","name":"Atenci\u00f3n a la diversidad en Bachillerato | Jesuitak Durango","isPartOf":{"@id":"https:\/\/www.durangojesuitak.org\/#website"},"datePublished":"2021-12-16T11:46:16+00:00","dateModified":"2025-02-26T11:14:19+00:00","description":"Atender a la diversidad supone ofrecer una respuesta adecuada a las diferentes motivaciones, necesidades e intereses de cada ni\u00f1o.","breadcrumb":{"@id":"https:\/\/www.durangojesuitak.org\/es\/bachillerato\/atencion-diversidad\/#breadcrumb"},"inLanguage":"es","potentialAction":[{"@type":"ReadAction","target":["https:\/\/www.durangojesuitak.org\/es\/bachillerato\/atencion-diversidad\/"]}]},{"@type":"BreadcrumbList","@id":"https:\/\/www.durangojesuitak.org\/es\/bachillerato\/atencion-diversidad\/#breadcrumb","itemListElement":[{"@type":"ListItem","position":1,"name":"Home","item":"https:\/\/www.durangojesuitak.org\/es\/"},{"@type":"ListItem","position":2,"name":"Bachillerato","item":"https:\/\/www.durangojesuitak.org\/batxilergoa\/"},{"@type":"ListItem","position":3,"name":"Atenci\u00f3n a la diversidad"}]},{"@type":"WebSite","@id":"https:\/\/www.durangojesuitak.org\/#website","url":"https:\/\/www.durangojesuitak.org\/","name":"Durango Jesuitak","description":"","publisher":{"@id":"https:\/\/www.durangojesuitak.org\/#organization"},"potentialAction":[{"@type":"SearchAction","target":{"@type":"EntryPoint","urlTemplate":"https:\/\/www.durangojesuitak.org\/?s={search_term_string}"},"query-input":{"@type":"PropertyValueSpecification","valueRequired":true,"valueName":"search_term_string"}}],"inLanguage":"es"},{"@type":"Organization","@id":"https:\/\/www.durangojesuitak.org\/#organization","name":"Jesuitak Durango","url":"https:\/\/www.durangojesuitak.org\/","logo":{"@type":"ImageObject","inLanguage":"es","@id":"https:\/\/www.durangojesuitak.org\/#\/schema\/logo\/image\/","url":"https:\/\/www.durangojesuitak.org\/wp-content\/uploads\/2022\/11\/cropped-Jesuitak-Durango-1.png","contentUrl":"https:\/\/www.durangojesuitak.org\/wp-content\/uploads\/2022\/11\/cropped-Jesuitak-Durango-1.png","width":512,"height":512,"caption":"Jesuitak Durango"},"image":{"@id":"https:\/\/www.durangojesuitak.org\/#\/schema\/logo\/image\/"}}]}},"_links":{"self":[{"href":"https:\/\/www.durangojesuitak.org\/es\/wp-json\/wp\/v2\/pages\/1388","targetHints":{"allow":["GET"]}}],"collection":[{"href":"https:\/\/www.durangojesuitak.org\/es\/wp-json\/wp\/v2\/pages"}],"about":[{"href":"https:\/\/www.durangojesuitak.org\/es\/wp-json\/wp\/v2\/types\/page"}],"author":[{"embeddable":true,"href":"https:\/\/www.durangojesuitak.org\/es\/wp-json\/wp\/v2\/users\/1"}],"replies":[{"embeddable":true,"href":"https:\/\/www.durangojesuitak.org\/es\/wp-json\/wp\/v2\/comments?post=1388"}],"version-history":[{"count":1,"href":"https:\/\/www.durangojesuitak.org\/es\/wp-json\/wp\/v2\/pages\/1388\/revisions"}],"predecessor-version":[{"id":10941,"href":"https:\/\/www.durangojesuitak.org\/es\/wp-json\/wp\/v2\/pages\/1388\/revisions\/10941"}],"up":[{"embeddable":true,"href":"https:\/\/www.durangojesuitak.org\/es\/wp-json\/wp\/v2\/pages\/2051"}],"wp:attachment":[{"href":"https:\/\/www.durangojesuitak.org\/es\/wp-json\/wp\/v2\/media?parent=1388"}],"curies":[{"name":"wp","href":"https:\/\/api.w.org\/{rel}","templated":true}]}}