{"id":147,"date":"2021-06-29T12:19:14","date_gmt":"2021-06-29T10:19:14","guid":{"rendered":"https:\/\/wordpress.somoswoko.com\/?page_id=147"},"modified":"2023-11-21T15:10:03","modified_gmt":"2023-11-21T14:10:03","slug":"politica-cookies","status":"publish","type":"page","link":"https:\/\/www.durangojesuitak.org\/es\/politica-cookies\/","title":{"rendered":"Pol\u00edtica de Cookies"},"content":{"rendered":"\n<section class=\"seccion seccion-contenedor\n        centrado            fondo interior            divisor\" \n    style=\"background-color: ; color: ;\">\n    <div class=\"contenedor  \">\n        <div class=\"margen swing swing--opacity\">\n\n                            <div class=\"left\">\n\n                    <div class=\"texto\">\n                        \n\n    <h1        class=\"block-texto\n        h1        centrado        mayusculas                white-color            \">Pol\u00edtica de cookies    <\/h1>\n\n\n                    <\/div>\n\n                <\/div>\n            \n            <div class=\"right\">\n\n                \n            <\/div>\n\n            \n        <\/div>\n    <\/div>\n\n\n            <div class=\"fondo\">\n            <img decoding=\"async\" src=\"https:\/\/www.durangojesuitak.org\/wp-content\/uploads\/2022\/07\/learning-1024x681.jpg\" alt=\"Pol\u00edtica de Cookies\"\/>\n        <\/div>\n        \n    \n<\/section>\n\n\n<section class=\"seccion seccion-contenedor\n                                \" \n    style=\"background-color: ; color: ;\">\n    <div class=\"contenedor corto \">\n        <div class=\"margen swing swing--opacity\">\n\n                            <div class=\"left\">\n\n                    <div class=\"texto\">\n                        \n\n<p>Las Cookies son peque\u00f1os ficheros de datos que se alojan en el ordenador del Usuario, sin que puedan leer los datos del disco duro ni otras Cookies creadas por otros prestadores de servicios, y que se utilizan para almacenar y recuperar informaci\u00f3n acerca de las visitas realizadas por el Usuario para obtener una mayor eficacia y personalizaci\u00f3n de los servicios, as\u00ed como para facilitar su navegaci\u00f3n en cuanto al idioma utilizado, contrase\u00f1as, etc. y proporcionar otro tipo de informaci\u00f3n como direcciones IP, contenidos concretos que ha visitado, fecha y hora, tiempo que ha estado en ella, etc. El Usuario puede libremente decidir sobre la implantaci\u00f3n o no, en su disco duro, de las Cookies, configurando su navegador para aceptar o rechazar por defecto todas las Cookies, o para recibir un aviso mediante la pantalla de la recepci\u00f3n de cada Cookie y decidir en ese momento su implantaci\u00f3n o no en el disco duro. Tambi\u00e9n hay navegadores que permiten borrar las Cookies despu\u00e9s de efectuada la visita. Acceder a las p\u00e1ginas Web de SAN JOSE JESUITAK IKASTETXEA con la configuraci\u00f3n de su ordenador ajustada para permitir la aceptaci\u00f3n de Cookies, nos confirma que Usted quiere hacer uso de los servicios de SAN JOSE JESUITAK IKASTETXEA y que presta su consentimiento a nuestra utilizaci\u00f3n de las Cookies. La informaci\u00f3n que te proporcionamos a continuaci\u00f3n, te ayudar\u00e1 a comprender los diferentes tipos de cookies: &nbsp;<\/p>\n\n\n\n<figure class=\"wp-block-table is-style-stripes\"><table><tbody><tr><td><strong>TIPOS DE COOKIES<\/strong>&nbsp;&nbsp;<\/td><\/tr><tr><td><strong>SEG\u00daN LA ENTIDAD QUE LAS GESTIONE<\/strong><\/td><td>&nbsp; Cookies propias<\/td><td>Son aquellas que se recaban por el propio editor para prestar el servicio solicitado por el usuario.<\/td><\/tr><tr><td>Cookies de tercero<\/td><td>Son aquellas que son recabadas y gestionadas por un tercero, estas no se pueden considerar propias.<\/td><\/tr><tr><td><strong>SEG\u00daN EL PLAZO DE TIEMPO QUE PERMANEZCAN ACTIVADAS<\/strong><\/td><td>&nbsp; Cookies de sesi\u00f3n<\/td><td>Recaban datos mientras el usuario navega por la red con la finalidad de prestar el servicio solicitado.<\/td><\/tr><tr><td>Cookies persistentes<\/td><td>Se almacenan en el terminal y la informaci\u00f3n obtenida, ser\u00e1 utilizada por el responsable de la cookie con la finalidad de prestar el servicio solicitado.<\/td><\/tr><tr><td><strong>SEG\u00daN SU FINALIDAD<\/strong><\/td><td>&nbsp; Cookies t\u00e9cnicas<\/td><td>Son las necesarias para la correcta navegaci\u00f3n por la web.<\/td><\/tr><tr><td>Cookies de personalizaci\u00f3n<\/td><td>Permiten al usuario las caracter\u00edsticas (idioma) para la navegaci\u00f3n por la website<\/td><\/tr><tr><td>&nbsp;Cookies de an\u00e1lisis<\/td><td>Permiten al prestador el an\u00e1lisis vinculado a la navegaci\u00f3n realizada por el usuario, con la finalidad de llevar un seguimiento de uso de la p\u00e1gina web, as\u00ed como realizar estad\u00edsticas de los contenidos m\u00e1s visitados, n\u00famero de visitantes, etc.<\/td><\/tr><tr><td>&nbsp;Cookies publicitarias<\/td><td>Permiten al editor incluir en la web, espacios publicitarios, seg\u00fan el contenido de la propia web.<\/td><\/tr><tr><td>&nbsp;Cookies de publicidad comportamental<\/td><td>Permiten al editor incluir en la web, espacios publicitarios, seg\u00fan la informaci\u00f3n obtenida a trav\u00e9s de los h\u00e1bitos de navegaci\u00f3n del usuario.<\/td><\/tr><\/tbody><\/table><\/figure>\n\n\n\n<p>&nbsp; Seg\u00fan lo dispuesto en el art\u00edculo 22.2 de la Ley 34\/2002, de 11 de julio, de Servicios de la Sociedad de la Informaci\u00f3n y de Comercio Electr\u00f3nico (LSSI-CE), SAN JOSE JESUITAK IKASTETXEA informa de las cookies utilizadas en nuestra website: &nbsp;<\/p>\n\n\n\n<figure class=\"wp-block-table is-style-stripes\"><table><tbody><tr><td><\/td><td><\/td><td>Tipos de cookies<\/td><td><\/td><td><\/td><td><\/td><\/tr><tr><td><\/td><td><\/td><td>Cookies propias<\/td><td>Cookies de terceros<\/td><td>Cookies de sesi\u00f3n<\/td><td>Cookies persistentes<\/td><\/tr><tr><td>Finalidad<\/td><td>Cookies t\u00e9cnicas<\/td><td>X<\/td><td><\/td><td>X<\/td><td>X<\/td><\/tr><tr><td><\/td><td>Cookies de personalizaci\u00f3n<\/td><td>X<\/td><td><\/td><td><\/td><td><\/td><\/tr><tr><td><\/td><td>Cookies de an\u00e1lisis<\/td><td><\/td><td>X<\/td><td>X<\/td><td><\/td><\/tr><tr><td><\/td><td>Cookies publicitarias<\/td><td><\/td><td><\/td><td><\/td><td><\/td><\/tr><tr><td><\/td><td>Cookies de publicidad comportamental<\/td><td><\/td><td><\/td><td><\/td><td><\/td><\/tr><\/tbody><\/table><\/figure>\n\n\n\n<p>Puedes deshabilitar el uso de cookies cuando consideres oportuno a trav\u00e9s de las opciones de configuraci\u00f3n\/ajuste de tu navegador, de tal forma que puedes bloquear, restringir, deshabilitar o borrar la aceptaci\u00f3n de cookies. No obstante, te recordamos que, en el caso de que decidas cambiar la configuraci\u00f3n de las cookies, el servicio prestado a trav\u00e9s del website podr\u00eda verse afectado parcial o totalmente. Te informamos que tienes la posibilidad de configurar tu navegador de modo que se te informe de la recepci\u00f3n de cookies, pudiendo, si as\u00ed lo deseas, impedir que sean instaladas en tu disco duro. \u00a0\u00a0A continuaci\u00f3n te proporcionamos los enlaces de diversos navegadores, a trav\u00e9s de los cuales puedes realizar dicha configuraci\u00f3n: \u00a0\u00a0<\/p>\n\n\n\n<p><strong>Firefox desde aqu\u00ed:&nbsp;<\/strong><a href=\"http:\/\/support.mozilla.org\/es\/kb\/habilitar-y-deshabilitar-cookies-que-los-sitios-we\" target=\"_blank\" rel=\"noreferrer noopener\">http:\/\/support.mozilla.org\/es\/kb\/habilitar-y-deshabilitar-cookies-que-los-sitios-we<\/a>&nbsp;<\/p>\n\n\n\n<p><strong>Chrome desde aqu\u00ed:&nbsp;<\/strong><a href=\"http:\/\/support.google.com\/chrome\/bin\/answer.py?hl=es&amp;answer=95647\" target=\"_blank\" rel=\"noreferrer noopener\">http:\/\/support.google.com\/chrome\/bin\/answer.py?hl=es&amp;answer=95647<\/a>&nbsp;<\/p>\n\n\n\n<p><strong>Explorer desde aqu\u00ed:&nbsp;<\/strong><a href=\"http:\/\/windows.microsoft.com\/es-es\/internet-explorer\/delete-manage-cookies#ie=ie-10\" target=\"_blank\" rel=\"noreferrer noopener\">http:\/\/windows.microsoft.com\/es-es\/internet-explorer\/delete-manage-cookies#ie=ie-10<\/a>&nbsp;<\/p>\n\n\n\n<p><strong>Safari desde aqu\u00ed:&nbsp;<\/strong><a href=\"https:\/\/support.apple.com\/kb\/ph17191?locale=es_ES\" target=\"_blank\" rel=\"noreferrer noopener\">https:\/\/support.apple.com\/kb\/ph17191?locale=es_ES<\/a>&nbsp;<\/p>\n\n\n\n<p><strong>Opera desde aqu\u00ed:&nbsp;<\/strong><a href=\"http:\/\/help.opera.com\/Windows\/11.50\/es-ES\/cookies.html\" target=\"_blank\" rel=\"noreferrer noopener\">http:\/\/help.opera.com\/Windows\/11.50\/es-ES\/cookies.html<\/a><\/p>\n\n\n\n<p><strong>Utilizamos cookies de Google Analytics:Anal\u00edtica<\/strong>\u00a0De forma an\u00f3nima medimos el uso del sitio web para mejorar tu experiencia de usuario mediante la herramienta Google Analytics \u00a0\u00a0<strong>Google Analytics<\/strong>: Almacena cookies para poder elaborar estad\u00edsticas sobre el tr\u00e1fico y volumen de visitas de esta web. Al utilizar este sitio web est\u00e1s consintiendo el tratamiento de informaci\u00f3n acerca de ti por Google. Por tanto, el ejercicio de cualquier derecho en este sentido deber\u00e1s hacerlo comunicando directamente con Google. Las cookies de Google Analytics, se almacenan en servidores ubicados en Estados Unidos y se comprometen a no compartirla con terceros, excepto en los casos en los que sea necesario para el funcionamiento del sistema o cuando la ley obligue a tal efecto. Seg\u00fan Google no guarda tu direcci\u00f3n IP. Puedes consultar informaci\u00f3n detallada a este respecto a trav\u00e9s del siguiente enlace: https:\/\/support.google.com\/analytics\/answer\/6004245. \u00a0 Si lo deseas puedes utilizar el Complemento de inhabilitaci\u00f3n para navegadores de Google Analytics a trav\u00e9s de cuyas instrucciones pueden rechazarse las cookies anal\u00edticas de dicho servicio en todos los navegadores. Puedes consultar m\u00e1s informaci\u00f3n al respecto en el siguiente enlace:\u00a0<a href=\"https:\/\/tools.google.com\/dlpage\/gaoptout\">https:\/\/tools.google.com\/dlpage\/gaoptout<\/a><\/p>\n\n\n\n<p>Pol\u00edtica privacidad de Google: &nbsp;<a href=\"https:\/\/policies.google.com\/privacy?hl=es\" target=\"_blank\" rel=\"noreferrer noopener\">https:\/\/policies.google.com\/privacy?hl=es<\/a><\/p>\n\n\n\n<p>Tienes informaci\u00f3n adicional en:&nbsp;<a href=\"https:\/\/donostiajesuitak.org\/politica-de-privacidad\/\" target=\"_blank\" rel=\"noreferrer noopener\">https:\/\/donostiajesuitak.org\/politica-de-privacidad\/<\/a><\/p>\n\n                    <\/div>\n\n                <\/div>\n            \n            <div class=\"right\">\n\n                \n            <\/div>\n\n            \n        <\/div>\n    <\/div>\n\n\n    \n    \n<\/section>","protected":false},"excerpt":{"rendered":"","protected":false},"author":1,"featured_media":0,"parent":0,"menu_order":1000,"comment_status":"closed","ping_status":"closed","template":"","meta":{"_acf_changed":false,"inline_featured_image":false,"footnotes":""},"class_list":["post-147","page","type-page","status-publish","hentry"],"acf":[],"yoast_head":"<!-- This site is optimized with the Yoast SEO plugin v26.9 - https:\/\/yoast.com\/product\/yoast-seo-wordpress\/ -->\n<title>Pol\u00edtica de Cookies | Durango Jesuitak<\/title>\n<meta name=\"description\" content=\"Pol\u00edtica de Cookies.\" \/>\n<meta name=\"robots\" content=\"index, follow, max-snippet:-1, max-image-preview:large, max-video-preview:-1\" \/>\n<link rel=\"canonical\" href=\"https:\/\/www.durangojesuitak.org\/cookien-politika\/\" \/>\n<meta property=\"og:locale\" content=\"es_ES\" \/>\n<meta property=\"og:type\" content=\"article\" \/>\n<meta property=\"og:title\" content=\"Pol\u00edtica de Cookies | Durango Jesuitak\" \/>\n<meta property=\"og:description\" content=\"Pol\u00edtica de Cookies.\" \/>\n<meta property=\"og:url\" content=\"https:\/\/www.durangojesuitak.org\/cookien-politika\/\" \/>\n<meta property=\"og:site_name\" content=\"Durango Jesuitak\" \/>\n<meta property=\"article:modified_time\" content=\"2023-11-21T14:10:03+00:00\" \/>\n<meta name=\"twitter:card\" content=\"summary_large_image\" \/>\n<meta name=\"twitter:label1\" content=\"Tiempo de lectura\" \/>\n\t<meta name=\"twitter:data1\" content=\"4 minutos\" \/>\n<script type=\"application\/ld+json\" class=\"yoast-schema-graph\">{\"@context\":\"https:\/\/schema.org\",\"@graph\":[{\"@type\":\"WebPage\",\"@id\":\"https:\/\/www.durangojesuitak.org\/cookien-politika\/\",\"url\":\"https:\/\/www.durangojesuitak.org\/cookien-politika\/\",\"name\":\"Pol\u00edtica de Cookies | Durango Jesuitak\",\"isPartOf\":{\"@id\":\"https:\/\/www.durangojesuitak.org\/#website\"},\"datePublished\":\"2021-06-29T10:19:14+00:00\",\"dateModified\":\"2023-11-21T14:10:03+00:00\",\"description\":\"Pol\u00edtica de Cookies.\",\"breadcrumb\":{\"@id\":\"https:\/\/www.durangojesuitak.org\/cookien-politika\/#breadcrumb\"},\"inLanguage\":\"es\",\"potentialAction\":[{\"@type\":\"ReadAction\",\"target\":[\"https:\/\/www.durangojesuitak.org\/cookien-politika\/\"]}]},{\"@type\":\"BreadcrumbList\",\"@id\":\"https:\/\/www.durangojesuitak.org\/cookien-politika\/#breadcrumb\",\"itemListElement\":[{\"@type\":\"ListItem\",\"position\":1,\"name\":\"Home\",\"item\":\"https:\/\/www.durangojesuitak.org\/es\/\"},{\"@type\":\"ListItem\",\"position\":2,\"name\":\"Pol\u00edtica de Cookies\"}]},{\"@type\":\"WebSite\",\"@id\":\"https:\/\/www.durangojesuitak.org\/#website\",\"url\":\"https:\/\/www.durangojesuitak.org\/\",\"name\":\"Durango Jesuitak\",\"description\":\"\",\"publisher\":{\"@id\":\"https:\/\/www.durangojesuitak.org\/#organization\"},\"potentialAction\":[{\"@type\":\"SearchAction\",\"target\":{\"@type\":\"EntryPoint\",\"urlTemplate\":\"https:\/\/www.durangojesuitak.org\/?s={search_term_string}\"},\"query-input\":{\"@type\":\"PropertyValueSpecification\",\"valueRequired\":true,\"valueName\":\"search_term_string\"}}],\"inLanguage\":\"es\"},{\"@type\":\"Organization\",\"@id\":\"https:\/\/www.durangojesuitak.org\/#organization\",\"name\":\"Jesuitak Durango\",\"url\":\"https:\/\/www.durangojesuitak.org\/\",\"logo\":{\"@type\":\"ImageObject\",\"inLanguage\":\"es\",\"@id\":\"https:\/\/www.durangojesuitak.org\/#\/schema\/logo\/image\/\",\"url\":\"https:\/\/www.durangojesuitak.org\/wp-content\/uploads\/2022\/11\/cropped-Jesuitak-Durango-1.png\",\"contentUrl\":\"https:\/\/www.durangojesuitak.org\/wp-content\/uploads\/2022\/11\/cropped-Jesuitak-Durango-1.png\",\"width\":512,\"height\":512,\"caption\":\"Jesuitak Durango\"},\"image\":{\"@id\":\"https:\/\/www.durangojesuitak.org\/#\/schema\/logo\/image\/\"}}]}<\/script>\n<!-- \/ Yoast SEO plugin. -->","yoast_head_json":{"title":"Pol\u00edtica de Cookies | Durango Jesuitak","description":"Pol\u00edtica de Cookies.","robots":{"index":"index","follow":"follow","max-snippet":"max-snippet:-1","max-image-preview":"max-image-preview:large","max-video-preview":"max-video-preview:-1"},"canonical":"https:\/\/www.durangojesuitak.org\/cookien-politika\/","og_locale":"es_ES","og_type":"article","og_title":"Pol\u00edtica de Cookies | Durango Jesuitak","og_description":"Pol\u00edtica de Cookies.","og_url":"https:\/\/www.durangojesuitak.org\/cookien-politika\/","og_site_name":"Durango Jesuitak","article_modified_time":"2023-11-21T14:10:03+00:00","twitter_card":"summary_large_image","twitter_misc":{"Tiempo de lectura":"4 minutos"},"schema":{"@context":"https:\/\/schema.org","@graph":[{"@type":"WebPage","@id":"https:\/\/www.durangojesuitak.org\/cookien-politika\/","url":"https:\/\/www.durangojesuitak.org\/cookien-politika\/","name":"Pol\u00edtica de Cookies | Durango Jesuitak","isPartOf":{"@id":"https:\/\/www.durangojesuitak.org\/#website"},"datePublished":"2021-06-29T10:19:14+00:00","dateModified":"2023-11-21T14:10:03+00:00","description":"Pol\u00edtica de Cookies.","breadcrumb":{"@id":"https:\/\/www.durangojesuitak.org\/cookien-politika\/#breadcrumb"},"inLanguage":"es","potentialAction":[{"@type":"ReadAction","target":["https:\/\/www.durangojesuitak.org\/cookien-politika\/"]}]},{"@type":"BreadcrumbList","@id":"https:\/\/www.durangojesuitak.org\/cookien-politika\/#breadcrumb","itemListElement":[{"@type":"ListItem","position":1,"name":"Home","item":"https:\/\/www.durangojesuitak.org\/es\/"},{"@type":"ListItem","position":2,"name":"Pol\u00edtica de Cookies"}]},{"@type":"WebSite","@id":"https:\/\/www.durangojesuitak.org\/#website","url":"https:\/\/www.durangojesuitak.org\/","name":"Durango Jesuitak","description":"","publisher":{"@id":"https:\/\/www.durangojesuitak.org\/#organization"},"potentialAction":[{"@type":"SearchAction","target":{"@type":"EntryPoint","urlTemplate":"https:\/\/www.durangojesuitak.org\/?s={search_term_string}"},"query-input":{"@type":"PropertyValueSpecification","valueRequired":true,"valueName":"search_term_string"}}],"inLanguage":"es"},{"@type":"Organization","@id":"https:\/\/www.durangojesuitak.org\/#organization","name":"Jesuitak Durango","url":"https:\/\/www.durangojesuitak.org\/","logo":{"@type":"ImageObject","inLanguage":"es","@id":"https:\/\/www.durangojesuitak.org\/#\/schema\/logo\/image\/","url":"https:\/\/www.durangojesuitak.org\/wp-content\/uploads\/2022\/11\/cropped-Jesuitak-Durango-1.png","contentUrl":"https:\/\/www.durangojesuitak.org\/wp-content\/uploads\/2022\/11\/cropped-Jesuitak-Durango-1.png","width":512,"height":512,"caption":"Jesuitak Durango"},"image":{"@id":"https:\/\/www.durangojesuitak.org\/#\/schema\/logo\/image\/"}}]}},"_links":{"self":[{"href":"https:\/\/www.durangojesuitak.org\/es\/wp-json\/wp\/v2\/pages\/147","targetHints":{"allow":["GET"]}}],"collection":[{"href":"https:\/\/www.durangojesuitak.org\/es\/wp-json\/wp\/v2\/pages"}],"about":[{"href":"https:\/\/www.durangojesuitak.org\/es\/wp-json\/wp\/v2\/types\/page"}],"author":[{"embeddable":true,"href":"https:\/\/www.durangojesuitak.org\/es\/wp-json\/wp\/v2\/users\/1"}],"replies":[{"embeddable":true,"href":"https:\/\/www.durangojesuitak.org\/es\/wp-json\/wp\/v2\/comments?post=147"}],"version-history":[{"count":5,"href":"https:\/\/www.durangojesuitak.org\/es\/wp-json\/wp\/v2\/pages\/147\/revisions"}],"predecessor-version":[{"id":9899,"href":"https:\/\/www.durangojesuitak.org\/es\/wp-json\/wp\/v2\/pages\/147\/revisions\/9899"}],"wp:attachment":[{"href":"https:\/\/www.durangojesuitak.org\/es\/wp-json\/wp\/v2\/media?parent=147"}],"curies":[{"name":"wp","href":"https:\/\/api.w.org\/{rel}","templated":true}]}}