{"id":2732,"date":"2022-10-05T09:58:22","date_gmt":"2022-10-05T07:58:22","guid":{"rendered":"https:\/\/durangojesuitak.somoswoko.com\/?page_id=2732"},"modified":"2025-12-02T17:23:31","modified_gmt":"2025-12-02T16:23:31","slug":"comedor-y-cocina","status":"publish","type":"page","link":"https:\/\/www.durangojesuitak.org\/es\/servicios\/comedor-y-cocina\/","title":{"rendered":"Comedor y cocina"},"content":{"rendered":"\n<section class=\"seccion seccion-contenedor\n        centrado            fondo interior            divisor\" \n    style=\"background-color: ; color: #ffffff;\">\n    <div class=\"contenedor  \">\n        <div class=\"margen swing swing--opacity\">\n\n                            <div class=\"left\">\n\n                    <div class=\"texto\">\n                        \n\n    <p class=\"block-texto swing swing--opacity hero-display centrado mayusculas  \">Servicios<\/p>\n\n\n                    <\/div>\n\n                <\/div>\n            \n            <div class=\"right\">\n\n                \n            <\/div>\n\n            \n        <\/div>\n    <\/div>\n\n\n            <div class=\"fondo\">\n            <img decoding=\"async\" src=\"https:\/\/www.durangojesuitak.org\/wp-content\/uploads\/2022\/11\/comedor-jesuitak-durango-2-1024x429.jpg\" alt=\"Comedor y cocina\"\/>\n        <\/div>\n        \n    \n<\/section>\n\n<section class=\"seccion seccion-menu-lateral\">\n    <div class=\"contenedor\">\n        <div class=\"margen\">\n\n            <div class=\"paralelo\">\n\n                <div class=\"corto\">\n                    <div>\n\n                        \t\n                            <nav class=\"menu\">\n\n                                <span class=\"titulo\">Servicios<\/span>\n\n                                <ul id=\"menu-servicios\" class=\"menu\"><li id=\"menu-item-2775\" class=\"menu-item menu-item-type-post_type menu-item-object-page menu-item-2775\"><a href=\"https:\/\/www.durangojesuitak.org\/es\/servicios\/comedor-y-cocina\/\">Comedor y cocina<\/a><\/li>\n<li id=\"menu-item-874\" class=\"menu-item menu-item-type-post_type menu-item-object-page menu-item-874\"><a href=\"https:\/\/www.durangojesuitak.org\/es\/servicios\/biblioteca\/\">Biblioteca<\/a><\/li>\n<li id=\"menu-item-1117\" class=\"menu-item menu-item-type-post_type menu-item-object-page menu-item-1117\"><a href=\"https:\/\/www.durangojesuitak.org\/es\/servicios\/conciliacion\/\">Conciliaci\u00f3n<\/a><\/li>\n<li id=\"menu-item-8442\" class=\"menu-item menu-item-type-post_type menu-item-object-page menu-item-8442\"><a href=\"https:\/\/www.durangojesuitak.org\/es\/servicios\/jai-txokoa\/\">Txoko de celebraciones<\/a><\/li>\n<\/ul>\n                                                                    <a href=\"https:\/\/www.durangojesuitak.org\/es\/contacto\/\" class=\"boton\">Contacto<\/a>\n                                \n                            <\/nav>\n\n                        \n                    <\/div>\n                <\/div>\n\n                <div class=\"largo\">\n\n                    \n\n<section class=\"seccion seccion-contenedor\n                                \" \n    style=\"background-color: ; color: ;\">\n    <div class=\"contenedor  \">\n        <div class=\"margen swing swing--opacity\">\n\n                            <div class=\"left\">\n\n                    <div class=\"texto\">\n                        \n\n    <h1        class=\"block-texto\n        h1        no-centrado        no-mayusculas                            \">Comedor y cocina    <\/h1>\n\n\n\n\n    <p class=\"block-texto swing swing--opacity entry no-centrado no-mayusculas  \">La alimentaci\u00f3n de nuestro alumnado es otra de nuestras grandes preocupaciones, complementando el objetivo de inculcar el h\u00e1bito de una vida saludable.<\/p>\n\n\n\n\n<p><br \/>Por esta raz\u00f3n, los men\u00fas que elaboramos en Jesuitak Durago dan tanta importancia a <strong>los alimentos de temporada y de KM 0 y se elaboran diariamente<\/strong> en nuestras instalaciones por nuestro equipo de cocina.<br \/><br \/>A su vez, en el tiempo de descanso del mediod\u00eda ofrecemos una serie de actividades para disfrutar de la sobremesa y adquirir conocimientos sobre la importancia de una alimentaci\u00f3n saludable.<\/p>\n\n\n\n    <h2        class=\"block-texto\n        h2        no-centrado        no-mayusculas        more-margin                    \">Men\u00fa comedor    <\/h2>\n\n\n\n\n\n<a href=\"https:\/\/menuo.ausolan.com\/\" target=\"__blank\" class=\"link-descarga \">\n    CONSULTA EL MEN\u00da DE ESTE MES    <i class=\"fas fa-file-download\"><\/i>\n<\/a>\n\n\n\n    \n<div class=\"espaciador\" style=\"margin: 20px 0;\">\n<div class=\"block-about__content\">\n\t\t\t\t\t<\/div>\n<\/div>\n\n\n\n<a href=\"https:\/\/menuak.ausolan.com\/\" target=\"__blank\" class=\"link-descarga \">\n    Consulta los men\u00fas especiales    <i class=\"fas fa-file-download\"><\/i>\n<\/a>\n\n\n    <h3        class=\"block-texto\n        h3        no-centrado        no-mayusculas        more-margin                    \">Comedor escolar: precios y horarios    <\/h3>\n\n\n\n\n<figure class=\"wp-block-table is-style-stripes\"><table class=\"has-fixed-layout\"><tbody><tr><td><strong>Guarder\u00eda<\/strong><\/td><td><strong>USUARIO HABITUAL<\/strong><\/td><td><strong>UNA COMIDA<\/strong><\/td><\/tr><tr><td>Aula de 0 a\u00f1os<\/td><td>Men\u00fas personalizados en funci\u00f3n del n\u00famero de meses que tenga el ni\u00f1o (0,00 \u20ac)<\/td><td>0,00 \u20ac\/d\u00eda<\/td><\/tr><tr><td> Aula de 1 a\u00f1o<\/td><td>Tanto para el pur\u00e9 enriquecido, como para cuando empiecen a comer el men\u00fa principal, el importe ser\u00e1 de 55,00 \u20ac\/mes.<\/td><td>Tanto para el pur\u00e9 enriquecido, como para cuando empiecen a comer el men\u00fa principal, el importe ser\u00e1 de: 4,00 \u20ac\/d\u00eda<\/td><\/tr><tr><td> Aula de 2 a\u00f1os<\/td><td>Importe total desde septiembre a junio (incluido) (217 men\u00fas): 1010,00 \u20ac, que ser\u00e1 fraccionado en 10 cuotas iguales (de septiembre a junio) por un importe de 101 \u20ac\/mes.<\/td><td>7,75 \u20ac\/d\u00eda<\/td><\/tr><\/tbody><\/table><\/figure>\n\n\n<section class=\"seccion-galeria\">\n    <div class=\"contenedor\">\n        <div class=\"margen\">\n\n            <div class=\"texto\">\n                \n            <\/div>\n                   \n            <div class=\"galeria subseccion\">\n\n                                                            <figure class=\"galeria-item swing swing--opacity\">\n                            <a href=\"https:\/\/www.durangojesuitak.org\/wp-content\/uploads\/2022\/11\/comedor-jesuitak-durango-educacion-infantil-comiendo.jpg\" data-lightbox=\"seccion-galeria--4125\">\n                                <img decoding=\"async\" src=\"https:\/\/www.durangojesuitak.org\/wp-content\/uploads\/2022\/11\/comedor-jesuitak-durango-educacion-infantil-comiendo-905x1024.jpg\" alt=\"\"\/>\n                            <\/a>\n                        <\/figure>\n                                            <figure class=\"galeria-item swing swing--opacity\">\n                            <a href=\"https:\/\/www.durangojesuitak.org\/wp-content\/uploads\/2022\/11\/comedor-jesuitak-durango-educacion-infantil-profesora-ayudando.jpg\" data-lightbox=\"seccion-galeria--4127\">\n                                <img decoding=\"async\" src=\"https:\/\/www.durangojesuitak.org\/wp-content\/uploads\/2022\/11\/comedor-jesuitak-durango-educacion-infantil-profesora-ayudando.jpg\" alt=\"\"\/>\n                            <\/a>\n                        <\/figure>\n                                            <figure class=\"galeria-item swing swing--opacity\">\n                            <a href=\"https:\/\/www.durangojesuitak.org\/wp-content\/uploads\/2022\/11\/comedor-jesuitak-durango-educacion-infantil.jpg\" data-lightbox=\"seccion-galeria--4129\">\n                                <img decoding=\"async\" src=\"https:\/\/www.durangojesuitak.org\/wp-content\/uploads\/2022\/11\/comedor-jesuitak-durango-educacion-infantil.jpg\" alt=\"\"\/>\n                            <\/a>\n                        <\/figure>\n                                    \n            <\/div>\n\n        <\/div>\n    <\/div>\n<\/section>\n\n\n<figure class=\"wp-block-table is-style-stripes\"><table class=\"has-fixed-layout\"><tbody><tr><td><\/td><td><strong>USUARIO HABITUAL<\/strong><\/td><td><strong>UNA COMIDA<\/strong><\/td><\/tr><tr><td><strong>E. Infantil 2\u00ba Ciclo<\/strong><br \/><strong>E. Primaria<\/strong><br \/><strong>E.S.O.<\/strong><br \/><strong>Bachillerato<\/strong><\/td><td>Importe total curso (175 men\u00fas): 1010,00 \u20ac, que ser\u00e1 fraccionado en 10 cuotas iguales (de septiembre a junio) por un importe de 101 \u20ac\/mes.<\/td><td>7,75 \u20ac\/d\u00eda<\/td><\/tr><\/tbody><\/table><\/figure>\n\n\n\n    <h3        class=\"block-texto\n        h3        no-centrado        no-mayusculas        more-margin                    \">Turnos comedor    <\/h3>\n\n\n\n\n<figure class=\"wp-block-table is-style-stripes\"><table class=\"has-fixed-layout\"><tbody><tr><td><strong>Todos los comensales deber\u00e1n respetar el horario que les corresponde<\/strong><\/td><td><strong>GRUPOS<\/strong><\/td><td><strong>LUGAR<\/strong><\/td><\/tr><tr><td>Primer turno: 12:00<\/td><td>Alumnado de 1 y 2 a\u00f1os<\/td><td>En el suyo propio<\/td><\/tr><tr><td>Segundo turno: 12:30<\/td><td>Alumnado de 3, 4 y 5 a\u00f1os<\/td><td> En el suyo propio<\/td><\/tr><tr><td>Tercer turno 13:05<\/td><td>Alumnado de 1\u00ba y 2\u00ba de E. Primaria<\/td><td>En el comedor 2<\/td><\/tr><tr><td>Cuarto turno: 13:05<\/td><td>Alumnado de 3\u00ba, 4\u00ba, 5\u00ba y 6\u00ba E. Primaria<\/td><td>En el comedor 1<\/td><\/tr><tr><td>Quinto turno: Lunes, martes y jueves: a las 13:40<\/td><td>1\u00ba ESO 2\u00ba ESO<\/td><td>En el comedor 2<\/td><\/tr><tr><td>Sexto turno: Lunes, martes y jueves : a las 13:40 Mi\u00e9rcoles y viernes. a las 14:15<\/td><td>3\u00ba ESO 4\u00ba ESO<\/td><td>En el comedor 2<\/td><\/tr><tr><td>S\u00e9ptimo turno Al finalizar las clases<\/td><td>Bachillerato<\/td><td>En el comedor 2<\/td><\/tr><\/tbody><\/table><\/figure>\n\n\n<section class=\"seccion-galeria\">\n    <div class=\"contenedor\">\n        <div class=\"margen\">\n\n            <div class=\"texto\">\n                \n            <\/div>\n                   \n            <div class=\"galeria subseccion\">\n\n                                                            <figure class=\"galeria-item swing swing--opacity\">\n                            <a href=\"https:\/\/www.durangojesuitak.org\/wp-content\/uploads\/2022\/11\/cocineras-jesuitak-durango.jpg.jpg\" data-lightbox=\"seccion-galeria--4363\">\n                                <img decoding=\"async\" src=\"https:\/\/www.durangojesuitak.org\/wp-content\/uploads\/2022\/11\/cocineras-jesuitak-durango.jpg-1024x683.jpg\" alt=\"\"\/>\n                            <\/a>\n                        <\/figure>\n                                            <figure class=\"galeria-item swing swing--opacity\">\n                            <a href=\"https:\/\/www.durangojesuitak.org\/wp-content\/uploads\/2022\/11\/llegando-comedor-comedor-jesuitak-durango.jpg\" data-lightbox=\"seccion-galeria--4365\">\n                                <img decoding=\"async\" src=\"https:\/\/www.durangojesuitak.org\/wp-content\/uploads\/2022\/11\/llegando-comedor-comedor-jesuitak-durango-1024x683.jpg\" alt=\"\"\/>\n                            <\/a>\n                        <\/figure>\n                                            <figure class=\"galeria-item swing swing--opacity\">\n                            <a href=\"https:\/\/www.durangojesuitak.org\/wp-content\/uploads\/2022\/11\/alumno-cogiendo-comida-comedor-jesuitak-durango.jpg\" data-lightbox=\"seccion-galeria--4367\">\n                                <img decoding=\"async\" src=\"https:\/\/www.durangojesuitak.org\/wp-content\/uploads\/2022\/11\/alumno-cogiendo-comida-comedor-jesuitak-durango-1024x683.jpg\" alt=\"\"\/>\n                            <\/a>\n                        <\/figure>\n                                            <figure class=\"galeria-item swing swing--opacity\">\n                            <a href=\"https:\/\/www.durangojesuitak.org\/wp-content\/uploads\/2022\/11\/alumno-sonriente-comedor-jesuitak-durango.jpg\" data-lightbox=\"seccion-galeria--4369\">\n                                <img decoding=\"async\" src=\"https:\/\/www.durangojesuitak.org\/wp-content\/uploads\/2022\/11\/alumno-sonriente-comedor-jesuitak-durango-1024x683.jpg\" alt=\"\"\/>\n                            <\/a>\n                        <\/figure>\n                                            <figure class=\"galeria-item swing swing--opacity\">\n                            <a href=\"https:\/\/www.durangojesuitak.org\/wp-content\/uploads\/2022\/11\/alumno-divirtiendose-comedor-jesuitak-durango.jpg.jpg\" data-lightbox=\"seccion-galeria--4371\">\n                                <img decoding=\"async\" src=\"https:\/\/www.durangojesuitak.org\/wp-content\/uploads\/2022\/11\/alumno-divirtiendose-comedor-jesuitak-durango.jpg-1024x683.jpg\" alt=\"\"\/>\n                            <\/a>\n                        <\/figure>\n                                            <figure class=\"galeria-item swing swing--opacity\">\n                            <a href=\"https:\/\/www.durangojesuitak.org\/wp-content\/uploads\/2022\/11\/alumno-disfrutando-comida-comedor-jesuitak-durango.jpg\" data-lightbox=\"seccion-galeria--4373\">\n                                <img decoding=\"async\" src=\"https:\/\/www.durangojesuitak.org\/wp-content\/uploads\/2022\/11\/alumno-disfrutando-comida-comedor-jesuitak-durango-1024x683.jpg\" alt=\"\"\/>\n                            <\/a>\n                        <\/figure>\n                                    \n            <\/div>\n\n        <\/div>\n    <\/div>\n<\/section>\n\n\n<ul class=\"wp-block-list\">\n<li>Cuando el alumno\/a por causas justificadas no acuda al comedor, se le descontar\u00e1 , a partir del tercer d\u00eda de ausencia, de la cuota mensual 1,65 euros \/ d\u00eda (materia prima no consumida)<\/li>\n\n\n\n<li>El comedor estar\u00e1 abierto:\n<ul class=\"wp-block-list\">\n<li>Primer Ciclo E. Infantil. Guarder\u00eda: a partir del d\u00eda 1.<\/li>\n\n\n\n<li>Para el resto del alumnado: a partir del 8 de septiembre.<\/li>\n\n\n\n<li>El alumnado de Educaci\u00f3n Infantil 2\u00ba Ciclo (3, 4 y 5 a\u00f1os) que vaya a utilizar el servicio de comedor, ser\u00e1 recogido por su familia en el colegio, antes de las 14:30, hasta que comiencen las clases en horario de ma\u00f1ana y tarde. Los mi\u00e9rcoles, el horario de recogida del comedor ser\u00e1 hasta las 15:00.<\/li>\n\n\n\n<li>Todo el alumnado que vaya a utilizar el servicio de comedor (tambi\u00e9n el que haya estado durante este \u00faltimo curso), <strong>deber\u00e1 darse de alta en el servicio a trav\u00e9s de la plataforma Alexia (en la secci\u00f3n actividades extraescolares), antes del d\u00eda 7 de septiembre.<\/strong><\/li>\n<\/ul>\n<\/li>\n<\/ul>\n\n\n\n    <h4        class=\"block-texto\n        h4        no-centrado        no-mayusculas        more-margin                    \">Gesti\u00f3n de dietas especiales    <\/h4>\n\n\n\n\n<p>Cada vez es mayor el n\u00famero de ni\u00f1os y ni\u00f1as a los que se les ha diagnosticado una intolerancia\/alergia que les exige seguir una dieta especial.&nbsp;<\/p>\n\n\n\n<p>En la gesti\u00f3n de dietas especiales la responsabilidad es compartida entre familia, San Jos\u00e9 Jesuitak y Ausolan.<\/p>\n\n\n\n<p>Somos conscientes de la importancia del tema y estamos totalmente sensibilizados e involucrados y es por todo ello por lo que hemos creado <strong>nuestro propio manual,<\/strong> con el fin de reducir al m\u00ednimo los riesgos.&nbsp;<\/p>\n\n                    <\/div>\n\n                <\/div>\n            \n            <div class=\"right\">\n\n                \n            <\/div>\n\n            \n        <\/div>\n    <\/div>\n\n\n    \n    \n<\/section>\n\n\n                <\/div>\n\n            <\/div>\n\n        <\/div>\n    <\/div>\n<\/section>","protected":false},"excerpt":{"rendered":"<p>La alimentaci\u00f3n de nuestro alumnado es otra de nuestras grandes preocupaciones, complementando el objetivo de inculcar el h\u00e1bito de una vida saludable.<\/p>\n","protected":false},"author":1,"featured_media":5060,"parent":2223,"menu_order":0,"comment_status":"closed","ping_status":"closed","template":"","meta":{"_acf_changed":false,"inline_featured_image":false,"footnotes":""},"class_list":["post-2732","page","type-page","status-publish","has-post-thumbnail","hentry"],"acf":[],"yoast_head":"<!-- This site is optimized with the Yoast SEO plugin v26.9 - https:\/\/yoast.com\/product\/yoast-seo-wordpress\/ -->\n<title>Comedor del Colegio | Jesuitak Durango<\/title>\n<meta name=\"description\" content=\"Precios y horarios de comedor: Descubre tambi\u00e9n la carta de cada mes.\" \/>\n<meta name=\"robots\" content=\"index, follow, max-snippet:-1, max-image-preview:large, max-video-preview:-1\" \/>\n<link rel=\"canonical\" href=\"https:\/\/www.durangojesuitak.org\/es\/servicios\/comedor-y-cocina\/\" \/>\n<meta property=\"og:locale\" content=\"es_ES\" \/>\n<meta property=\"og:type\" content=\"article\" \/>\n<meta property=\"og:title\" content=\"Comedor del Colegio | Jesuitak Durango\" \/>\n<meta property=\"og:description\" content=\"Precios y horarios de comedor: Descubre tambi\u00e9n la carta de cada mes.\" \/>\n<meta property=\"og:url\" content=\"https:\/\/www.durangojesuitak.org\/es\/servicios\/comedor-y-cocina\/\" \/>\n<meta property=\"og:site_name\" content=\"Durango Jesuitak\" \/>\n<meta property=\"article:modified_time\" content=\"2025-12-02T16:23:31+00:00\" \/>\n<meta property=\"og:image\" content=\"https:\/\/www.durangojesuitak.org\/wp-content\/uploads\/2022\/11\/comedor.jpg\" \/>\n\t<meta property=\"og:image:width\" content=\"638\" \/>\n\t<meta property=\"og:image:height\" content=\"425\" \/>\n\t<meta property=\"og:image:type\" content=\"image\/jpeg\" \/>\n<meta name=\"twitter:card\" content=\"summary_large_image\" \/>\n<meta name=\"twitter:label1\" content=\"Tiempo de lectura\" \/>\n\t<meta name=\"twitter:data1\" content=\"4 minutos\" \/>\n<script type=\"application\/ld+json\" class=\"yoast-schema-graph\">{\"@context\":\"https:\/\/schema.org\",\"@graph\":[{\"@type\":\"WebPage\",\"@id\":\"https:\/\/www.durangojesuitak.org\/es\/servicios\/comedor-y-cocina\/\",\"url\":\"https:\/\/www.durangojesuitak.org\/es\/servicios\/comedor-y-cocina\/\",\"name\":\"Comedor del Colegio | Jesuitak Durango\",\"isPartOf\":{\"@id\":\"https:\/\/www.durangojesuitak.org\/#website\"},\"primaryImageOfPage\":{\"@id\":\"https:\/\/www.durangojesuitak.org\/es\/servicios\/comedor-y-cocina\/#primaryimage\"},\"image\":{\"@id\":\"https:\/\/www.durangojesuitak.org\/es\/servicios\/comedor-y-cocina\/#primaryimage\"},\"thumbnailUrl\":\"https:\/\/www.durangojesuitak.org\/wp-content\/uploads\/2022\/11\/comedor.jpg\",\"datePublished\":\"2022-10-05T07:58:22+00:00\",\"dateModified\":\"2025-12-02T16:23:31+00:00\",\"description\":\"Precios y horarios de comedor: Descubre tambi\u00e9n la carta de cada mes.\",\"breadcrumb\":{\"@id\":\"https:\/\/www.durangojesuitak.org\/es\/servicios\/comedor-y-cocina\/#breadcrumb\"},\"inLanguage\":\"es\",\"potentialAction\":[{\"@type\":\"ReadAction\",\"target\":[\"https:\/\/www.durangojesuitak.org\/es\/servicios\/comedor-y-cocina\/\"]}]},{\"@type\":\"ImageObject\",\"inLanguage\":\"es\",\"@id\":\"https:\/\/www.durangojesuitak.org\/es\/servicios\/comedor-y-cocina\/#primaryimage\",\"url\":\"https:\/\/www.durangojesuitak.org\/wp-content\/uploads\/2022\/11\/comedor.jpg\",\"contentUrl\":\"https:\/\/www.durangojesuitak.org\/wp-content\/uploads\/2022\/11\/comedor.jpg\",\"width\":638,\"height\":425},{\"@type\":\"BreadcrumbList\",\"@id\":\"https:\/\/www.durangojesuitak.org\/es\/servicios\/comedor-y-cocina\/#breadcrumb\",\"itemListElement\":[{\"@type\":\"ListItem\",\"position\":1,\"name\":\"Home\",\"item\":\"https:\/\/www.durangojesuitak.org\/es\/\"},{\"@type\":\"ListItem\",\"position\":2,\"name\":\"Servicios\",\"item\":\"https:\/\/www.durangojesuitak.org\/es\/servicios\/\"},{\"@type\":\"ListItem\",\"position\":3,\"name\":\"Comedor y cocina\"}]},{\"@type\":\"WebSite\",\"@id\":\"https:\/\/www.durangojesuitak.org\/#website\",\"url\":\"https:\/\/www.durangojesuitak.org\/\",\"name\":\"Durango Jesuitak\",\"description\":\"\",\"publisher\":{\"@id\":\"https:\/\/www.durangojesuitak.org\/#organization\"},\"potentialAction\":[{\"@type\":\"SearchAction\",\"target\":{\"@type\":\"EntryPoint\",\"urlTemplate\":\"https:\/\/www.durangojesuitak.org\/?s={search_term_string}\"},\"query-input\":{\"@type\":\"PropertyValueSpecification\",\"valueRequired\":true,\"valueName\":\"search_term_string\"}}],\"inLanguage\":\"es\"},{\"@type\":\"Organization\",\"@id\":\"https:\/\/www.durangojesuitak.org\/#organization\",\"name\":\"Jesuitak Durango\",\"url\":\"https:\/\/www.durangojesuitak.org\/\",\"logo\":{\"@type\":\"ImageObject\",\"inLanguage\":\"es\",\"@id\":\"https:\/\/www.durangojesuitak.org\/#\/schema\/logo\/image\/\",\"url\":\"https:\/\/www.durangojesuitak.org\/wp-content\/uploads\/2022\/11\/cropped-Jesuitak-Durango-1.png\",\"contentUrl\":\"https:\/\/www.durangojesuitak.org\/wp-content\/uploads\/2022\/11\/cropped-Jesuitak-Durango-1.png\",\"width\":512,\"height\":512,\"caption\":\"Jesuitak Durango\"},\"image\":{\"@id\":\"https:\/\/www.durangojesuitak.org\/#\/schema\/logo\/image\/\"}}]}<\/script>\n<!-- \/ Yoast SEO plugin. -->","yoast_head_json":{"title":"Comedor del Colegio | Jesuitak Durango","description":"Precios y horarios de comedor: Descubre tambi\u00e9n la carta de cada mes.","robots":{"index":"index","follow":"follow","max-snippet":"max-snippet:-1","max-image-preview":"max-image-preview:large","max-video-preview":"max-video-preview:-1"},"canonical":"https:\/\/www.durangojesuitak.org\/es\/servicios\/comedor-y-cocina\/","og_locale":"es_ES","og_type":"article","og_title":"Comedor del Colegio | Jesuitak Durango","og_description":"Precios y horarios de comedor: Descubre tambi\u00e9n la carta de cada mes.","og_url":"https:\/\/www.durangojesuitak.org\/es\/servicios\/comedor-y-cocina\/","og_site_name":"Durango Jesuitak","article_modified_time":"2025-12-02T16:23:31+00:00","og_image":[{"width":638,"height":425,"url":"https:\/\/www.durangojesuitak.org\/wp-content\/uploads\/2022\/11\/comedor.jpg","type":"image\/jpeg"}],"twitter_card":"summary_large_image","twitter_misc":{"Tiempo de lectura":"4 minutos"},"schema":{"@context":"https:\/\/schema.org","@graph":[{"@type":"WebPage","@id":"https:\/\/www.durangojesuitak.org\/es\/servicios\/comedor-y-cocina\/","url":"https:\/\/www.durangojesuitak.org\/es\/servicios\/comedor-y-cocina\/","name":"Comedor del Colegio | Jesuitak Durango","isPartOf":{"@id":"https:\/\/www.durangojesuitak.org\/#website"},"primaryImageOfPage":{"@id":"https:\/\/www.durangojesuitak.org\/es\/servicios\/comedor-y-cocina\/#primaryimage"},"image":{"@id":"https:\/\/www.durangojesuitak.org\/es\/servicios\/comedor-y-cocina\/#primaryimage"},"thumbnailUrl":"https:\/\/www.durangojesuitak.org\/wp-content\/uploads\/2022\/11\/comedor.jpg","datePublished":"2022-10-05T07:58:22+00:00","dateModified":"2025-12-02T16:23:31+00:00","description":"Precios y horarios de comedor: Descubre tambi\u00e9n la carta de cada mes.","breadcrumb":{"@id":"https:\/\/www.durangojesuitak.org\/es\/servicios\/comedor-y-cocina\/#breadcrumb"},"inLanguage":"es","potentialAction":[{"@type":"ReadAction","target":["https:\/\/www.durangojesuitak.org\/es\/servicios\/comedor-y-cocina\/"]}]},{"@type":"ImageObject","inLanguage":"es","@id":"https:\/\/www.durangojesuitak.org\/es\/servicios\/comedor-y-cocina\/#primaryimage","url":"https:\/\/www.durangojesuitak.org\/wp-content\/uploads\/2022\/11\/comedor.jpg","contentUrl":"https:\/\/www.durangojesuitak.org\/wp-content\/uploads\/2022\/11\/comedor.jpg","width":638,"height":425},{"@type":"BreadcrumbList","@id":"https:\/\/www.durangojesuitak.org\/es\/servicios\/comedor-y-cocina\/#breadcrumb","itemListElement":[{"@type":"ListItem","position":1,"name":"Home","item":"https:\/\/www.durangojesuitak.org\/es\/"},{"@type":"ListItem","position":2,"name":"Servicios","item":"https:\/\/www.durangojesuitak.org\/es\/servicios\/"},{"@type":"ListItem","position":3,"name":"Comedor y cocina"}]},{"@type":"WebSite","@id":"https:\/\/www.durangojesuitak.org\/#website","url":"https:\/\/www.durangojesuitak.org\/","name":"Durango Jesuitak","description":"","publisher":{"@id":"https:\/\/www.durangojesuitak.org\/#organization"},"potentialAction":[{"@type":"SearchAction","target":{"@type":"EntryPoint","urlTemplate":"https:\/\/www.durangojesuitak.org\/?s={search_term_string}"},"query-input":{"@type":"PropertyValueSpecification","valueRequired":true,"valueName":"search_term_string"}}],"inLanguage":"es"},{"@type":"Organization","@id":"https:\/\/www.durangojesuitak.org\/#organization","name":"Jesuitak Durango","url":"https:\/\/www.durangojesuitak.org\/","logo":{"@type":"ImageObject","inLanguage":"es","@id":"https:\/\/www.durangojesuitak.org\/#\/schema\/logo\/image\/","url":"https:\/\/www.durangojesuitak.org\/wp-content\/uploads\/2022\/11\/cropped-Jesuitak-Durango-1.png","contentUrl":"https:\/\/www.durangojesuitak.org\/wp-content\/uploads\/2022\/11\/cropped-Jesuitak-Durango-1.png","width":512,"height":512,"caption":"Jesuitak Durango"},"image":{"@id":"https:\/\/www.durangojesuitak.org\/#\/schema\/logo\/image\/"}}]}},"_links":{"self":[{"href":"https:\/\/www.durangojesuitak.org\/es\/wp-json\/wp\/v2\/pages\/2732","targetHints":{"allow":["GET"]}}],"collection":[{"href":"https:\/\/www.durangojesuitak.org\/es\/wp-json\/wp\/v2\/pages"}],"about":[{"href":"https:\/\/www.durangojesuitak.org\/es\/wp-json\/wp\/v2\/types\/page"}],"author":[{"embeddable":true,"href":"https:\/\/www.durangojesuitak.org\/es\/wp-json\/wp\/v2\/users\/1"}],"replies":[{"embeddable":true,"href":"https:\/\/www.durangojesuitak.org\/es\/wp-json\/wp\/v2\/comments?post=2732"}],"version-history":[{"count":2,"href":"https:\/\/www.durangojesuitak.org\/es\/wp-json\/wp\/v2\/pages\/2732\/revisions"}],"predecessor-version":[{"id":11111,"href":"https:\/\/www.durangojesuitak.org\/es\/wp-json\/wp\/v2\/pages\/2732\/revisions\/11111"}],"up":[{"embeddable":true,"href":"https:\/\/www.durangojesuitak.org\/es\/wp-json\/wp\/v2\/pages\/2223"}],"wp:featuredmedia":[{"embeddable":true,"href":"https:\/\/www.durangojesuitak.org\/es\/wp-json\/wp\/v2\/media\/5060"}],"wp:attachment":[{"href":"https:\/\/www.durangojesuitak.org\/es\/wp-json\/wp\/v2\/media?parent=2732"}],"curies":[{"name":"wp","href":"https:\/\/api.w.org\/{rel}","templated":true}]}}