{"id":464,"date":"2021-09-07T12:58:23","date_gmt":"2021-09-07T10:58:23","guid":{"rendered":"https:\/\/durangojesuitak.somoswoko.com\/?page_id=464"},"modified":"2023-01-13T12:10:33","modified_gmt":"2023-01-13T11:10:33","slug":"apyma","status":"publish","type":"page","link":"https:\/\/www.durangojesuitak.org\/es\/apyma\/","title":{"rendered":"APYMA"},"content":{"rendered":"\n<section class=\"seccion seccion-contenedor\n        centrado            fondo interior            divisor\" \n    style=\"background-color: ; color: ;\">\n    <div class=\"contenedor  \">\n        <div class=\"margen swing swing--opacity\">\n\n                            <div class=\"left\">\n\n                    <div class=\"texto\">\n                        \n\n    <p class=\"block-texto swing swing--opacity hero-display centrado mayusculas  \">APYMA<\/p>\n\n\n                    <\/div>\n\n                <\/div>\n            \n            <div class=\"right\">\n\n                \n            <\/div>\n\n            \n        <\/div>\n    <\/div>\n\n\n            <div class=\"fondo\">\n            <img decoding=\"async\" src=\"https:\/\/www.durangojesuitak.org\/wp-content\/uploads\/2022\/06\/arco-santa-ana-kZAD-U2136058139672FF-575x400@El-Correo-1-1024x400.png\" alt=\"APYMA\"\/>\n        <\/div>\n        \n    \n<\/section>\n\n<section class=\"seccion seccion-menu-lateral\">\n    <div class=\"contenedor\">\n        <div class=\"margen\">\n\n            <div class=\"paralelo\">\n\n                <div class=\"corto\">\n                    <div>\n\n                        \t\n                            <nav class=\"menu\">\n\n                                <span class=\"titulo\">Colegio<\/span>\n\n                                <ul id=\"menu-colegio\" class=\"menu\"><li id=\"menu-item-903\" class=\"menu-item menu-item-type-post_type menu-item-object-page menu-item-903\"><a href=\"https:\/\/www.durangojesuitak.org\/es\/por-que-jesuitak-durango\/\">Por qu\u00e9 Jesuitak Durango<\/a><\/li>\n<li id=\"menu-item-904\" class=\"menu-item menu-item-type-post_type menu-item-object-page menu-item-904\"><a href=\"https:\/\/www.durangojesuitak.org\/es\/secretaria\/\">Secretar\u00eda<\/a><\/li>\n<li id=\"menu-item-905\" class=\"menu-item menu-item-type-post_type menu-item-object-page menu-item-905\"><a href=\"https:\/\/www.durangojesuitak.org\/es\/instalaciones\/\">Instalaciones<\/a><\/li>\n<li id=\"menu-item-906\" class=\"menu-item menu-item-type-post_type menu-item-object-page menu-item-906\"><a href=\"https:\/\/www.durangojesuitak.org\/es\/jesuitak-durangon\/\">Jesuitak Durangon<\/a><\/li>\n<li id=\"menu-item-907\" class=\"menu-item menu-item-type-post_type menu-item-object-page menu-item-907\"><a href=\"https:\/\/www.durangojesuitak.org\/es\/valores\/\">Valores<\/a><\/li>\n<li id=\"menu-item-3197\" class=\"menu-item menu-item-type-post_type menu-item-object-page menu-item-3197\"><a href=\"https:\/\/www.durangojesuitak.org\/es\/pastoral\/\">Pastoral<\/a><\/li>\n<li id=\"menu-item-4007\" class=\"menu-item menu-item-type-post_type menu-item-object-page menu-item-4007\"><a href=\"https:\/\/www.durangojesuitak.org\/es\/apyma\/\">APYMA<\/a><\/li>\n<li id=\"menu-item-909\" class=\"menu-item menu-item-type-post_type menu-item-object-page menu-item-909\"><a href=\"https:\/\/www.durangojesuitak.org\/es\/nuestros-objetivos\/\">Nuestros objetivos<\/a><\/li>\n<\/ul>\n                                                                    <a href=\"https:\/\/www.durangojesuitak.org\/es\/contacto\/\" class=\"boton\">Contacto<\/a>\n                                \n                            <\/nav>\n\n                        \n                    <\/div>\n                <\/div>\n\n                <div class=\"largo\">\n\n                    \n\n    <h1        class=\"block-texto\n        h1        no-centrado        no-mayusculas                            \">Asociaci\u00f3n de padres y madres de San Jos\u00e9 Jesuitak Durango    <\/h1>\n\n\n\n\n    <p class=\"block-texto swing swing--opacity entry no-centrado no-mayusculas  \">La APYMA es la asociaci\u00f3n de padres y madres del alumnado de este colegio de la que todas las familias forman parte. Es una asociaci\u00f3n con personalidad jur\u00eddica propia y registrada con sus estatutos y \u00f3rgano de gobierno de acuerdo a la normativa vigente del Departamento de Educaci\u00f3n del Gobierno Vasco.<\/p>\n\n\n\n\n<p>La asociaci\u00f3n tiene como objetivo principal <strong>promover y dinamizar la participaci\u00f3n de las familias<\/strong> en el proyecto educativo del colegio para crear un buen ambiente y convivencia a trav\u00e9s de las siguientes actividades y acciones:<\/p>\n\n\n\n\n    \n<div class=\"espaciador\" style=\"margin: 100px 0;\">\n<div class=\"block-about__content\">\n\t\t\t\t\t<\/div>\n<\/div>\n\n\n<section class=\"seccion seccion-contenedor\n            doble                    \" \n    style=\"background-color: ; color: ;\">\n    <div class=\"contenedor  \">\n        <div class=\"margen swing swing--opacity\">\n\n                            <div class=\"left\">\n\n                    <div class=\"texto\">\n                        \n\n    <p class=\"block-texto swing swing--opacity h4 no-centrado no-mayusculas  \">Actividades formativas<\/p>\n\n\n\n\n<p>Organizaci\u00f3n y apoyo de actividades formativas para padres y madres<\/p>\n\n                    <\/div>\n\n                <\/div>\n            \n            <div class=\"right\">\n\n                \n                    <div class=\"imagen\">\n                        <img decoding=\"async\" src=\"https:\/\/www.durangojesuitak.org\/wp-content\/uploads\/2022\/11\/jesuitakfotos-38-1024x683.jpg\" alt=\"APYMA\"\/>\n                    <\/div>\n\n                \n            <\/div>\n\n            \n        <\/div>\n    <\/div>\n\n\n    \n    \n<\/section>\n\n\n<section class=\"seccion seccion-contenedor\n            doble    invertir                \" \n    style=\"background-color: ; color: ;\">\n    <div class=\"contenedor  \">\n        <div class=\"margen swing swing--opacity\">\n\n                            <div class=\"left\">\n\n                    <div class=\"texto\">\n                        \n\n    <p class=\"block-texto swing swing--opacity h4 no-centrado no-mayusculas  \">Colaboraci\u00f3n en proyectos<\/p>\n\n\n\n\n<p>Fondo de solidaridad.<\/p>\n\n\n\n<p>Apoyo y subvenci\u00f3n de actividades pastorales, deportivas,<br \/>l\u00fadico y deportivas.<\/p>\n\n                    <\/div>\n\n                <\/div>\n            \n            <div class=\"right\">\n\n                \n                    <div class=\"imagen\">\n                        <img decoding=\"async\" src=\"https:\/\/www.durangojesuitak.org\/wp-content\/uploads\/2022\/11\/Copia-de-1525965102403-768x1024.jpg\" alt=\"APYMA\"\/>\n                    <\/div>\n\n                \n            <\/div>\n\n            \n        <\/div>\n    <\/div>\n\n\n    \n    \n<\/section>\n\n\n<section class=\"seccion seccion-contenedor\n            doble                    \" \n    style=\"background-color: ; color: ;\">\n    <div class=\"contenedor  \">\n        <div class=\"margen swing swing--opacity\">\n\n                            <div class=\"left\">\n\n                    <div class=\"texto\">\n                        \n\n    <p class=\"block-texto swing swing--opacity h4 no-centrado no-mayusculas  \">Campa\u00f1as y Celebraciones<\/p>\n\n\n\n\n<p>Navidad \u2013 Fiestas\u2026<\/p>\n\n\n\n<p>Campa\u00f1as de solidaridad y \/o responsabilidad social.<\/p>\n\n                    <\/div>\n\n                <\/div>\n            \n            <div class=\"right\">\n\n                \n                    <div class=\"imagen\">\n                        <img decoding=\"async\" src=\"\" alt=\"APYMA\"\/>\n                    <\/div>\n\n                \n            <\/div>\n\n            \n        <\/div>\n    <\/div>\n\n\n    \n    \n<\/section>\n\n\n<section class=\"seccion seccion-contenedor\n            doble    invertir                \" \n    style=\"background-color: ; color: ;\">\n    <div class=\"contenedor  \">\n        <div class=\"margen swing swing--opacity\">\n\n                            <div class=\"left\">\n\n                    <div class=\"texto\">\n                        \n\n    <p class=\"block-texto swing swing--opacity h4 no-centrado no-mayusculas  \">Participaci\u00f3n<\/p>\n\n\n\n\n<p>En el Consejo Escolar y Consejo Municipal.<\/p>\n\n\n\n<p>En la interlocuci\u00f3n y canalizaci\u00f3n de las aportaciones de las familias en el colegio.<\/p>\n\n                    <\/div>\n\n                <\/div>\n            \n            <div class=\"right\">\n\n                \n                    <div class=\"imagen\">\n                        <img decoding=\"async\" src=\"https:\/\/www.durangojesuitak.org\/wp-content\/uploads\/2022\/11\/conciliacion-familiar-jesuitak-durango-2-1024x683.jpg\" alt=\"APYMA\"\/>\n                    <\/div>\n\n                \n            <\/div>\n\n            \n        <\/div>\n    <\/div>\n\n\n    \n    \n<\/section>\n\n\n<section class=\"seccion seccion-contenedor\n                                \" \n    style=\"background-color: ; color: ;\">\n    <div class=\"contenedor  \">\n        <div class=\"margen swing swing--opacity\">\n\n                            <div class=\"left\">\n\n                    <div class=\"texto\">\n                        \n\n    <h3        class=\"block-texto\n        h3        no-centrado        no-mayusculas                            \">Consejo de la asociaci\u00f3n    <\/h3>\n\n\n\n\n<figure class=\"wp-block-table is-style-stripes\"><table class=\"has-fixed-layout\"><tbody><tr><td>Presidente<\/td><td>Jonatan Azcondo<\/td><\/tr><tr><td>Vicepresidenta<\/td><td>Marta Quijano<\/td><\/tr><tr><td>Tesorera<\/td><td>Leire Legarreta<\/td><\/tr><tr><td>Secretar\u00eda<\/td><td>Ana Caballero<\/td><\/tr><\/tbody><\/table><\/figure>\n\n\n\n    <h3        class=\"block-texto\n        h3        no-centrado        no-mayusculas                            \">Convivencia    <\/h3>\n\n\n\n\n<figure class=\"wp-block-table is-style-stripes\"><table><tbody><tr><td>HH<\/td><td>Leire Legarreta\/Jonatan Azcondo<\/td><\/tr><tr><td>LH<\/td><td>Cristina Ortega\/Marta Quijano<\/td><\/tr><tr><td>DBH<\/td><td>Carmen Duran \/Ana Caballero<\/td><\/tr><tr><td>BATX<\/td><td>Leire Mendibe\/Maria Garcia<\/td><\/tr><tr><td>Responsable<\/td><td>Antonia \u00c1lvarez<\/td><\/tr><\/tbody><\/table><\/figure>\n\n                    <\/div>\n\n                <\/div>\n            \n            <div class=\"right\">\n\n                \n            <\/div>\n\n            \n        <\/div>\n    <\/div>\n\n\n    \n    \n<\/section>\n\n\n                <\/div>\n\n            <\/div>\n\n        <\/div>\n    <\/div>\n<\/section>\n\n<section class=\"section-cta swing swing--up \" style=\"background-color: #d8e3e7; color: #132c33; \">\n    <div class=\"cta-container\">\n\n        <div class=\"left-column\">\n                            <h3>Conoce nuestras instalaciones<\/h3>\n            \n                            <h4>Descubre nuestras instalaciones, otro motivo para elegirnos como tu colegio en Durango.<\/h4>\n            \n                            <p>Conoce las instalaciones: aulas, comedor, biblioteca, instalaciones deportivas, clase de psicomotricidad, laboratorio, sal\u00f3n de actos, etc. <\/p>\n            \n                            <a href=\"https:\/\/www.durangojesuitak.org\/es\/instalaciones\/\" target=\"_blank\" class=\"button\">\n                    Ver instalaciones                <\/a>\n                    <\/div>\n        \n        <div class=\"right-column\">\n                            <img decoding=\"async\" src=\"https:\/\/www.durangojesuitak.org\/wp-content\/uploads\/2022\/05\/VistaJesu2610201006-1.png\" alt=\"\" \/>\n                    <\/div>\n\n    <\/div>\n<\/section>","protected":false},"excerpt":{"rendered":"","protected":false},"author":1,"featured_media":0,"parent":0,"menu_order":70,"comment_status":"closed","ping_status":"closed","template":"","meta":{"_acf_changed":false,"inline_featured_image":false,"footnotes":""},"class_list":["post-464","page","type-page","status-publish","hentry"],"acf":[],"yoast_head":"<!-- This site is optimized with the Yoast SEO plugin v26.9 - https:\/\/yoast.com\/product\/yoast-seo-wordpress\/ -->\n<title>Asociaci\u00f3n de Padres de Alumnos | Jesuitak Durango<\/title>\n<meta name=\"description\" content=\"Asociaci\u00f3n de Padres de Familia del Colegio Jesuita San Jos\u00e9; Escuela concertada en Durango (Bizkaia).\" \/>\n<meta name=\"robots\" content=\"index, follow, max-snippet:-1, max-image-preview:large, max-video-preview:-1\" \/>\n<link rel=\"canonical\" href=\"https:\/\/www.durangojesuitak.org\/es\/apyma\/\" \/>\n<meta property=\"og:locale\" content=\"es_ES\" \/>\n<meta property=\"og:type\" content=\"article\" \/>\n<meta property=\"og:title\" content=\"Asociaci\u00f3n de Padres de Alumnos | Jesuitak Durango\" \/>\n<meta property=\"og:description\" content=\"Asociaci\u00f3n de Padres de Familia del Colegio Jesuita San Jos\u00e9; Escuela concertada en Durango (Bizkaia).\" \/>\n<meta property=\"og:url\" content=\"https:\/\/www.durangojesuitak.org\/es\/apyma\/\" \/>\n<meta property=\"og:site_name\" content=\"Durango Jesuitak\" \/>\n<meta property=\"article:modified_time\" content=\"2023-01-13T11:10:33+00:00\" \/>\n<meta name=\"twitter:card\" content=\"summary_large_image\" \/>\n<meta name=\"twitter:label1\" content=\"Tiempo de lectura\" \/>\n\t<meta name=\"twitter:data1\" content=\"1 minuto\" \/>\n<script type=\"application\/ld+json\" class=\"yoast-schema-graph\">{\"@context\":\"https:\/\/schema.org\",\"@graph\":[{\"@type\":\"WebPage\",\"@id\":\"https:\/\/www.durangojesuitak.org\/es\/apyma\/\",\"url\":\"https:\/\/www.durangojesuitak.org\/es\/apyma\/\",\"name\":\"Asociaci\u00f3n de Padres de Alumnos | Jesuitak Durango\",\"isPartOf\":{\"@id\":\"https:\/\/www.durangojesuitak.org\/#website\"},\"datePublished\":\"2021-09-07T10:58:23+00:00\",\"dateModified\":\"2023-01-13T11:10:33+00:00\",\"description\":\"Asociaci\u00f3n de Padres de Familia del Colegio Jesuita San Jos\u00e9; Escuela concertada en Durango (Bizkaia).\",\"breadcrumb\":{\"@id\":\"https:\/\/www.durangojesuitak.org\/es\/apyma\/#breadcrumb\"},\"inLanguage\":\"es\",\"potentialAction\":[{\"@type\":\"ReadAction\",\"target\":[\"https:\/\/www.durangojesuitak.org\/es\/apyma\/\"]}]},{\"@type\":\"BreadcrumbList\",\"@id\":\"https:\/\/www.durangojesuitak.org\/es\/apyma\/#breadcrumb\",\"itemListElement\":[{\"@type\":\"ListItem\",\"position\":1,\"name\":\"Home\",\"item\":\"https:\/\/www.durangojesuitak.org\/es\/\"},{\"@type\":\"ListItem\",\"position\":2,\"name\":\"APYMA\"}]},{\"@type\":\"WebSite\",\"@id\":\"https:\/\/www.durangojesuitak.org\/#website\",\"url\":\"https:\/\/www.durangojesuitak.org\/\",\"name\":\"Durango Jesuitak\",\"description\":\"\",\"publisher\":{\"@id\":\"https:\/\/www.durangojesuitak.org\/#organization\"},\"potentialAction\":[{\"@type\":\"SearchAction\",\"target\":{\"@type\":\"EntryPoint\",\"urlTemplate\":\"https:\/\/www.durangojesuitak.org\/?s={search_term_string}\"},\"query-input\":{\"@type\":\"PropertyValueSpecification\",\"valueRequired\":true,\"valueName\":\"search_term_string\"}}],\"inLanguage\":\"es\"},{\"@type\":\"Organization\",\"@id\":\"https:\/\/www.durangojesuitak.org\/#organization\",\"name\":\"Jesuitak Durango\",\"url\":\"https:\/\/www.durangojesuitak.org\/\",\"logo\":{\"@type\":\"ImageObject\",\"inLanguage\":\"es\",\"@id\":\"https:\/\/www.durangojesuitak.org\/#\/schema\/logo\/image\/\",\"url\":\"https:\/\/www.durangojesuitak.org\/wp-content\/uploads\/2022\/11\/cropped-Jesuitak-Durango-1.png\",\"contentUrl\":\"https:\/\/www.durangojesuitak.org\/wp-content\/uploads\/2022\/11\/cropped-Jesuitak-Durango-1.png\",\"width\":512,\"height\":512,\"caption\":\"Jesuitak Durango\"},\"image\":{\"@id\":\"https:\/\/www.durangojesuitak.org\/#\/schema\/logo\/image\/\"}}]}<\/script>\n<!-- \/ Yoast SEO plugin. -->","yoast_head_json":{"title":"Asociaci\u00f3n de Padres de Alumnos | Jesuitak Durango","description":"Asociaci\u00f3n de Padres de Familia del Colegio Jesuita San Jos\u00e9; Escuela concertada en Durango (Bizkaia).","robots":{"index":"index","follow":"follow","max-snippet":"max-snippet:-1","max-image-preview":"max-image-preview:large","max-video-preview":"max-video-preview:-1"},"canonical":"https:\/\/www.durangojesuitak.org\/es\/apyma\/","og_locale":"es_ES","og_type":"article","og_title":"Asociaci\u00f3n de Padres de Alumnos | Jesuitak Durango","og_description":"Asociaci\u00f3n de Padres de Familia del Colegio Jesuita San Jos\u00e9; Escuela concertada en Durango (Bizkaia).","og_url":"https:\/\/www.durangojesuitak.org\/es\/apyma\/","og_site_name":"Durango Jesuitak","article_modified_time":"2023-01-13T11:10:33+00:00","twitter_card":"summary_large_image","twitter_misc":{"Tiempo de lectura":"1 minuto"},"schema":{"@context":"https:\/\/schema.org","@graph":[{"@type":"WebPage","@id":"https:\/\/www.durangojesuitak.org\/es\/apyma\/","url":"https:\/\/www.durangojesuitak.org\/es\/apyma\/","name":"Asociaci\u00f3n de Padres de Alumnos | Jesuitak Durango","isPartOf":{"@id":"https:\/\/www.durangojesuitak.org\/#website"},"datePublished":"2021-09-07T10:58:23+00:00","dateModified":"2023-01-13T11:10:33+00:00","description":"Asociaci\u00f3n de Padres de Familia del Colegio Jesuita San Jos\u00e9; Escuela concertada en Durango (Bizkaia).","breadcrumb":{"@id":"https:\/\/www.durangojesuitak.org\/es\/apyma\/#breadcrumb"},"inLanguage":"es","potentialAction":[{"@type":"ReadAction","target":["https:\/\/www.durangojesuitak.org\/es\/apyma\/"]}]},{"@type":"BreadcrumbList","@id":"https:\/\/www.durangojesuitak.org\/es\/apyma\/#breadcrumb","itemListElement":[{"@type":"ListItem","position":1,"name":"Home","item":"https:\/\/www.durangojesuitak.org\/es\/"},{"@type":"ListItem","position":2,"name":"APYMA"}]},{"@type":"WebSite","@id":"https:\/\/www.durangojesuitak.org\/#website","url":"https:\/\/www.durangojesuitak.org\/","name":"Durango Jesuitak","description":"","publisher":{"@id":"https:\/\/www.durangojesuitak.org\/#organization"},"potentialAction":[{"@type":"SearchAction","target":{"@type":"EntryPoint","urlTemplate":"https:\/\/www.durangojesuitak.org\/?s={search_term_string}"},"query-input":{"@type":"PropertyValueSpecification","valueRequired":true,"valueName":"search_term_string"}}],"inLanguage":"es"},{"@type":"Organization","@id":"https:\/\/www.durangojesuitak.org\/#organization","name":"Jesuitak Durango","url":"https:\/\/www.durangojesuitak.org\/","logo":{"@type":"ImageObject","inLanguage":"es","@id":"https:\/\/www.durangojesuitak.org\/#\/schema\/logo\/image\/","url":"https:\/\/www.durangojesuitak.org\/wp-content\/uploads\/2022\/11\/cropped-Jesuitak-Durango-1.png","contentUrl":"https:\/\/www.durangojesuitak.org\/wp-content\/uploads\/2022\/11\/cropped-Jesuitak-Durango-1.png","width":512,"height":512,"caption":"Jesuitak Durango"},"image":{"@id":"https:\/\/www.durangojesuitak.org\/#\/schema\/logo\/image\/"}}]}},"_links":{"self":[{"href":"https:\/\/www.durangojesuitak.org\/es\/wp-json\/wp\/v2\/pages\/464","targetHints":{"allow":["GET"]}}],"collection":[{"href":"https:\/\/www.durangojesuitak.org\/es\/wp-json\/wp\/v2\/pages"}],"about":[{"href":"https:\/\/www.durangojesuitak.org\/es\/wp-json\/wp\/v2\/types\/page"}],"author":[{"embeddable":true,"href":"https:\/\/www.durangojesuitak.org\/es\/wp-json\/wp\/v2\/users\/1"}],"replies":[{"embeddable":true,"href":"https:\/\/www.durangojesuitak.org\/es\/wp-json\/wp\/v2\/comments?post=464"}],"version-history":[{"count":1,"href":"https:\/\/www.durangojesuitak.org\/es\/wp-json\/wp\/v2\/pages\/464\/revisions"}],"predecessor-version":[{"id":8065,"href":"https:\/\/www.durangojesuitak.org\/es\/wp-json\/wp\/v2\/pages\/464\/revisions\/8065"}],"wp:attachment":[{"href":"https:\/\/www.durangojesuitak.org\/es\/wp-json\/wp\/v2\/media?parent=464"}],"curies":[{"name":"wp","href":"https:\/\/api.w.org\/{rel}","templated":true}]}}