{"id":620,"date":"2021-10-04T11:42:08","date_gmt":"2021-10-04T09:42:08","guid":{"rendered":"https:\/\/durangojesuitak.somoswoko.com\/?page_id=620"},"modified":"2022-12-15T15:24:13","modified_gmt":"2022-12-15T14:24:13","slug":"valores","status":"publish","type":"page","link":"https:\/\/www.durangojesuitak.org\/es\/valores\/","title":{"rendered":"Valores"},"content":{"rendered":"\n<section class=\"seccion seccion-contenedor\n        centrado            fondo interior            divisor\" \n    style=\"background-color: ; color: ;\">\n    <div class=\"contenedor  \">\n        <div class=\"margen swing swing--opacity\">\n\n                            <div class=\"left\">\n\n                    <div class=\"texto\">\n                        \n\n    <p class=\"block-texto swing swing--opacity hero-display centrado mayusculas  \">Valores<\/p>\n\n\n                    <\/div>\n\n                <\/div>\n            \n            <div class=\"right\">\n\n                \n            <\/div>\n\n            \n        <\/div>\n    <\/div>\n\n\n            <div class=\"fondo\">\n            <img decoding=\"async\" src=\"https:\/\/www.durangojesuitak.org\/wp-content\/uploads\/2022\/11\/valores-pastoral-jesuitak-durango-1024x578.jpg\" alt=\"Valores\"\/>\n        <\/div>\n        \n    \n<\/section>\n\n<section class=\"seccion seccion-menu-lateral\">\n    <div class=\"contenedor\">\n        <div class=\"margen\">\n\n            <div class=\"paralelo\">\n\n                <div class=\"corto\">\n                    <div>\n\n                        \t\n                            <nav class=\"menu\">\n\n                                <span class=\"titulo\">Colegio<\/span>\n\n                                <ul id=\"menu-colegio\" class=\"menu\"><li id=\"menu-item-903\" class=\"menu-item menu-item-type-post_type menu-item-object-page menu-item-903\"><a href=\"https:\/\/www.durangojesuitak.org\/es\/por-que-jesuitak-durango\/\">Por qu\u00e9 Jesuitak Durango<\/a><\/li>\n<li id=\"menu-item-904\" class=\"menu-item menu-item-type-post_type menu-item-object-page menu-item-904\"><a href=\"https:\/\/www.durangojesuitak.org\/es\/secretaria\/\">Secretar\u00eda<\/a><\/li>\n<li id=\"menu-item-905\" class=\"menu-item menu-item-type-post_type menu-item-object-page menu-item-905\"><a href=\"https:\/\/www.durangojesuitak.org\/es\/instalaciones\/\">Instalaciones<\/a><\/li>\n<li id=\"menu-item-906\" class=\"menu-item menu-item-type-post_type menu-item-object-page menu-item-906\"><a href=\"https:\/\/www.durangojesuitak.org\/es\/jesuitak-durangon\/\">Jesuitak Durangon<\/a><\/li>\n<li id=\"menu-item-907\" class=\"menu-item menu-item-type-post_type menu-item-object-page menu-item-907\"><a href=\"https:\/\/www.durangojesuitak.org\/es\/valores\/\">Valores<\/a><\/li>\n<li id=\"menu-item-3197\" class=\"menu-item menu-item-type-post_type menu-item-object-page menu-item-3197\"><a href=\"https:\/\/www.durangojesuitak.org\/es\/pastoral\/\">Pastoral<\/a><\/li>\n<li id=\"menu-item-4007\" class=\"menu-item menu-item-type-post_type menu-item-object-page menu-item-4007\"><a href=\"https:\/\/www.durangojesuitak.org\/es\/apyma\/\">APYMA<\/a><\/li>\n<li id=\"menu-item-909\" class=\"menu-item menu-item-type-post_type menu-item-object-page menu-item-909\"><a href=\"https:\/\/www.durangojesuitak.org\/es\/nuestros-objetivos\/\">Nuestros objetivos<\/a><\/li>\n<\/ul>\n                                                                    <a href=\"https:\/\/www.durangojesuitak.org\/es\/contacto\/\" class=\"boton\">Contacto<\/a>\n                                \n                            <\/nav>\n\n                        \n                    <\/div>\n                <\/div>\n\n                <div class=\"largo\">\n\n                    \n\n    <h1        class=\"block-texto\n        h1        no-centrado        no-mayusculas                            \">Cada alumno, protagonista de su propio proceso    <\/h1>\n\n\n\n\n    <p class=\"block-texto swing swing--opacity entry no-centrado no-mayusculas  \">Educamos a nuestro alumnado desde los 0 hasta los 18 a\u00f1os para que contribuyan en la construcci\u00f3n de un mundo mejor: m\u00e1s justo, m\u00e1s sostenible, m\u00e1s solidario y m\u00e1s humano.<\/p>\n\n\n\n\n    <h3        class=\"block-texto\n        h3        no-centrado        no-mayusculas        more-margin                    \">Pensar, sentir y reflexionar    <\/h3>\n\n\n\n\n<p>Nuestro equipo de educadores se esfuerza por inspirar y motivar al alumnado.<br \/><br \/>Conect\u00e1ndonos con la realidad y ayud\u00e1ndolos a trabajar en proyectos que contribuyan al cambio del mundo que les rodea. Ayud\u00e1ndoles a convertirse en <strong>personas para los dem\u00e1s<\/strong>.<\/p>\n\n\n\n    <h2        class=\"block-texto\n        h2        no-centrado        mayusculas        more-margin                    \">Conoce los valores de Jesuitak Durango    <\/h2>\n\n\n\n\n<p>Estos son los valores principales de Jesuitak Durango, aquellos con los que nos sentimos identificados en nuestro colegio:<\/p>\n\n\n\n\n    \n<div class=\"espaciador\" style=\"margin: 30px 0;\">\n<div class=\"block-about__content\">\n\t\t\t\t\t<\/div>\n<\/div>\n\n\n<section class=\"seccion seccion-contenedor\n            doble                    \" \n    style=\"background-color: ; color: ;\">\n    <div class=\"contenedor  \">\n        <div class=\"margen swing swing--opacity\">\n\n                            <div class=\"left\">\n\n                    <div class=\"texto\">\n                        \n\n    <h4        class=\"block-texto\n        h4        no-centrado        no-mayusculas                            \">Fundamentos    <\/h4>\n\n\n\n\n<p>El objetivo principal y la raz\u00f3n de ser de la educaci\u00f3n de Jesuitak Durango es el <strong>crecimiento global de la persona<\/strong>, as\u00ed como el compromiso con los valores del cristianismo.<br \/><br \/>As\u00ed, para la Compa\u00f1\u00eda de Jes\u00fas, educar es posibilitar una experiencia personal, creando actitudes que <strong>generen acciones adem\u00e1s de transmitir conocimientos<\/strong>.<\/p>\n\n                    <\/div>\n\n                <\/div>\n            \n            <div class=\"right\">\n\n                \n                    <div class=\"imagen\">\n                        <img decoding=\"async\" src=\"https:\/\/www.durangojesuitak.org\/wp-content\/uploads\/2022\/11\/fundamentos-jesuitak-durango-1024x683.jpg\" alt=\"Valores\"\/>\n                    <\/div>\n\n                \n            <\/div>\n\n            \n        <\/div>\n    <\/div>\n\n\n    \n    \n<\/section>\n\n\n<section class=\"seccion seccion-contenedor\n            doble    invertir                \" \n    style=\"background-color: ; color: ;\">\n    <div class=\"contenedor  \">\n        <div class=\"margen swing swing--opacity\">\n\n                            <div class=\"left\">\n\n                    <div class=\"texto\">\n                        \n\n    <h4        class=\"block-texto\n        h4        no-centrado        no-mayusculas                            \">Pastoral    <\/h4>\n\n\n\n\n<p>El objetivo principal de nuestra labor pastoral<strong> es ofrecer a cada alumno y alumna una vivencia profunda cristiana que ayude a su desarrollo humano y de fe<\/strong>, en su proceso de b\u00fasqueda de sentido e interiorizaci\u00f3n<strong>, <\/strong>desde tres dimensiones sustanciales: la espiritual, la de justicia y la comunitaria.<br \/><br \/>Por medio de la atenci\u00f3n personalizada, el acompa\u00f1amiento y desde la espiritualidad ignaciana, pretendemos facilitar la vivencia de experiencias de fe.<\/p>\n\n                    <\/div>\n\n                <\/div>\n            \n            <div class=\"right\">\n\n                \n                    <div class=\"imagen\">\n                        <img decoding=\"async\" src=\"https:\/\/www.durangojesuitak.org\/wp-content\/uploads\/2022\/11\/pastoral-jesuitak-durango-1024x683.jpg\" alt=\"Valores\"\/>\n                    <\/div>\n\n                \n            <\/div>\n\n            \n        <\/div>\n    <\/div>\n\n\n    \n    \n<\/section>\n\n\n<section class=\"seccion seccion-contenedor\n            doble                    \" \n    style=\"background-color: ; color: ;\">\n    <div class=\"contenedor  \">\n        <div class=\"margen swing swing--opacity\">\n\n                            <div class=\"left\">\n\n                    <div class=\"texto\">\n                        \n\n    <h4        class=\"block-texto\n        h4        no-centrado        no-mayusculas                            \">Interioridad    <\/h4>\n\n\n\n\n<p>El Proyecto de interioridad trata de ofrecer un camino o itinerario que permita dar y encontrar <strong>sentido a la vida y vivir con profundidad<\/strong>.<\/p>\n\n\n\n<p>Un encuentro con uno mismo, con los otros, con la naturaleza y la apertura a la trascendencia. Tiene como objetivos generales: <strong>desarrollar el autoconocimiento, unificar las dimensiones de la persona<\/strong>; hacer unidad con los dem\u00e1s y con la naturaleza; promover la apertura a la trascendencia.&nbsp;<\/p>\n\n\n\n<p>Estos objetivos se desarrollan a trav\u00e9s de estos tres bloques de contenidos: la conciencia corporal, el trabajo emocional y la apertura a la trascendencia.<\/p>\n\n                    <\/div>\n\n                <\/div>\n            \n            <div class=\"right\">\n\n                \n                    <div class=\"imagen\">\n                        <img decoding=\"async\" src=\"https:\/\/www.durangojesuitak.org\/wp-content\/uploads\/2022\/11\/interioridad-jesuitak-durango-1024x683.jpg\" alt=\"Valores\"\/>\n                    <\/div>\n\n                \n            <\/div>\n\n            \n        <\/div>\n    <\/div>\n\n\n    \n    \n<\/section>\n\n\n<section class=\"seccion seccion-contenedor\n            doble    invertir                \" \n    style=\"background-color: ; color: ;\">\n    <div class=\"contenedor  \">\n        <div class=\"margen swing swing--opacity\">\n\n                            <div class=\"left\">\n\n                    <div class=\"texto\">\n                        \n\n    <h4        class=\"block-texto\n        h4        no-centrado        no-mayusculas                            \">Arrupe &#8211; Elkartea    <\/h4>\n\n\n\n\n<p>La Comunidad P. Arrupe es una <strong>Comunidad juvenil cristiana<\/strong>, de vida colegial y espiritualidad ignaciana, formada por chicos y chicas de ESO, Bachiller, Ciclos y Universidad.&nbsp;<\/p>\n\n\n\n<p>Sus objetivos son, entre otros:&nbsp;<\/p>\n\n\n\n<ul class=\"wp-block-list\"><li>Favorecer el crecimiento en valores humanos y cristianos.<\/li><li>Acompa\u00f1ar personalmente a los j\u00f3venes.<\/li><li>Formar grupos de referencia para su fe.<\/li><li>Desarrollar habilidades de convivencia.<\/li><li>Aprender solidaridad.<\/li><\/ul>\n\n                    <\/div>\n\n                <\/div>\n            \n            <div class=\"right\">\n\n                \n                    <div class=\"imagen\">\n                        <img decoding=\"async\" src=\"https:\/\/www.durangojesuitak.org\/wp-content\/uploads\/2022\/11\/comunidad-p-arrupe-jesuitak-durango-1-1024x683.jpg\" alt=\"Valores\"\/>\n                    <\/div>\n\n                \n            <\/div>\n\n            \n        <\/div>\n    <\/div>\n\n\n    \n    \n<\/section>\n\n\n                <\/div>\n\n            <\/div>\n\n        <\/div>\n    <\/div>\n<\/section>","protected":false},"excerpt":{"rendered":"","protected":false},"author":1,"featured_media":0,"parent":0,"menu_order":60,"comment_status":"closed","ping_status":"closed","template":"","meta":{"_acf_changed":false,"inline_featured_image":false,"footnotes":""},"class_list":["post-620","page","type-page","status-publish","hentry"],"acf":[],"yoast_head":"<!-- This site is optimized with the Yoast SEO plugin v26.9 - https:\/\/yoast.com\/product\/yoast-seo-wordpress\/ -->\n<title>Valores en el Colegio San Jos\u00e9 | Jesuitak Durango<\/title>\n<meta name=\"description\" content=\"Compromiso con los valores, de acuerdo con los principios y visi\u00f3n humana y cristiana de la vida.\" \/>\n<meta name=\"robots\" content=\"index, follow, max-snippet:-1, max-image-preview:large, max-video-preview:-1\" \/>\n<link rel=\"canonical\" href=\"https:\/\/www.durangojesuitak.org\/balioak\/\" \/>\n<meta property=\"og:locale\" content=\"es_ES\" \/>\n<meta property=\"og:type\" content=\"article\" \/>\n<meta property=\"og:title\" content=\"Valores en el Colegio San Jos\u00e9 | Jesuitak Durango\" \/>\n<meta property=\"og:description\" content=\"Compromiso con los valores, de acuerdo con los principios y visi\u00f3n humana y cristiana de la vida.\" \/>\n<meta property=\"og:url\" content=\"https:\/\/www.durangojesuitak.org\/balioak\/\" \/>\n<meta property=\"og:site_name\" content=\"Durango Jesuitak\" \/>\n<meta property=\"article:modified_time\" content=\"2022-12-15T14:24:13+00:00\" \/>\n<meta name=\"twitter:card\" content=\"summary_large_image\" \/>\n<meta name=\"twitter:label1\" content=\"Tiempo de lectura\" \/>\n\t<meta name=\"twitter:data1\" content=\"2 minutos\" \/>\n<script type=\"application\/ld+json\" class=\"yoast-schema-graph\">{\"@context\":\"https:\/\/schema.org\",\"@graph\":[{\"@type\":\"WebPage\",\"@id\":\"https:\/\/www.durangojesuitak.org\/balioak\/\",\"url\":\"https:\/\/www.durangojesuitak.org\/balioak\/\",\"name\":\"Valores en el Colegio San Jos\u00e9 | Jesuitak Durango\",\"isPartOf\":{\"@id\":\"https:\/\/www.durangojesuitak.org\/#website\"},\"datePublished\":\"2021-10-04T09:42:08+00:00\",\"dateModified\":\"2022-12-15T14:24:13+00:00\",\"description\":\"Compromiso con los valores, de acuerdo con los principios y visi\u00f3n humana y cristiana de la vida.\",\"breadcrumb\":{\"@id\":\"https:\/\/www.durangojesuitak.org\/balioak\/#breadcrumb\"},\"inLanguage\":\"es\",\"potentialAction\":[{\"@type\":\"ReadAction\",\"target\":[\"https:\/\/www.durangojesuitak.org\/balioak\/\"]}]},{\"@type\":\"BreadcrumbList\",\"@id\":\"https:\/\/www.durangojesuitak.org\/balioak\/#breadcrumb\",\"itemListElement\":[{\"@type\":\"ListItem\",\"position\":1,\"name\":\"Home\",\"item\":\"https:\/\/www.durangojesuitak.org\/es\/\"},{\"@type\":\"ListItem\",\"position\":2,\"name\":\"Valores\"}]},{\"@type\":\"WebSite\",\"@id\":\"https:\/\/www.durangojesuitak.org\/#website\",\"url\":\"https:\/\/www.durangojesuitak.org\/\",\"name\":\"Durango Jesuitak\",\"description\":\"\",\"publisher\":{\"@id\":\"https:\/\/www.durangojesuitak.org\/#organization\"},\"potentialAction\":[{\"@type\":\"SearchAction\",\"target\":{\"@type\":\"EntryPoint\",\"urlTemplate\":\"https:\/\/www.durangojesuitak.org\/?s={search_term_string}\"},\"query-input\":{\"@type\":\"PropertyValueSpecification\",\"valueRequired\":true,\"valueName\":\"search_term_string\"}}],\"inLanguage\":\"es\"},{\"@type\":\"Organization\",\"@id\":\"https:\/\/www.durangojesuitak.org\/#organization\",\"name\":\"Jesuitak Durango\",\"url\":\"https:\/\/www.durangojesuitak.org\/\",\"logo\":{\"@type\":\"ImageObject\",\"inLanguage\":\"es\",\"@id\":\"https:\/\/www.durangojesuitak.org\/#\/schema\/logo\/image\/\",\"url\":\"https:\/\/www.durangojesuitak.org\/wp-content\/uploads\/2022\/11\/cropped-Jesuitak-Durango-1.png\",\"contentUrl\":\"https:\/\/www.durangojesuitak.org\/wp-content\/uploads\/2022\/11\/cropped-Jesuitak-Durango-1.png\",\"width\":512,\"height\":512,\"caption\":\"Jesuitak Durango\"},\"image\":{\"@id\":\"https:\/\/www.durangojesuitak.org\/#\/schema\/logo\/image\/\"}}]}<\/script>\n<!-- \/ Yoast SEO plugin. -->","yoast_head_json":{"title":"Valores en el Colegio San Jos\u00e9 | Jesuitak Durango","description":"Compromiso con los valores, de acuerdo con los principios y visi\u00f3n humana y cristiana de la vida.","robots":{"index":"index","follow":"follow","max-snippet":"max-snippet:-1","max-image-preview":"max-image-preview:large","max-video-preview":"max-video-preview:-1"},"canonical":"https:\/\/www.durangojesuitak.org\/balioak\/","og_locale":"es_ES","og_type":"article","og_title":"Valores en el Colegio San Jos\u00e9 | Jesuitak Durango","og_description":"Compromiso con los valores, de acuerdo con los principios y visi\u00f3n humana y cristiana de la vida.","og_url":"https:\/\/www.durangojesuitak.org\/balioak\/","og_site_name":"Durango Jesuitak","article_modified_time":"2022-12-15T14:24:13+00:00","twitter_card":"summary_large_image","twitter_misc":{"Tiempo de lectura":"2 minutos"},"schema":{"@context":"https:\/\/schema.org","@graph":[{"@type":"WebPage","@id":"https:\/\/www.durangojesuitak.org\/balioak\/","url":"https:\/\/www.durangojesuitak.org\/balioak\/","name":"Valores en el Colegio San Jos\u00e9 | Jesuitak Durango","isPartOf":{"@id":"https:\/\/www.durangojesuitak.org\/#website"},"datePublished":"2021-10-04T09:42:08+00:00","dateModified":"2022-12-15T14:24:13+00:00","description":"Compromiso con los valores, de acuerdo con los principios y visi\u00f3n humana y cristiana de la vida.","breadcrumb":{"@id":"https:\/\/www.durangojesuitak.org\/balioak\/#breadcrumb"},"inLanguage":"es","potentialAction":[{"@type":"ReadAction","target":["https:\/\/www.durangojesuitak.org\/balioak\/"]}]},{"@type":"BreadcrumbList","@id":"https:\/\/www.durangojesuitak.org\/balioak\/#breadcrumb","itemListElement":[{"@type":"ListItem","position":1,"name":"Home","item":"https:\/\/www.durangojesuitak.org\/es\/"},{"@type":"ListItem","position":2,"name":"Valores"}]},{"@type":"WebSite","@id":"https:\/\/www.durangojesuitak.org\/#website","url":"https:\/\/www.durangojesuitak.org\/","name":"Durango Jesuitak","description":"","publisher":{"@id":"https:\/\/www.durangojesuitak.org\/#organization"},"potentialAction":[{"@type":"SearchAction","target":{"@type":"EntryPoint","urlTemplate":"https:\/\/www.durangojesuitak.org\/?s={search_term_string}"},"query-input":{"@type":"PropertyValueSpecification","valueRequired":true,"valueName":"search_term_string"}}],"inLanguage":"es"},{"@type":"Organization","@id":"https:\/\/www.durangojesuitak.org\/#organization","name":"Jesuitak Durango","url":"https:\/\/www.durangojesuitak.org\/","logo":{"@type":"ImageObject","inLanguage":"es","@id":"https:\/\/www.durangojesuitak.org\/#\/schema\/logo\/image\/","url":"https:\/\/www.durangojesuitak.org\/wp-content\/uploads\/2022\/11\/cropped-Jesuitak-Durango-1.png","contentUrl":"https:\/\/www.durangojesuitak.org\/wp-content\/uploads\/2022\/11\/cropped-Jesuitak-Durango-1.png","width":512,"height":512,"caption":"Jesuitak Durango"},"image":{"@id":"https:\/\/www.durangojesuitak.org\/#\/schema\/logo\/image\/"}}]}},"_links":{"self":[{"href":"https:\/\/www.durangojesuitak.org\/es\/wp-json\/wp\/v2\/pages\/620","targetHints":{"allow":["GET"]}}],"collection":[{"href":"https:\/\/www.durangojesuitak.org\/es\/wp-json\/wp\/v2\/pages"}],"about":[{"href":"https:\/\/www.durangojesuitak.org\/es\/wp-json\/wp\/v2\/types\/page"}],"author":[{"embeddable":true,"href":"https:\/\/www.durangojesuitak.org\/es\/wp-json\/wp\/v2\/users\/1"}],"replies":[{"embeddable":true,"href":"https:\/\/www.durangojesuitak.org\/es\/wp-json\/wp\/v2\/comments?post=620"}],"version-history":[{"count":0,"href":"https:\/\/www.durangojesuitak.org\/es\/wp-json\/wp\/v2\/pages\/620\/revisions"}],"wp:attachment":[{"href":"https:\/\/www.durangojesuitak.org\/es\/wp-json\/wp\/v2\/media?parent=620"}],"curies":[{"name":"wp","href":"https:\/\/api.w.org\/{rel}","templated":true}]}}