{"id":629,"date":"2021-10-04T12:12:36","date_gmt":"2021-10-04T10:12:36","guid":{"rendered":"https:\/\/durangojesuitak.somoswoko.com\/?page_id=629"},"modified":"2023-06-06T13:34:06","modified_gmt":"2023-06-06T11:34:06","slug":"instalaciones","status":"publish","type":"page","link":"https:\/\/www.durangojesuitak.org\/es\/instalaciones\/","title":{"rendered":"Instalaciones"},"content":{"rendered":"\n<section class=\"seccion seccion-contenedor\n        centrado            fondo interior            divisor\" \n    style=\"background-color: ; color: ;\">\n    <div class=\"contenedor  \">\n        <div class=\"margen swing swing--opacity\">\n\n                            <div class=\"left\">\n\n                    <div class=\"texto\">\n                        \n\n    <p class=\"block-texto swing swing--opacity hero-display centrado mayusculas  \">Instalaciones<\/p>\n\n\n                    <\/div>\n\n                <\/div>\n            \n            <div class=\"right\">\n\n                \n            <\/div>\n\n            \n        <\/div>\n    <\/div>\n\n\n            <div class=\"fondo\">\n            <img decoding=\"async\" src=\"https:\/\/www.durangojesuitak.org\/wp-content\/uploads\/2022\/05\/VistaJesu2610201006-1.png\" alt=\"Instalaciones\"\/>\n        <\/div>\n        \n    \n<\/section>\n\n<section class=\"seccion seccion-menu-lateral\">\n    <div class=\"contenedor\">\n        <div class=\"margen\">\n\n            <div class=\"paralelo\">\n\n                <div class=\"corto\">\n                    <div>\n\n                        \t\n                            <nav class=\"menu\">\n\n                                <span class=\"titulo\">Colegio<\/span>\n\n                                <ul id=\"menu-colegio\" class=\"menu\"><li id=\"menu-item-903\" class=\"menu-item menu-item-type-post_type menu-item-object-page menu-item-903\"><a href=\"https:\/\/www.durangojesuitak.org\/es\/por-que-jesuitak-durango\/\">Por qu\u00e9 Jesuitak Durango<\/a><\/li>\n<li id=\"menu-item-904\" class=\"menu-item menu-item-type-post_type menu-item-object-page menu-item-904\"><a href=\"https:\/\/www.durangojesuitak.org\/es\/secretaria\/\">Secretar\u00eda<\/a><\/li>\n<li id=\"menu-item-905\" class=\"menu-item menu-item-type-post_type menu-item-object-page menu-item-905\"><a href=\"https:\/\/www.durangojesuitak.org\/es\/instalaciones\/\">Instalaciones<\/a><\/li>\n<li id=\"menu-item-906\" class=\"menu-item menu-item-type-post_type menu-item-object-page menu-item-906\"><a href=\"https:\/\/www.durangojesuitak.org\/es\/jesuitak-durangon\/\">Jesuitak Durangon<\/a><\/li>\n<li id=\"menu-item-907\" class=\"menu-item menu-item-type-post_type menu-item-object-page menu-item-907\"><a href=\"https:\/\/www.durangojesuitak.org\/es\/valores\/\">Valores<\/a><\/li>\n<li id=\"menu-item-3197\" class=\"menu-item menu-item-type-post_type menu-item-object-page menu-item-3197\"><a href=\"https:\/\/www.durangojesuitak.org\/es\/pastoral\/\">Pastoral<\/a><\/li>\n<li id=\"menu-item-4007\" class=\"menu-item menu-item-type-post_type menu-item-object-page menu-item-4007\"><a href=\"https:\/\/www.durangojesuitak.org\/es\/apyma\/\">APYMA<\/a><\/li>\n<li id=\"menu-item-909\" class=\"menu-item menu-item-type-post_type menu-item-object-page menu-item-909\"><a href=\"https:\/\/www.durangojesuitak.org\/es\/nuestros-objetivos\/\">Nuestros objetivos<\/a><\/li>\n<\/ul>\n                                                                    <a href=\"https:\/\/www.durangojesuitak.org\/es\/contacto\/\" class=\"boton\">Contacto<\/a>\n                                \n                            <\/nav>\n\n                        \n                    <\/div>\n                <\/div>\n\n                <div class=\"largo\">\n\n                    \n\n<section class=\"seccion seccion-contenedor\n                                \" \n    style=\"background-color: ; color: ;\">\n    <div class=\"contenedor  \">\n        <div class=\"margen swing swing--opacity\">\n\n                            <div class=\"left\">\n\n                    <div class=\"texto\">\n                        \n\n    <h1        class=\"block-texto\n        h1        no-centrado        no-mayusculas                            \">Nuestras instalaciones    <\/h1>\n\n\n\n\n    <p class=\"block-texto swing swing--opacity entry no-centrado no-mayusculas  \">Disponemos de amplios espacios tanto en el interior como en el exterior.<\/p>\n\n\n\n\n<p>Adem\u00e1s, durante los \u00faltimos a\u00f1os hemos renovado las clases, creando espacios que se adaptan mejor a las nuevas metodolog\u00edas. Disponemos de <strong>espacios pensados para dar respuesta a las distintas necesidades<\/strong> que requiera el alumnado.&nbsp;<\/p>\n\n\n\n    <h2        class=\"block-texto\n        h2        no-centrado        no-mayusculas                            \">Instalaciones deportivas    <\/h2>\n\n\n\n\n<p>Disponemos de polideportivo, front\u00f3n, campo de hierba artificial, cancha polideportiva, gimnasio\u2026<br \/>&nbsp;<br \/>La importancia del <strong>deporte y el estilo de vida saludable en la vida de nuestro alumnado es un objetivo<\/strong> que perseguimos, por lo que fomentamos cualquier actividad relacionada.<\/p>\n\n\n<div>\n\n    <!-- Swiper -->\n\n    <div class=\"swiper swiper-gallery \">\n        <div class=\"swiper-wrapper\">\n\n                                                <div class=\"swiper-slide\">\n                        <img decoding=\"async\" src=\"https:\/\/www.durangojesuitak.org\/wp-content\/uploads\/2022\/11\/patio-cubierto-jesuitak-durango-1024x683.jpg\" alt=\"patio-cubierto-jesuitak-durango\"\/>\n                    <\/div>\n                                    <div class=\"swiper-slide\">\n                        <img decoding=\"async\" src=\"https:\/\/www.durangojesuitak.org\/wp-content\/uploads\/2022\/11\/gimnasio-jesuitak-durango-1024x683.jpg\" alt=\"gimnasio-jesuitak-durango\"\/>\n                    <\/div>\n                                    <div class=\"swiper-slide\">\n                        <img decoding=\"async\" src=\"https:\/\/www.durangojesuitak.org\/wp-content\/uploads\/2022\/11\/aula-psicomotricidad-jesuitak-durango-1024x683.jpg\" alt=\"aula-psicomotricidad-jesuitak-durango\"\/>\n                    <\/div>\n                                    <div class=\"swiper-slide\">\n                        <img decoding=\"async\" src=\"https:\/\/www.durangojesuitak.org\/wp-content\/uploads\/2022\/11\/guarderia-jesuitak-durango-1024x683.jpg\" alt=\"guarderia-jesuitak-durango\"\/>\n                    <\/div>\n                                    <div class=\"swiper-slide\">\n                        <img decoding=\"async\" src=\"https:\/\/www.durangojesuitak.org\/wp-content\/uploads\/2022\/11\/aula-baile-jesuitak-durango-1024x683.jpg\" alt=\"aula-baile-jesuitak-durango\"\/>\n                    <\/div>\n                                    <div class=\"swiper-slide\">\n                        <img decoding=\"async\" src=\"https:\/\/www.durangojesuitak.org\/wp-content\/uploads\/2022\/11\/patio-interior-balonmano-jesuitak-durango-1024x683.jpg\" alt=\"patio-interior-balonmano-jesuitak-durango\"\/>\n                    <\/div>\n                                    <div class=\"swiper-slide\">\n                        <img decoding=\"async\" src=\"https:\/\/www.durangojesuitak.org\/wp-content\/uploads\/2022\/11\/patio-jesuitak-durango-1024x683.jpg\" alt=\"patio-jesuitak-durango\"\/>\n                    <\/div>\n                                    <div class=\"swiper-slide\">\n                        <img decoding=\"async\" src=\"https:\/\/www.durangojesuitak.org\/wp-content\/uploads\/2022\/11\/guarderia-bebes-jesuitak-durango-1024x683.jpg\" alt=\"guarderia-bebes-jesuitak-durango\"\/>\n                    <\/div>\n                                    <div class=\"swiper-slide\">\n                        <img decoding=\"async\" src=\"https:\/\/www.durangojesuitak.org\/wp-content\/uploads\/2022\/11\/rocrodomo-jesuitak-durango-1024x683.jpg\" alt=\"rocrodomo-jesuitak-durango\"\/>\n                    <\/div>\n                                            \n        <\/div>\n\n        <div class=\"swiper-button-next\"><\/div>\n        <div class=\"swiper-button-prev\"><\/div>\n        <!-- <div class=\"swiper-pagination\"><\/div> -->\n\n    <\/div>\n\n<\/div>\n\n\n    <h3        class=\"block-texto\n        h3        no-centrado        no-mayusculas        more-margin                    \">Por qu\u00e9 elegir Jesuitak Durango    <\/h3>\n\n\n\n\n<p>Desde Jesuitak Ikastetxea buscamos el <strong>desarrollo de nuestro alumnado<\/strong>:<\/p>\n\n\n\n<ul class=\"wp-block-list\"><li>Integral y personal.<\/li><li>De la capacidad de hacer frente a las situaciones de la vida cotidiana.<\/li><li>Del pensamiento cr\u00edtico y comportamiento responsable ante las situaciones injustas de la sociedad.&nbsp;<\/li><\/ul>\n\n\n\n<p>Y creemos que para lograrlo es <strong>necesario cuidar las experiencias, aprendizajes y valores que recibimos durante la infancia<\/strong>.<\/p>\n\n                    <\/div>\n\n                <\/div>\n            \n            <div class=\"right\">\n\n                \n            <\/div>\n\n            \n        <\/div>\n    <\/div>\n\n\n    \n    \n<\/section>\n\n\n                <\/div>\n\n            <\/div>\n\n        <\/div>\n    <\/div>\n<\/section>\n\n<section class=\"section-cta swing swing--up \" style=\"background-color: #d8e3e7; color: #132c33; \">\n    <div class=\"cta-container\">\n\n        <div class=\"left-column\">\n                            <h3>Conoce nuestras instalaciones<\/h3>\n            \n                            <h4>Descubre nuestras instalaciones, otro motivo para elegirnos como tu colegio en Durango.<\/h4>\n            \n                            <p>Conoce las instalaciones: aulas, comedor, biblioteca, instalaciones deportivas, clase de psicomotricidad, laboratorio, sal\u00f3n de actos, etc. <\/p>\n            \n                            <a href=\"https:\/\/tourmkr.com\/F1wVEbqrls\/11436377p&#038;159.67h&#038;91.22t\" target=\"_blank\" class=\"button\">\n                    Visita virtual 360\u00ba                <\/a>\n                    <\/div>\n        \n        <div class=\"right-column\">\n                            <img decoding=\"async\" src=\"https:\/\/www.durangojesuitak.org\/wp-content\/uploads\/2022\/05\/VistaJesu2610201006-1.png\" alt=\"\" \/>\n                    <\/div>\n\n    <\/div>\n<\/section>","protected":false},"excerpt":{"rendered":"<p>Disponemos de amplias instalaciones con espacios interiores y exteriores en pleno centro de Durango.<\/p>\n","protected":false},"author":1,"featured_media":1795,"parent":0,"menu_order":40,"comment_status":"closed","ping_status":"closed","template":"","meta":{"_acf_changed":false,"inline_featured_image":false,"footnotes":""},"class_list":["post-629","page","type-page","status-publish","has-post-thumbnail","hentry"],"acf":[],"yoast_head":"<!-- This site is optimized with the Yoast SEO plugin v26.9 - https:\/\/yoast.com\/product\/yoast-seo-wordpress\/ -->\n<title>Instalaciones de Jesuitak Durango | Colegio en Durango<\/title>\n<meta name=\"description\" content=\"Conoce las instalaciones de Jesuitak Durango: comedor, biblioteca, salas especiales, aulas. Queremos que descubras por ti mismo el centro.\" \/>\n<meta name=\"robots\" content=\"index, follow, max-snippet:-1, max-image-preview:large, max-video-preview:-1\" \/>\n<link rel=\"canonical\" href=\"https:\/\/www.durangojesuitak.org\/instalazioak\/\" \/>\n<meta property=\"og:locale\" content=\"es_ES\" \/>\n<meta property=\"og:type\" content=\"article\" \/>\n<meta property=\"og:title\" content=\"Instalaciones de Jesuitak Durango | Colegio en Durango\" \/>\n<meta property=\"og:description\" content=\"Conoce las instalaciones de Jesuitak Durango: comedor, biblioteca, salas especiales, aulas. Queremos que descubras por ti mismo el centro.\" \/>\n<meta property=\"og:url\" content=\"https:\/\/www.durangojesuitak.org\/instalazioak\/\" \/>\n<meta property=\"og:site_name\" content=\"Durango Jesuitak\" \/>\n<meta property=\"article:modified_time\" content=\"2023-06-06T11:34:06+00:00\" \/>\n<meta property=\"og:image\" content=\"https:\/\/www.durangojesuitak.org\/wp-content\/uploads\/2022\/05\/VistaJesu2610201006-1.png\" \/>\n\t<meta property=\"og:image:width\" content=\"915\" \/>\n\t<meta property=\"og:image:height\" content=\"693\" \/>\n\t<meta property=\"og:image:type\" content=\"image\/png\" \/>\n<meta name=\"twitter:card\" content=\"summary_large_image\" \/>\n<meta name=\"twitter:label1\" content=\"Tiempo de lectura\" \/>\n\t<meta name=\"twitter:data1\" content=\"1 minuto\" \/>\n<script type=\"application\/ld+json\" class=\"yoast-schema-graph\">{\"@context\":\"https:\/\/schema.org\",\"@graph\":[{\"@type\":\"WebPage\",\"@id\":\"https:\/\/www.durangojesuitak.org\/instalazioak\/\",\"url\":\"https:\/\/www.durangojesuitak.org\/instalazioak\/\",\"name\":\"Instalaciones de Jesuitak Durango | Colegio en Durango\",\"isPartOf\":{\"@id\":\"https:\/\/www.durangojesuitak.org\/#website\"},\"primaryImageOfPage\":{\"@id\":\"https:\/\/www.durangojesuitak.org\/instalazioak\/#primaryimage\"},\"image\":{\"@id\":\"https:\/\/www.durangojesuitak.org\/instalazioak\/#primaryimage\"},\"thumbnailUrl\":\"https:\/\/www.durangojesuitak.org\/wp-content\/uploads\/2022\/05\/VistaJesu2610201006-1.png\",\"datePublished\":\"2021-10-04T10:12:36+00:00\",\"dateModified\":\"2023-06-06T11:34:06+00:00\",\"description\":\"Conoce las instalaciones de Jesuitak Durango: comedor, biblioteca, salas especiales, aulas. Queremos que descubras por ti mismo el centro.\",\"breadcrumb\":{\"@id\":\"https:\/\/www.durangojesuitak.org\/instalazioak\/#breadcrumb\"},\"inLanguage\":\"es\",\"potentialAction\":[{\"@type\":\"ReadAction\",\"target\":[\"https:\/\/www.durangojesuitak.org\/instalazioak\/\"]}]},{\"@type\":\"ImageObject\",\"inLanguage\":\"es\",\"@id\":\"https:\/\/www.durangojesuitak.org\/instalazioak\/#primaryimage\",\"url\":\"https:\/\/www.durangojesuitak.org\/wp-content\/uploads\/2022\/05\/VistaJesu2610201006-1.png\",\"contentUrl\":\"https:\/\/www.durangojesuitak.org\/wp-content\/uploads\/2022\/05\/VistaJesu2610201006-1.png\",\"width\":915,\"height\":693},{\"@type\":\"BreadcrumbList\",\"@id\":\"https:\/\/www.durangojesuitak.org\/instalazioak\/#breadcrumb\",\"itemListElement\":[{\"@type\":\"ListItem\",\"position\":1,\"name\":\"Home\",\"item\":\"https:\/\/www.durangojesuitak.org\/es\/\"},{\"@type\":\"ListItem\",\"position\":2,\"name\":\"Instalaciones\"}]},{\"@type\":\"WebSite\",\"@id\":\"https:\/\/www.durangojesuitak.org\/#website\",\"url\":\"https:\/\/www.durangojesuitak.org\/\",\"name\":\"Durango Jesuitak\",\"description\":\"\",\"publisher\":{\"@id\":\"https:\/\/www.durangojesuitak.org\/#organization\"},\"potentialAction\":[{\"@type\":\"SearchAction\",\"target\":{\"@type\":\"EntryPoint\",\"urlTemplate\":\"https:\/\/www.durangojesuitak.org\/?s={search_term_string}\"},\"query-input\":{\"@type\":\"PropertyValueSpecification\",\"valueRequired\":true,\"valueName\":\"search_term_string\"}}],\"inLanguage\":\"es\"},{\"@type\":\"Organization\",\"@id\":\"https:\/\/www.durangojesuitak.org\/#organization\",\"name\":\"Jesuitak Durango\",\"url\":\"https:\/\/www.durangojesuitak.org\/\",\"logo\":{\"@type\":\"ImageObject\",\"inLanguage\":\"es\",\"@id\":\"https:\/\/www.durangojesuitak.org\/#\/schema\/logo\/image\/\",\"url\":\"https:\/\/www.durangojesuitak.org\/wp-content\/uploads\/2022\/11\/cropped-Jesuitak-Durango-1.png\",\"contentUrl\":\"https:\/\/www.durangojesuitak.org\/wp-content\/uploads\/2022\/11\/cropped-Jesuitak-Durango-1.png\",\"width\":512,\"height\":512,\"caption\":\"Jesuitak Durango\"},\"image\":{\"@id\":\"https:\/\/www.durangojesuitak.org\/#\/schema\/logo\/image\/\"}}]}<\/script>\n<!-- \/ Yoast SEO plugin. -->","yoast_head_json":{"title":"Instalaciones de Jesuitak Durango | Colegio en Durango","description":"Conoce las instalaciones de Jesuitak Durango: comedor, biblioteca, salas especiales, aulas. Queremos que descubras por ti mismo el centro.","robots":{"index":"index","follow":"follow","max-snippet":"max-snippet:-1","max-image-preview":"max-image-preview:large","max-video-preview":"max-video-preview:-1"},"canonical":"https:\/\/www.durangojesuitak.org\/instalazioak\/","og_locale":"es_ES","og_type":"article","og_title":"Instalaciones de Jesuitak Durango | Colegio en Durango","og_description":"Conoce las instalaciones de Jesuitak Durango: comedor, biblioteca, salas especiales, aulas. Queremos que descubras por ti mismo el centro.","og_url":"https:\/\/www.durangojesuitak.org\/instalazioak\/","og_site_name":"Durango Jesuitak","article_modified_time":"2023-06-06T11:34:06+00:00","og_image":[{"width":915,"height":693,"url":"https:\/\/www.durangojesuitak.org\/wp-content\/uploads\/2022\/05\/VistaJesu2610201006-1.png","type":"image\/png"}],"twitter_card":"summary_large_image","twitter_misc":{"Tiempo de lectura":"1 minuto"},"schema":{"@context":"https:\/\/schema.org","@graph":[{"@type":"WebPage","@id":"https:\/\/www.durangojesuitak.org\/instalazioak\/","url":"https:\/\/www.durangojesuitak.org\/instalazioak\/","name":"Instalaciones de Jesuitak Durango | Colegio en Durango","isPartOf":{"@id":"https:\/\/www.durangojesuitak.org\/#website"},"primaryImageOfPage":{"@id":"https:\/\/www.durangojesuitak.org\/instalazioak\/#primaryimage"},"image":{"@id":"https:\/\/www.durangojesuitak.org\/instalazioak\/#primaryimage"},"thumbnailUrl":"https:\/\/www.durangojesuitak.org\/wp-content\/uploads\/2022\/05\/VistaJesu2610201006-1.png","datePublished":"2021-10-04T10:12:36+00:00","dateModified":"2023-06-06T11:34:06+00:00","description":"Conoce las instalaciones de Jesuitak Durango: comedor, biblioteca, salas especiales, aulas. Queremos que descubras por ti mismo el centro.","breadcrumb":{"@id":"https:\/\/www.durangojesuitak.org\/instalazioak\/#breadcrumb"},"inLanguage":"es","potentialAction":[{"@type":"ReadAction","target":["https:\/\/www.durangojesuitak.org\/instalazioak\/"]}]},{"@type":"ImageObject","inLanguage":"es","@id":"https:\/\/www.durangojesuitak.org\/instalazioak\/#primaryimage","url":"https:\/\/www.durangojesuitak.org\/wp-content\/uploads\/2022\/05\/VistaJesu2610201006-1.png","contentUrl":"https:\/\/www.durangojesuitak.org\/wp-content\/uploads\/2022\/05\/VistaJesu2610201006-1.png","width":915,"height":693},{"@type":"BreadcrumbList","@id":"https:\/\/www.durangojesuitak.org\/instalazioak\/#breadcrumb","itemListElement":[{"@type":"ListItem","position":1,"name":"Home","item":"https:\/\/www.durangojesuitak.org\/es\/"},{"@type":"ListItem","position":2,"name":"Instalaciones"}]},{"@type":"WebSite","@id":"https:\/\/www.durangojesuitak.org\/#website","url":"https:\/\/www.durangojesuitak.org\/","name":"Durango Jesuitak","description":"","publisher":{"@id":"https:\/\/www.durangojesuitak.org\/#organization"},"potentialAction":[{"@type":"SearchAction","target":{"@type":"EntryPoint","urlTemplate":"https:\/\/www.durangojesuitak.org\/?s={search_term_string}"},"query-input":{"@type":"PropertyValueSpecification","valueRequired":true,"valueName":"search_term_string"}}],"inLanguage":"es"},{"@type":"Organization","@id":"https:\/\/www.durangojesuitak.org\/#organization","name":"Jesuitak Durango","url":"https:\/\/www.durangojesuitak.org\/","logo":{"@type":"ImageObject","inLanguage":"es","@id":"https:\/\/www.durangojesuitak.org\/#\/schema\/logo\/image\/","url":"https:\/\/www.durangojesuitak.org\/wp-content\/uploads\/2022\/11\/cropped-Jesuitak-Durango-1.png","contentUrl":"https:\/\/www.durangojesuitak.org\/wp-content\/uploads\/2022\/11\/cropped-Jesuitak-Durango-1.png","width":512,"height":512,"caption":"Jesuitak Durango"},"image":{"@id":"https:\/\/www.durangojesuitak.org\/#\/schema\/logo\/image\/"}}]}},"_links":{"self":[{"href":"https:\/\/www.durangojesuitak.org\/es\/wp-json\/wp\/v2\/pages\/629","targetHints":{"allow":["GET"]}}],"collection":[{"href":"https:\/\/www.durangojesuitak.org\/es\/wp-json\/wp\/v2\/pages"}],"about":[{"href":"https:\/\/www.durangojesuitak.org\/es\/wp-json\/wp\/v2\/types\/page"}],"author":[{"embeddable":true,"href":"https:\/\/www.durangojesuitak.org\/es\/wp-json\/wp\/v2\/users\/1"}],"replies":[{"embeddable":true,"href":"https:\/\/www.durangojesuitak.org\/es\/wp-json\/wp\/v2\/comments?post=629"}],"version-history":[{"count":3,"href":"https:\/\/www.durangojesuitak.org\/es\/wp-json\/wp\/v2\/pages\/629\/revisions"}],"predecessor-version":[{"id":9441,"href":"https:\/\/www.durangojesuitak.org\/es\/wp-json\/wp\/v2\/pages\/629\/revisions\/9441"}],"wp:featuredmedia":[{"embeddable":true,"href":"https:\/\/www.durangojesuitak.org\/es\/wp-json\/wp\/v2\/media\/1795"}],"wp:attachment":[{"href":"https:\/\/www.durangojesuitak.org\/es\/wp-json\/wp\/v2\/media?parent=629"}],"curies":[{"name":"wp","href":"https:\/\/api.w.org\/{rel}","templated":true}]}}