{"id":632,"date":"2021-10-04T12:30:00","date_gmt":"2021-10-04T10:30:00","guid":{"rendered":"https:\/\/durangojesuitak.somoswoko.com\/?page_id=632"},"modified":"2023-01-11T15:44:30","modified_gmt":"2023-01-11T14:44:30","slug":"proyecto-pedagogico","status":"publish","type":"page","link":"https:\/\/www.durangojesuitak.org\/es\/primaria\/proyecto-pedagogico\/","title":{"rendered":"Proyecto pedag\u00f3gico"},"content":{"rendered":"\n<section class=\"seccion seccion-contenedor\n        centrado            fondo interior            divisor\" \n    style=\"background-color: ; color: ;\">\n    <div class=\"contenedor  \">\n        <div class=\"margen swing swing--opacity\">\n\n                            <div class=\"left\">\n\n                    <div class=\"texto\">\n                        \n\n    <p class=\"block-texto swing swing--opacity hero-display centrado mayusculas  \">Primaria<\/p>\n\n\n                    <\/div>\n\n                <\/div>\n            \n            <div class=\"right\">\n\n                \n            <\/div>\n\n            \n        <\/div>\n    <\/div>\n\n\n            <div class=\"fondo\">\n            <img decoding=\"async\" src=\"https:\/\/www.durangojesuitak.org\/wp-content\/uploads\/2022\/11\/primaria-jesuitak-durango-1024x429.jpg\" alt=\"Proyecto pedag\u00f3gico\"\/>\n        <\/div>\n        \n    \n<\/section>\n\n<section class=\"seccion seccion-menu-lateral\">\n    <div class=\"contenedor\">\n        <div class=\"margen\">\n\n            <div class=\"paralelo\">\n\n                <div class=\"corto\">\n                    <div>\n\n                        \t\n                            <nav class=\"menu\">\n\n                                <span class=\"titulo\">Primaria<\/span>\n\n                                <ul id=\"menu-primaria\" class=\"menu\"><li id=\"menu-item-840\" class=\"menu-item menu-item-type-post_type menu-item-object-page menu-item-840\"><a href=\"https:\/\/www.durangojesuitak.org\/es\/primaria\/proyecto-pedagogico\/\">Proyecto pedag\u00f3gico<\/a><\/li>\n<li id=\"menu-item-841\" class=\"menu-item menu-item-type-post_type menu-item-object-page menu-item-841\"><a href=\"https:\/\/www.durangojesuitak.org\/es\/primaria\/horario-calendario-escolar\/\">Horario y calendario escolar<\/a><\/li>\n<li id=\"menu-item-842\" class=\"menu-item menu-item-type-post_type menu-item-object-page menu-item-842\"><a href=\"https:\/\/www.durangojesuitak.org\/es\/primaria\/estilo-docente\/\">Estilo docente<\/a><\/li>\n<li id=\"menu-item-2060\" class=\"menu-item menu-item-type-post_type menu-item-object-page menu-item-2060\"><a href=\"https:\/\/www.durangojesuitak.org\/es\/primaria\/profesorado\/\">Profesorado<\/a><\/li>\n<li id=\"menu-item-844\" class=\"menu-item menu-item-type-post_type menu-item-object-page menu-item-844\"><a href=\"https:\/\/www.durangojesuitak.org\/es\/primaria\/atencion-diversidad\/\">Atenci\u00f3n a la diversidad<\/a><\/li>\n<li id=\"menu-item-3242\" class=\"menu-item menu-item-type-post_type menu-item-object-page menu-item-3242\"><a href=\"https:\/\/www.durangojesuitak.org\/es\/primaria\/paraescolares\/\">Paraescolares<\/a><\/li>\n<li id=\"menu-item-845\" class=\"menu-item menu-item-type-post_type menu-item-object-page menu-item-845\"><a href=\"https:\/\/www.durangojesuitak.org\/es\/primaria\/repositorio\/\">Repositorio<\/a><\/li>\n<\/ul>\n                                                                    <a href=\"https:\/\/www.durangojesuitak.org\/es\/contacto\/\" class=\"boton\">Contacto<\/a>\n                                \n                            <\/nav>\n\n                        \n                    <\/div>\n                <\/div>\n\n                <div class=\"largo\">\n\n                    \n\n<section class=\"seccion seccion-contenedor\n                                \" \n    style=\"background-color: ; color: ;\">\n    <div class=\"contenedor  \">\n        <div class=\"margen swing swing--opacity\">\n\n                            <div class=\"left\">\n\n                    <div class=\"texto\">\n                        \n\n    <h1        class=\"block-texto\n        h1        no-centrado        no-mayusculas                            \">Educaci\u00f3n Primaria: el alumno protagonista de su proceso de aprendizaje    <\/h1>\n\n\n\n\n    <p class=\"block-texto swing swing--opacity entry no-centrado no-mayusculas  \">La etapa de Educaci\u00f3n Primaria da continuidad al proyecto educativo iniciado en Educaci\u00f3n Infantil, ofreciendo una atenci\u00f3n personalizada, continuada y directa a cada persona.<\/p>\n\n\n\n\n    <h2        class=\"block-texto\n        h2        no-centrado        no-mayusculas        more-margin                    \">Proyecto pedag\u00f3gico de Educaci\u00f3n Primaria    <\/h2>\n\n\n\n\n<p>Nuestro objetivo es dotar de una educaci\u00f3n que favorezca y refuerce el<strong> desarrollo integral de la persona<\/strong>, para que los chicos y chicas puedan desarrollar las competencias necesarias en la sociedad actual.<\/p>\n\n\n\n\n    \n<div class=\"espaciador\" style=\"margin: 100px 0;\">\n<div class=\"block-about__content\">\n\t\t\t\t\t<\/div>\n<\/div>\n\n\n<section class=\"seccion seccion-contenedor\n            doble                    \" \n    style=\"background-color: ; color: ;\">\n    <div class=\"contenedor  \">\n        <div class=\"margen swing swing--opacity\">\n\n                            <div class=\"left\">\n\n                    <div class=\"texto\">\n                        \n\n    <p class=\"block-texto swing swing--opacity h4 no-centrado no-mayusculas  \">Espacios amplios y renovados<\/p>\n\n\n\n\n<p>Tenemos espacios abiertos y luminosos, hemos derribado paredes y hemos puesto cristal para fomentar la colaboraci\u00f3n y la interacci\u00f3n. Por otro lado, disponemos <strong>de zonas de trabajo en grupos, espacios de trabajo por proyectos<\/strong>.<\/p>\n\n                    <\/div>\n\n                <\/div>\n            \n            <div class=\"right\">\n\n                \n                    <div class=\"imagen\">\n                        <img decoding=\"async\" src=\"https:\/\/www.durangojesuitak.org\/wp-content\/uploads\/2022\/11\/jesuitakk-37-1024x683.jpg\" alt=\"Proyecto pedag\u00f3gico\"\/>\n                    <\/div>\n\n                \n            <\/div>\n\n            \n        <\/div>\n    <\/div>\n\n\n    \n    \n<\/section>\n\n\n<section class=\"seccion seccion-contenedor\n            doble    invertir                \" \n    style=\"background-color: ; color: ;\">\n    <div class=\"contenedor  \">\n        <div class=\"margen swing swing--opacity\">\n\n                            <div class=\"left\">\n\n                    <div class=\"texto\">\n                        \n\n    <p class=\"block-texto swing swing--opacity h4 no-centrado no-mayusculas  \">Modelo triling\u00fce<\/p>\n\n\n\n\n<p>Educamos en el modelo triling\u00fce,&nbsp;<strong>euskera, castellano e ingl\u00e9s<\/strong>. Al trabajar en la capacidad comunicativa para el ingl\u00e9s lo convertimos en nuestro punto fuerte.<\/p>\n\n                    <\/div>\n\n                <\/div>\n            \n            <div class=\"right\">\n\n                \n                    <div class=\"imagen\">\n                        <img decoding=\"async\" src=\"https:\/\/www.durangojesuitak.org\/wp-content\/uploads\/2022\/11\/mondragon-lingua-paraescolares-primaria-jesuitak-durangojpg-1024x683.jpg\" alt=\"Proyecto pedag\u00f3gico\"\/>\n                    <\/div>\n\n                \n            <\/div>\n\n            \n        <\/div>\n    <\/div>\n\n\n    \n    \n<\/section>\n\n\n<section class=\"seccion seccion-contenedor\n            doble                    \" \n    style=\"background-color: ; color: ;\">\n    <div class=\"contenedor  \">\n        <div class=\"margen swing swing--opacity\">\n\n                            <div class=\"left\">\n\n                    <div class=\"texto\">\n                        \n\n    <p class=\"block-texto swing swing--opacity h4 no-centrado no-mayusculas  \">Red de refuerzos<\/p>\n\n\n\n\n<p>Un valor a\u00f1adido de nuestro colegio es la red de refuerzos. Es un grupo creado por un gran n\u00famero de profesores que intervienen en todas las aulas para trabajar con el alumnado de forma m\u00e1s directa y eficaz. De esta manera, podemos satisfacer sus necesidades y ofrecer&nbsp;<strong>una atenci\u00f3n m\u00e1s personalizada.<\/strong><\/p>\n\n                    <\/div>\n\n                <\/div>\n            \n            <div class=\"right\">\n\n                \n                    <div class=\"imagen\">\n                        <img decoding=\"async\" src=\"https:\/\/www.durangojesuitak.org\/wp-content\/uploads\/2022\/11\/profesorado-jesuitak-durango.jpg\" alt=\"Proyecto pedag\u00f3gico\"\/>\n                    <\/div>\n\n                \n            <\/div>\n\n            \n        <\/div>\n    <\/div>\n\n\n    \n    \n<\/section>\n\n\n<section class=\"seccion seccion-contenedor\n            doble    invertir                \" \n    style=\"background-color: ; color: ;\">\n    <div class=\"contenedor  \">\n        <div class=\"margen swing swing--opacity\">\n\n                            <div class=\"left\">\n\n                    <div class=\"texto\">\n                        \n\n    <p class=\"block-texto swing swing--opacity h4 no-centrado no-mayusculas  \">Tecnolog\u00eda<\/p>\n\n\n\n\n<p>Para que puedan ser estudiantes competentes tecnol\u00f3gicamente, a partir del primer curso todo el alumnado tiene la posibilidad de trabajar con ordenadores. Al llegar al quinto curso, con la puesta en marcha del proyecto 1\u00d71,&nbsp;<strong>cada uno tiene su propio ordenador<\/strong>&nbsp;aprovechando los beneficios que ello supone.<\/p>\n\n                    <\/div>\n\n                <\/div>\n            \n            <div class=\"right\">\n\n                \n                    <div class=\"imagen\">\n                        <img decoding=\"async\" src=\"https:\/\/www.durangojesuitak.org\/wp-content\/uploads\/2022\/11\/estilo-docente-primaria-jesuitak-durango-20-1024x683.jpg\" alt=\"Proyecto pedag\u00f3gico\"\/>\n                    <\/div>\n\n                \n            <\/div>\n\n            \n        <\/div>\n    <\/div>\n\n\n    \n    \n<\/section>\n\n\n<section class=\"seccion seccion-contenedor\n            doble                    \" \n    style=\"background-color: ; color: ;\">\n    <div class=\"contenedor  \">\n        <div class=\"margen swing swing--opacity\">\n\n                            <div class=\"left\">\n\n                    <div class=\"texto\">\n                        \n\n    <p class=\"block-texto swing swing--opacity h4 no-centrado no-mayusculas  \">Autoconocimiento<\/p>\n\n\n\n\n<p>El alumnado tiene mucha importancia y tambi\u00e9n su <strong>cuidado y autoconocimiento<\/strong>. Cada d\u00eda ofrecemos momentos especiales para reflexionar, para conocer el interior, para gestionar las emociones, para dar las gracias.<\/p>\n\n                    <\/div>\n\n                <\/div>\n            \n            <div class=\"right\">\n\n                \n                    <div class=\"imagen\">\n                        <img decoding=\"async\" src=\"https:\/\/www.durangojesuitak.org\/wp-content\/uploads\/2022\/11\/estilo-docente-primaria-jesuitak-durango-14-1024x683.jpg\" alt=\"Proyecto pedag\u00f3gico\"\/>\n                    <\/div>\n\n                \n            <\/div>\n\n            \n        <\/div>\n    <\/div>\n\n\n    \n    \n<\/section>\n\n\n<section class=\"seccion seccion-contenedor\n            doble    invertir                \" \n    style=\"background-color: ; color: ;\">\n    <div class=\"contenedor  \">\n        <div class=\"margen swing swing--opacity\">\n\n                            <div class=\"left\">\n\n                    <div class=\"texto\">\n                        \n\n    <p class=\"block-texto swing swing--opacity h4 no-centrado no-mayusculas  \">Familias<\/p>\n\n\n\n\n<p>Siempre dedicamos su espacio a las familias y a su participaci\u00f3n. Tenemos las&nbsp;<strong>puertas abiertas para recibir las aportaciones<\/strong>&nbsp;de las familias y hacerlas parte de nuestro proceso de aprendizaje.&nbsp;<\/p>\n\n\n\n<p>En el colegio tenemos claro que las familias forman parte del proceso educativo y que la colaboraci\u00f3n entre todas las personas es necesaria para que el alumno siga siendo protagonista.<\/p>\n\n                    <\/div>\n\n                <\/div>\n            \n            <div class=\"right\">\n\n                \n                    <div class=\"imagen\">\n                        <img decoding=\"async\" src=\"https:\/\/www.durangojesuitak.org\/wp-content\/uploads\/2022\/11\/conciliacion-familiar-jesuitak-durango-5-1024x683.jpg\" alt=\"Proyecto pedag\u00f3gico\"\/>\n                    <\/div>\n\n                \n            <\/div>\n\n            \n        <\/div>\n    <\/div>\n\n\n    \n    \n<\/section>\n                    <\/div>\n\n                <\/div>\n            \n            <div class=\"right\">\n\n                \n            <\/div>\n\n            \n        <\/div>\n    <\/div>\n\n\n    \n    \n<\/section>\n\n\n                <\/div>\n\n            <\/div>\n\n        <\/div>\n    <\/div>\n<\/section>","protected":false},"excerpt":{"rendered":"","protected":false},"author":1,"featured_media":0,"parent":2033,"menu_order":90,"comment_status":"closed","ping_status":"closed","template":"","meta":{"_acf_changed":false,"inline_featured_image":false,"footnotes":""},"class_list":["post-632","page","type-page","status-publish","hentry"],"acf":[],"yoast_head":"<!-- This site is optimized with the Yoast SEO plugin v26.9 - https:\/\/yoast.com\/product\/yoast-seo-wordpress\/ -->\n<title>Proyecto pedag\u00f3gico en Educaci\u00f3n Primaria<\/title>\n<meta name=\"description\" content=\"El objetivo en San Jose Jesuitak Ikastetxea es dotar de una educaci\u00f3n que favorezca y refuerce el desarrollo integral de la persona.\" \/>\n<meta name=\"robots\" content=\"index, follow, max-snippet:-1, max-image-preview:large, max-video-preview:-1\" \/>\n<link rel=\"canonical\" href=\"https:\/\/www.durangojesuitak.org\/lehen-hezkuntza\/proiektu-pedagogikoa\/\" \/>\n<meta property=\"og:locale\" content=\"es_ES\" \/>\n<meta property=\"og:type\" content=\"article\" \/>\n<meta property=\"og:title\" content=\"Proyecto pedag\u00f3gico en Educaci\u00f3n Primaria\" \/>\n<meta property=\"og:description\" content=\"El objetivo en San Jose Jesuitak Ikastetxea es dotar de una educaci\u00f3n que favorezca y refuerce el desarrollo integral de la persona.\" \/>\n<meta property=\"og:url\" content=\"https:\/\/www.durangojesuitak.org\/lehen-hezkuntza\/proiektu-pedagogikoa\/\" \/>\n<meta property=\"og:site_name\" content=\"Durango Jesuitak\" \/>\n<meta property=\"article:modified_time\" content=\"2023-01-11T14:44:30+00:00\" \/>\n<meta name=\"twitter:card\" content=\"summary_large_image\" \/>\n<meta name=\"twitter:label1\" content=\"Tiempo de lectura\" \/>\n\t<meta name=\"twitter:data1\" content=\"2 minutos\" \/>\n<script type=\"application\/ld+json\" class=\"yoast-schema-graph\">{\"@context\":\"https:\/\/schema.org\",\"@graph\":[{\"@type\":\"WebPage\",\"@id\":\"https:\/\/www.durangojesuitak.org\/lehen-hezkuntza\/proiektu-pedagogikoa\/\",\"url\":\"https:\/\/www.durangojesuitak.org\/lehen-hezkuntza\/proiektu-pedagogikoa\/\",\"name\":\"Proyecto pedag\u00f3gico en Educaci\u00f3n Primaria\",\"isPartOf\":{\"@id\":\"https:\/\/www.durangojesuitak.org\/#website\"},\"datePublished\":\"2021-10-04T10:30:00+00:00\",\"dateModified\":\"2023-01-11T14:44:30+00:00\",\"description\":\"El objetivo en San Jose Jesuitak Ikastetxea es dotar de una educaci\u00f3n que favorezca y refuerce el desarrollo integral de la persona.\",\"breadcrumb\":{\"@id\":\"https:\/\/www.durangojesuitak.org\/lehen-hezkuntza\/proiektu-pedagogikoa\/#breadcrumb\"},\"inLanguage\":\"es\",\"potentialAction\":[{\"@type\":\"ReadAction\",\"target\":[\"https:\/\/www.durangojesuitak.org\/lehen-hezkuntza\/proiektu-pedagogikoa\/\"]}]},{\"@type\":\"BreadcrumbList\",\"@id\":\"https:\/\/www.durangojesuitak.org\/lehen-hezkuntza\/proiektu-pedagogikoa\/#breadcrumb\",\"itemListElement\":[{\"@type\":\"ListItem\",\"position\":1,\"name\":\"Home\",\"item\":\"https:\/\/www.durangojesuitak.org\/es\/\"},{\"@type\":\"ListItem\",\"position\":2,\"name\":\"Primaria\",\"item\":\"https:\/\/www.durangojesuitak.org\/es\/primaria\/\"},{\"@type\":\"ListItem\",\"position\":3,\"name\":\"Proyecto pedag\u00f3gico\"}]},{\"@type\":\"WebSite\",\"@id\":\"https:\/\/www.durangojesuitak.org\/#website\",\"url\":\"https:\/\/www.durangojesuitak.org\/\",\"name\":\"Durango Jesuitak\",\"description\":\"\",\"publisher\":{\"@id\":\"https:\/\/www.durangojesuitak.org\/#organization\"},\"potentialAction\":[{\"@type\":\"SearchAction\",\"target\":{\"@type\":\"EntryPoint\",\"urlTemplate\":\"https:\/\/www.durangojesuitak.org\/?s={search_term_string}\"},\"query-input\":{\"@type\":\"PropertyValueSpecification\",\"valueRequired\":true,\"valueName\":\"search_term_string\"}}],\"inLanguage\":\"es\"},{\"@type\":\"Organization\",\"@id\":\"https:\/\/www.durangojesuitak.org\/#organization\",\"name\":\"Jesuitak Durango\",\"url\":\"https:\/\/www.durangojesuitak.org\/\",\"logo\":{\"@type\":\"ImageObject\",\"inLanguage\":\"es\",\"@id\":\"https:\/\/www.durangojesuitak.org\/#\/schema\/logo\/image\/\",\"url\":\"https:\/\/www.durangojesuitak.org\/wp-content\/uploads\/2022\/11\/cropped-Jesuitak-Durango-1.png\",\"contentUrl\":\"https:\/\/www.durangojesuitak.org\/wp-content\/uploads\/2022\/11\/cropped-Jesuitak-Durango-1.png\",\"width\":512,\"height\":512,\"caption\":\"Jesuitak Durango\"},\"image\":{\"@id\":\"https:\/\/www.durangojesuitak.org\/#\/schema\/logo\/image\/\"}}]}<\/script>\n<!-- \/ Yoast SEO plugin. -->","yoast_head_json":{"title":"Proyecto pedag\u00f3gico en Educaci\u00f3n Primaria","description":"El objetivo en San Jose Jesuitak Ikastetxea es dotar de una educaci\u00f3n que favorezca y refuerce el desarrollo integral de la persona.","robots":{"index":"index","follow":"follow","max-snippet":"max-snippet:-1","max-image-preview":"max-image-preview:large","max-video-preview":"max-video-preview:-1"},"canonical":"https:\/\/www.durangojesuitak.org\/lehen-hezkuntza\/proiektu-pedagogikoa\/","og_locale":"es_ES","og_type":"article","og_title":"Proyecto pedag\u00f3gico en Educaci\u00f3n Primaria","og_description":"El objetivo en San Jose Jesuitak Ikastetxea es dotar de una educaci\u00f3n que favorezca y refuerce el desarrollo integral de la persona.","og_url":"https:\/\/www.durangojesuitak.org\/lehen-hezkuntza\/proiektu-pedagogikoa\/","og_site_name":"Durango Jesuitak","article_modified_time":"2023-01-11T14:44:30+00:00","twitter_card":"summary_large_image","twitter_misc":{"Tiempo de lectura":"2 minutos"},"schema":{"@context":"https:\/\/schema.org","@graph":[{"@type":"WebPage","@id":"https:\/\/www.durangojesuitak.org\/lehen-hezkuntza\/proiektu-pedagogikoa\/","url":"https:\/\/www.durangojesuitak.org\/lehen-hezkuntza\/proiektu-pedagogikoa\/","name":"Proyecto pedag\u00f3gico en Educaci\u00f3n Primaria","isPartOf":{"@id":"https:\/\/www.durangojesuitak.org\/#website"},"datePublished":"2021-10-04T10:30:00+00:00","dateModified":"2023-01-11T14:44:30+00:00","description":"El objetivo en San Jose Jesuitak Ikastetxea es dotar de una educaci\u00f3n que favorezca y refuerce el desarrollo integral de la persona.","breadcrumb":{"@id":"https:\/\/www.durangojesuitak.org\/lehen-hezkuntza\/proiektu-pedagogikoa\/#breadcrumb"},"inLanguage":"es","potentialAction":[{"@type":"ReadAction","target":["https:\/\/www.durangojesuitak.org\/lehen-hezkuntza\/proiektu-pedagogikoa\/"]}]},{"@type":"BreadcrumbList","@id":"https:\/\/www.durangojesuitak.org\/lehen-hezkuntza\/proiektu-pedagogikoa\/#breadcrumb","itemListElement":[{"@type":"ListItem","position":1,"name":"Home","item":"https:\/\/www.durangojesuitak.org\/es\/"},{"@type":"ListItem","position":2,"name":"Primaria","item":"https:\/\/www.durangojesuitak.org\/es\/primaria\/"},{"@type":"ListItem","position":3,"name":"Proyecto pedag\u00f3gico"}]},{"@type":"WebSite","@id":"https:\/\/www.durangojesuitak.org\/#website","url":"https:\/\/www.durangojesuitak.org\/","name":"Durango Jesuitak","description":"","publisher":{"@id":"https:\/\/www.durangojesuitak.org\/#organization"},"potentialAction":[{"@type":"SearchAction","target":{"@type":"EntryPoint","urlTemplate":"https:\/\/www.durangojesuitak.org\/?s={search_term_string}"},"query-input":{"@type":"PropertyValueSpecification","valueRequired":true,"valueName":"search_term_string"}}],"inLanguage":"es"},{"@type":"Organization","@id":"https:\/\/www.durangojesuitak.org\/#organization","name":"Jesuitak Durango","url":"https:\/\/www.durangojesuitak.org\/","logo":{"@type":"ImageObject","inLanguage":"es","@id":"https:\/\/www.durangojesuitak.org\/#\/schema\/logo\/image\/","url":"https:\/\/www.durangojesuitak.org\/wp-content\/uploads\/2022\/11\/cropped-Jesuitak-Durango-1.png","contentUrl":"https:\/\/www.durangojesuitak.org\/wp-content\/uploads\/2022\/11\/cropped-Jesuitak-Durango-1.png","width":512,"height":512,"caption":"Jesuitak Durango"},"image":{"@id":"https:\/\/www.durangojesuitak.org\/#\/schema\/logo\/image\/"}}]}},"_links":{"self":[{"href":"https:\/\/www.durangojesuitak.org\/es\/wp-json\/wp\/v2\/pages\/632","targetHints":{"allow":["GET"]}}],"collection":[{"href":"https:\/\/www.durangojesuitak.org\/es\/wp-json\/wp\/v2\/pages"}],"about":[{"href":"https:\/\/www.durangojesuitak.org\/es\/wp-json\/wp\/v2\/types\/page"}],"author":[{"embeddable":true,"href":"https:\/\/www.durangojesuitak.org\/es\/wp-json\/wp\/v2\/users\/1"}],"replies":[{"embeddable":true,"href":"https:\/\/www.durangojesuitak.org\/es\/wp-json\/wp\/v2\/comments?post=632"}],"version-history":[{"count":2,"href":"https:\/\/www.durangojesuitak.org\/es\/wp-json\/wp\/v2\/pages\/632\/revisions"}],"predecessor-version":[{"id":8011,"href":"https:\/\/www.durangojesuitak.org\/es\/wp-json\/wp\/v2\/pages\/632\/revisions\/8011"}],"up":[{"embeddable":true,"href":"https:\/\/www.durangojesuitak.org\/es\/wp-json\/wp\/v2\/pages\/2033"}],"wp:attachment":[{"href":"https:\/\/www.durangojesuitak.org\/es\/wp-json\/wp\/v2\/media?parent=632"}],"curies":[{"name":"wp","href":"https:\/\/api.w.org\/{rel}","templated":true}]}}