{"id":662,"date":"2021-10-04T13:03:02","date_gmt":"2021-10-04T11:03:02","guid":{"rendered":"https:\/\/durangojesuitak.somoswoko.com\/?page_id=662"},"modified":"2025-09-05T11:43:11","modified_gmt":"2025-09-05T09:43:11","slug":"horario-calendario-escolar","status":"publish","type":"page","link":"https:\/\/www.durangojesuitak.org\/es\/primaria\/horario-calendario-escolar\/","title":{"rendered":"Horario y calendario escolar"},"content":{"rendered":"\n<section class=\"seccion seccion-contenedor\n        centrado            fondo interior            divisor\" \n    style=\"background-color: ; color: ;\">\n    <div class=\"contenedor  \">\n        <div class=\"margen swing swing--opacity\">\n\n                            <div class=\"left\">\n\n                    <div class=\"texto\">\n                        \n\n    <p class=\"block-texto swing swing--opacity hero-display centrado mayusculas  \">Primaria<\/p>\n\n\n                    <\/div>\n\n                <\/div>\n            \n            <div class=\"right\">\n\n                \n            <\/div>\n\n            \n        <\/div>\n    <\/div>\n\n\n            <div class=\"fondo\">\n            <img decoding=\"async\" src=\"https:\/\/www.durangojesuitak.org\/wp-content\/uploads\/2022\/11\/primaria-jesuitak-durango-1024x429.jpg\" alt=\"Horario y calendario escolar\"\/>\n        <\/div>\n        \n    \n<\/section>\n\n<section class=\"seccion seccion-menu-lateral\">\n    <div class=\"contenedor\">\n        <div class=\"margen\">\n\n            <div class=\"paralelo\">\n\n                <div class=\"corto\">\n                    <div>\n\n                        \t\n                            <nav class=\"menu\">\n\n                                <span class=\"titulo\">Primaria<\/span>\n\n                                <ul id=\"menu-primaria\" class=\"menu\"><li id=\"menu-item-840\" class=\"menu-item menu-item-type-post_type menu-item-object-page menu-item-840\"><a href=\"https:\/\/www.durangojesuitak.org\/es\/primaria\/proyecto-pedagogico\/\">Proyecto pedag\u00f3gico<\/a><\/li>\n<li id=\"menu-item-841\" class=\"menu-item menu-item-type-post_type menu-item-object-page menu-item-841\"><a href=\"https:\/\/www.durangojesuitak.org\/es\/primaria\/horario-calendario-escolar\/\">Horario y calendario escolar<\/a><\/li>\n<li id=\"menu-item-842\" class=\"menu-item menu-item-type-post_type menu-item-object-page menu-item-842\"><a href=\"https:\/\/www.durangojesuitak.org\/es\/primaria\/estilo-docente\/\">Estilo docente<\/a><\/li>\n<li id=\"menu-item-2060\" class=\"menu-item menu-item-type-post_type menu-item-object-page menu-item-2060\"><a href=\"https:\/\/www.durangojesuitak.org\/es\/primaria\/profesorado\/\">Profesorado<\/a><\/li>\n<li id=\"menu-item-844\" class=\"menu-item menu-item-type-post_type menu-item-object-page menu-item-844\"><a href=\"https:\/\/www.durangojesuitak.org\/es\/primaria\/atencion-diversidad\/\">Atenci\u00f3n a la diversidad<\/a><\/li>\n<li id=\"menu-item-3242\" class=\"menu-item menu-item-type-post_type menu-item-object-page menu-item-3242\"><a href=\"https:\/\/www.durangojesuitak.org\/es\/primaria\/paraescolares\/\">Paraescolares<\/a><\/li>\n<li id=\"menu-item-845\" class=\"menu-item menu-item-type-post_type menu-item-object-page menu-item-845\"><a href=\"https:\/\/www.durangojesuitak.org\/es\/primaria\/repositorio\/\">Repositorio<\/a><\/li>\n<\/ul>\n                                                                    <a href=\"https:\/\/www.durangojesuitak.org\/es\/contacto\/\" class=\"boton\">Contacto<\/a>\n                                \n                            <\/nav>\n\n                        \n                    <\/div>\n                <\/div>\n\n                <div class=\"largo\">\n\n                    \n\n<section class=\"seccion seccion-contenedor\n                                \" \n    style=\"background-color: ; color: ;\">\n    <div class=\"contenedor  \">\n        <div class=\"margen swing swing--opacity\">\n\n                            <div class=\"left\">\n\n                    <div class=\"texto\">\n                        \n\n    <h1        class=\"block-texto\n        h1        no-centrado        no-mayusculas                            \">Horario y calendario escolar    <\/h1>\n\n\n\n\n    <p class=\"block-texto swing swing--opacity entry no-centrado no-mayusculas  \">Conoce los horarios de Educaci\u00f3n Primaria en Jesuitak Durango.<\/p>\n\n\n\n\n<p><br \/>Horarios de Educaci\u00f3n Primaria en San Jose Ikastetxea:<\/p>\n\n\n\n<figure class=\"wp-block-table is-style-stripes\"><table class=\"has-fixed-layout\"><tbody><tr><td><\/td><td><strong>Lunes<\/strong><\/td><td><strong>Martes<\/strong><\/td><td><strong>Mi\u00e9rcoles<\/strong><\/td><td><strong>Jueves<\/strong><\/td><td><strong>Viernes<\/strong><\/td><\/tr><tr><td>MA\u00d1ANA<\/td><td>09:00-13:00<\/td><td>09:00-13:00<\/td><td>09:00-13:00<\/td><td>09:00-13:00<\/td><td>09:00-13:00<\/td><\/tr><tr><td>TARDE<\/td><td>14:30-16:30<\/td><td>14:30-16:30<\/td><td><\/td><td>14:30-16:30<\/td><td>14:30-16:30<\/td><\/tr><\/tbody><\/table><\/figure>\n\n\n\n<p><strong>Los mi\u00e9rcoles por la tarde el alumnado no tiene clase ya que el profesorado aprovecha este tiempo para formaci\u00f3n, pero existe la posibilidad de ampliaci\u00f3n horaria para ayudar a la conciliaci\u00f3n.<\/strong><\/p>\n\n\n\n    <h2        class=\"block-texto\n        h2        no-centrado        no-mayusculas        more-margin                    \">Calendario escolar de Primaria    <\/h2>\n\n\n\n\n\n<a href=\"https:\/\/www.durangojesuitak.org\/wp-content\/uploads\/2025\/09\/Eskola-egutegia-25-26-LH.pdf\" target=\"__blank\" class=\"link-descarga \">\n    Calendario escolar de Educaci\u00f3n Primaria 2025-2026    <i class=\"fas fa-file-download\"><\/i>\n<\/a>\n                    <\/div>\n\n                <\/div>\n            \n            <div class=\"right\">\n\n                \n            <\/div>\n\n            \n        <\/div>\n    <\/div>\n\n\n    \n    \n<\/section>\n\n\n                <\/div>\n\n            <\/div>\n\n        <\/div>\n    <\/div>\n<\/section>","protected":false},"excerpt":{"rendered":"","protected":false},"author":1,"featured_media":0,"parent":2033,"menu_order":130,"comment_status":"closed","ping_status":"closed","template":"","meta":{"_acf_changed":false,"inline_featured_image":false,"footnotes":""},"class_list":["post-662","page","type-page","status-publish","hentry"],"acf":[],"yoast_head":"<!-- This site is optimized with the Yoast SEO plugin v26.9 - https:\/\/yoast.com\/product\/yoast-seo-wordpress\/ -->\n<title>Horarios en Educaci\u00f3n Primaria<\/title>\n<meta name=\"description\" content=\"Conoce los horarios de Educaci\u00f3n Primaria en San Jose Jesuitas de Durango. Descubre la etapa educativa en nuestro centro.\" \/>\n<meta name=\"robots\" content=\"index, follow, max-snippet:-1, max-image-preview:large, max-video-preview:-1\" \/>\n<link rel=\"canonical\" href=\"https:\/\/www.durangojesuitak.org\/es\/primaria\/horario-calendario-escolar\/\" \/>\n<meta property=\"og:locale\" content=\"es_ES\" \/>\n<meta property=\"og:type\" content=\"article\" \/>\n<meta property=\"og:title\" content=\"Horarios en Educaci\u00f3n Primaria\" \/>\n<meta property=\"og:description\" content=\"Conoce los horarios de Educaci\u00f3n Primaria en San Jose Jesuitas de Durango. Descubre la etapa educativa en nuestro centro.\" \/>\n<meta property=\"og:url\" content=\"https:\/\/www.durangojesuitak.org\/es\/primaria\/horario-calendario-escolar\/\" \/>\n<meta property=\"og:site_name\" content=\"Durango Jesuitak\" \/>\n<meta property=\"article:modified_time\" content=\"2025-09-05T09:43:11+00:00\" \/>\n<meta name=\"twitter:card\" content=\"summary_large_image\" \/>\n<meta name=\"twitter:label1\" content=\"Tiempo de lectura\" \/>\n\t<meta name=\"twitter:data1\" content=\"1 minuto\" \/>\n<script type=\"application\/ld+json\" class=\"yoast-schema-graph\">{\"@context\":\"https:\/\/schema.org\",\"@graph\":[{\"@type\":\"WebPage\",\"@id\":\"https:\/\/www.durangojesuitak.org\/es\/primaria\/horario-calendario-escolar\/\",\"url\":\"https:\/\/www.durangojesuitak.org\/es\/primaria\/horario-calendario-escolar\/\",\"name\":\"Horarios en Educaci\u00f3n Primaria\",\"isPartOf\":{\"@id\":\"https:\/\/www.durangojesuitak.org\/#website\"},\"datePublished\":\"2021-10-04T11:03:02+00:00\",\"dateModified\":\"2025-09-05T09:43:11+00:00\",\"description\":\"Conoce los horarios de Educaci\u00f3n Primaria en San Jose Jesuitas de Durango. Descubre la etapa educativa en nuestro centro.\",\"breadcrumb\":{\"@id\":\"https:\/\/www.durangojesuitak.org\/es\/primaria\/horario-calendario-escolar\/#breadcrumb\"},\"inLanguage\":\"es\",\"potentialAction\":[{\"@type\":\"ReadAction\",\"target\":[\"https:\/\/www.durangojesuitak.org\/es\/primaria\/horario-calendario-escolar\/\"]}]},{\"@type\":\"BreadcrumbList\",\"@id\":\"https:\/\/www.durangojesuitak.org\/es\/primaria\/horario-calendario-escolar\/#breadcrumb\",\"itemListElement\":[{\"@type\":\"ListItem\",\"position\":1,\"name\":\"Home\",\"item\":\"https:\/\/www.durangojesuitak.org\/es\/\"},{\"@type\":\"ListItem\",\"position\":2,\"name\":\"Primaria\",\"item\":\"https:\/\/www.durangojesuitak.org\/es\/primaria\/\"},{\"@type\":\"ListItem\",\"position\":3,\"name\":\"Horario y calendario escolar\"}]},{\"@type\":\"WebSite\",\"@id\":\"https:\/\/www.durangojesuitak.org\/#website\",\"url\":\"https:\/\/www.durangojesuitak.org\/\",\"name\":\"Durango Jesuitak\",\"description\":\"\",\"publisher\":{\"@id\":\"https:\/\/www.durangojesuitak.org\/#organization\"},\"potentialAction\":[{\"@type\":\"SearchAction\",\"target\":{\"@type\":\"EntryPoint\",\"urlTemplate\":\"https:\/\/www.durangojesuitak.org\/?s={search_term_string}\"},\"query-input\":{\"@type\":\"PropertyValueSpecification\",\"valueRequired\":true,\"valueName\":\"search_term_string\"}}],\"inLanguage\":\"es\"},{\"@type\":\"Organization\",\"@id\":\"https:\/\/www.durangojesuitak.org\/#organization\",\"name\":\"Jesuitak Durango\",\"url\":\"https:\/\/www.durangojesuitak.org\/\",\"logo\":{\"@type\":\"ImageObject\",\"inLanguage\":\"es\",\"@id\":\"https:\/\/www.durangojesuitak.org\/#\/schema\/logo\/image\/\",\"url\":\"https:\/\/www.durangojesuitak.org\/wp-content\/uploads\/2022\/11\/cropped-Jesuitak-Durango-1.png\",\"contentUrl\":\"https:\/\/www.durangojesuitak.org\/wp-content\/uploads\/2022\/11\/cropped-Jesuitak-Durango-1.png\",\"width\":512,\"height\":512,\"caption\":\"Jesuitak Durango\"},\"image\":{\"@id\":\"https:\/\/www.durangojesuitak.org\/#\/schema\/logo\/image\/\"}}]}<\/script>\n<!-- \/ Yoast SEO plugin. -->","yoast_head_json":{"title":"Horarios en Educaci\u00f3n Primaria","description":"Conoce los horarios de Educaci\u00f3n Primaria en San Jose Jesuitas de Durango. Descubre la etapa educativa en nuestro centro.","robots":{"index":"index","follow":"follow","max-snippet":"max-snippet:-1","max-image-preview":"max-image-preview:large","max-video-preview":"max-video-preview:-1"},"canonical":"https:\/\/www.durangojesuitak.org\/es\/primaria\/horario-calendario-escolar\/","og_locale":"es_ES","og_type":"article","og_title":"Horarios en Educaci\u00f3n Primaria","og_description":"Conoce los horarios de Educaci\u00f3n Primaria en San Jose Jesuitas de Durango. Descubre la etapa educativa en nuestro centro.","og_url":"https:\/\/www.durangojesuitak.org\/es\/primaria\/horario-calendario-escolar\/","og_site_name":"Durango Jesuitak","article_modified_time":"2025-09-05T09:43:11+00:00","twitter_card":"summary_large_image","twitter_misc":{"Tiempo de lectura":"1 minuto"},"schema":{"@context":"https:\/\/schema.org","@graph":[{"@type":"WebPage","@id":"https:\/\/www.durangojesuitak.org\/es\/primaria\/horario-calendario-escolar\/","url":"https:\/\/www.durangojesuitak.org\/es\/primaria\/horario-calendario-escolar\/","name":"Horarios en Educaci\u00f3n Primaria","isPartOf":{"@id":"https:\/\/www.durangojesuitak.org\/#website"},"datePublished":"2021-10-04T11:03:02+00:00","dateModified":"2025-09-05T09:43:11+00:00","description":"Conoce los horarios de Educaci\u00f3n Primaria en San Jose Jesuitas de Durango. Descubre la etapa educativa en nuestro centro.","breadcrumb":{"@id":"https:\/\/www.durangojesuitak.org\/es\/primaria\/horario-calendario-escolar\/#breadcrumb"},"inLanguage":"es","potentialAction":[{"@type":"ReadAction","target":["https:\/\/www.durangojesuitak.org\/es\/primaria\/horario-calendario-escolar\/"]}]},{"@type":"BreadcrumbList","@id":"https:\/\/www.durangojesuitak.org\/es\/primaria\/horario-calendario-escolar\/#breadcrumb","itemListElement":[{"@type":"ListItem","position":1,"name":"Home","item":"https:\/\/www.durangojesuitak.org\/es\/"},{"@type":"ListItem","position":2,"name":"Primaria","item":"https:\/\/www.durangojesuitak.org\/es\/primaria\/"},{"@type":"ListItem","position":3,"name":"Horario y calendario escolar"}]},{"@type":"WebSite","@id":"https:\/\/www.durangojesuitak.org\/#website","url":"https:\/\/www.durangojesuitak.org\/","name":"Durango Jesuitak","description":"","publisher":{"@id":"https:\/\/www.durangojesuitak.org\/#organization"},"potentialAction":[{"@type":"SearchAction","target":{"@type":"EntryPoint","urlTemplate":"https:\/\/www.durangojesuitak.org\/?s={search_term_string}"},"query-input":{"@type":"PropertyValueSpecification","valueRequired":true,"valueName":"search_term_string"}}],"inLanguage":"es"},{"@type":"Organization","@id":"https:\/\/www.durangojesuitak.org\/#organization","name":"Jesuitak Durango","url":"https:\/\/www.durangojesuitak.org\/","logo":{"@type":"ImageObject","inLanguage":"es","@id":"https:\/\/www.durangojesuitak.org\/#\/schema\/logo\/image\/","url":"https:\/\/www.durangojesuitak.org\/wp-content\/uploads\/2022\/11\/cropped-Jesuitak-Durango-1.png","contentUrl":"https:\/\/www.durangojesuitak.org\/wp-content\/uploads\/2022\/11\/cropped-Jesuitak-Durango-1.png","width":512,"height":512,"caption":"Jesuitak Durango"},"image":{"@id":"https:\/\/www.durangojesuitak.org\/#\/schema\/logo\/image\/"}}]}},"_links":{"self":[{"href":"https:\/\/www.durangojesuitak.org\/es\/wp-json\/wp\/v2\/pages\/662","targetHints":{"allow":["GET"]}}],"collection":[{"href":"https:\/\/www.durangojesuitak.org\/es\/wp-json\/wp\/v2\/pages"}],"about":[{"href":"https:\/\/www.durangojesuitak.org\/es\/wp-json\/wp\/v2\/types\/page"}],"author":[{"embeddable":true,"href":"https:\/\/www.durangojesuitak.org\/es\/wp-json\/wp\/v2\/users\/1"}],"replies":[{"embeddable":true,"href":"https:\/\/www.durangojesuitak.org\/es\/wp-json\/wp\/v2\/comments?post=662"}],"version-history":[{"count":6,"href":"https:\/\/www.durangojesuitak.org\/es\/wp-json\/wp\/v2\/pages\/662\/revisions"}],"predecessor-version":[{"id":11042,"href":"https:\/\/www.durangojesuitak.org\/es\/wp-json\/wp\/v2\/pages\/662\/revisions\/11042"}],"up":[{"embeddable":true,"href":"https:\/\/www.durangojesuitak.org\/es\/wp-json\/wp\/v2\/pages\/2033"}],"wp:attachment":[{"href":"https:\/\/www.durangojesuitak.org\/es\/wp-json\/wp\/v2\/media?parent=662"}],"curies":[{"name":"wp","href":"https:\/\/api.w.org\/{rel}","templated":true}]}}