{"id":723,"date":"2021-10-13T08:52:55","date_gmt":"2021-10-13T06:52:55","guid":{"rendered":"https:\/\/durangojesuitak.somoswoko.com\/?page_id=723"},"modified":"2022-11-28T11:46:45","modified_gmt":"2022-11-28T10:46:45","slug":"nuestros-objetivos","status":"publish","type":"page","link":"https:\/\/www.durangojesuitak.org\/es\/nuestros-objetivos\/","title":{"rendered":"Nuestros objetivos"},"content":{"rendered":"\n<section class=\"seccion seccion-contenedor\n        centrado            fondo interior            divisor\" \n    style=\"background-color: ; color: ;\">\n    <div class=\"contenedor  \">\n        <div class=\"margen swing swing--opacity\">\n\n                            <div class=\"left\">\n\n                    <div class=\"texto\">\n                        \n\n    <h1        class=\"block-texto\n        hero-display        centrado        mayusculas                            \">Nuestros objetivos    <\/h1>\n\n\n                    <\/div>\n\n                <\/div>\n            \n            <div class=\"right\">\n\n                \n            <\/div>\n\n            \n        <\/div>\n    <\/div>\n\n\n            <div class=\"fondo\">\n            <img decoding=\"async\" src=\"https:\/\/www.durangojesuitak.org\/wp-content\/uploads\/2022\/11\/nuestros-objetivos-jesuitak-durango-2-1024x429.jpg\" alt=\"Nuestros objetivos\"\/>\n        <\/div>\n        \n    \n<\/section>\n\n<section class=\"seccion seccion-menu-lateral\">\n    <div class=\"contenedor\">\n        <div class=\"margen\">\n\n            <div class=\"paralelo\">\n\n                <div class=\"corto\">\n                    <div>\n\n                        \t\n                            <nav class=\"menu\">\n\n                                <span class=\"titulo\">Colegio<\/span>\n\n                                <ul id=\"menu-colegio\" class=\"menu\"><li id=\"menu-item-903\" class=\"menu-item menu-item-type-post_type menu-item-object-page menu-item-903\"><a href=\"https:\/\/www.durangojesuitak.org\/es\/por-que-jesuitak-durango\/\">Por qu\u00e9 Jesuitak Durango<\/a><\/li>\n<li id=\"menu-item-904\" class=\"menu-item menu-item-type-post_type menu-item-object-page menu-item-904\"><a href=\"https:\/\/www.durangojesuitak.org\/es\/secretaria\/\">Secretar\u00eda<\/a><\/li>\n<li id=\"menu-item-905\" class=\"menu-item menu-item-type-post_type menu-item-object-page menu-item-905\"><a href=\"https:\/\/www.durangojesuitak.org\/es\/instalaciones\/\">Instalaciones<\/a><\/li>\n<li id=\"menu-item-906\" class=\"menu-item menu-item-type-post_type menu-item-object-page menu-item-906\"><a href=\"https:\/\/www.durangojesuitak.org\/es\/jesuitak-durangon\/\">Jesuitak Durangon<\/a><\/li>\n<li id=\"menu-item-907\" class=\"menu-item menu-item-type-post_type menu-item-object-page menu-item-907\"><a href=\"https:\/\/www.durangojesuitak.org\/es\/valores\/\">Valores<\/a><\/li>\n<li id=\"menu-item-3197\" class=\"menu-item menu-item-type-post_type menu-item-object-page menu-item-3197\"><a href=\"https:\/\/www.durangojesuitak.org\/es\/pastoral\/\">Pastoral<\/a><\/li>\n<li id=\"menu-item-4007\" class=\"menu-item menu-item-type-post_type menu-item-object-page menu-item-4007\"><a href=\"https:\/\/www.durangojesuitak.org\/es\/apyma\/\">APYMA<\/a><\/li>\n<li id=\"menu-item-909\" class=\"menu-item menu-item-type-post_type menu-item-object-page menu-item-909\"><a href=\"https:\/\/www.durangojesuitak.org\/es\/nuestros-objetivos\/\">Nuestros objetivos<\/a><\/li>\n<\/ul>\n                                                                    <a href=\"https:\/\/www.durangojesuitak.org\/es\/contacto\/\" class=\"boton\">Contacto<\/a>\n                                \n                            <\/nav>\n\n                        \n                    <\/div>\n                <\/div>\n\n                <div class=\"largo\">\n\n                    \n\n<section class=\"seccion seccion-contenedor\n                                \" \n    style=\"background-color: ; color: ;\">\n    <div class=\"contenedor  \">\n        <div class=\"margen swing swing--opacity\">\n\n                            <div class=\"left\">\n\n                    <div class=\"texto\">\n                        \n\n    <p class=\"block-texto swing swing--opacity entry no-centrado no-mayusculas  \">Nuestro objetivo es ofrecer a cada alumno y alumna una vivencia profunda cristiana que ayude a su desarrollo humano y de fe, trabajando la dimensi\u00f3n espiritual, de justicia y comunitaria en su proceso de b\u00fasqueda de sentido e interiorizaci\u00f3n:<\/p>\n\n\n\n\n\n\n\n\n<ul class=\"wp-block-list\"><li><strong>Nuestros\/as alumnos\/as son el centro y el n\u00facleo<\/strong> de nuestra labor. Evangelizar es dar testimonio, es transmitir una experiencia personal para convertirla en comunitaria.<\/li><li><strong>Acompa\u00f1amos al alumnado<\/strong> en su proceso de crecimiento humano y de fe por medio del acompa\u00f1amiento personal y grupal teniendo como base la espiritualidad ignaciana.<\/li><li>Ponemos especial \u00e9nfasis en las <strong>experiencias de solidaridad y voluntariado<\/strong> que permiten tener una vivencia profunda de la realidad y de Jes\u00fas, para favorecer el crecimiento en valores humanos y cristianos. <em>(Hombres y mujeres para los dem\u00e1s \u2013 P. Arrupe)<\/em>\u00b7 <\/li><li>Ofrecemos <strong>experiencias de fe<\/strong> para que nuestros alumnos y alumnas puedan plantearse las preguntas de sentido en su vida.<\/li><\/ul>\n\n                    <\/div>\n\n                <\/div>\n            \n            <div class=\"right\">\n\n                \n            <\/div>\n\n            \n        <\/div>\n    <\/div>\n\n\n    \n    \n<\/section>\n\n\n                <\/div>\n\n            <\/div>\n\n        <\/div>\n    <\/div>\n<\/section>","protected":false},"excerpt":{"rendered":"<p>Mollitia error aut animi consequatur, est phasellus ratione,<\/p>\n","protected":false},"author":1,"featured_media":1064,"parent":0,"menu_order":80,"comment_status":"closed","ping_status":"closed","template":"","meta":{"_acf_changed":false,"inline_featured_image":false,"footnotes":""},"class_list":["post-723","page","type-page","status-publish","has-post-thumbnail","hentry"],"acf":[],"yoast_head":"<!-- This site is optimized with the Yoast SEO plugin v26.9 - https:\/\/yoast.com\/product\/yoast-seo-wordpress\/ -->\n<title>Nuestros objetivos | Jesuitak Durango<\/title>\n<meta name=\"description\" content=\"Nuestros\/as alumnos\/as son el centro y de nuestra labor. Brindamos un acompa\u00f1amiento personal y grupal teniendo como base la espiritualidad ignaciana.\" \/>\n<meta name=\"robots\" content=\"index, follow, max-snippet:-1, max-image-preview:large, max-video-preview:-1\" \/>\n<link rel=\"canonical\" href=\"https:\/\/www.durangojesuitak.org\/es\/nuestros-objetivos\/\" \/>\n<meta property=\"og:locale\" content=\"es_ES\" \/>\n<meta property=\"og:type\" content=\"article\" \/>\n<meta property=\"og:title\" content=\"Nuestros objetivos | Jesuitak Durango\" \/>\n<meta property=\"og:description\" content=\"Nuestros\/as alumnos\/as son el centro y de nuestra labor. Brindamos un acompa\u00f1amiento personal y grupal teniendo como base la espiritualidad ignaciana.\" \/>\n<meta property=\"og:url\" content=\"https:\/\/www.durangojesuitak.org\/es\/nuestros-objetivos\/\" \/>\n<meta property=\"og:site_name\" content=\"Durango Jesuitak\" \/>\n<meta property=\"article:modified_time\" content=\"2022-11-28T10:46:45+00:00\" \/>\n<meta property=\"og:image\" content=\"https:\/\/www.durangojesuitak.org\/wp-content\/uploads\/2021\/10\/20210604_155458-scaled.jpg\" \/>\n\t<meta property=\"og:image:width\" content=\"2560\" \/>\n\t<meta property=\"og:image:height\" content=\"1920\" \/>\n\t<meta property=\"og:image:type\" content=\"image\/jpeg\" \/>\n<meta name=\"twitter:card\" content=\"summary_large_image\" \/>\n<meta name=\"twitter:label1\" content=\"Tiempo de lectura\" \/>\n\t<meta name=\"twitter:data1\" content=\"1 minuto\" \/>\n<script type=\"application\/ld+json\" class=\"yoast-schema-graph\">{\"@context\":\"https:\/\/schema.org\",\"@graph\":[{\"@type\":\"WebPage\",\"@id\":\"https:\/\/www.durangojesuitak.org\/es\/nuestros-objetivos\/\",\"url\":\"https:\/\/www.durangojesuitak.org\/es\/nuestros-objetivos\/\",\"name\":\"Nuestros objetivos | Jesuitak Durango\",\"isPartOf\":{\"@id\":\"https:\/\/www.durangojesuitak.org\/#website\"},\"primaryImageOfPage\":{\"@id\":\"https:\/\/www.durangojesuitak.org\/es\/nuestros-objetivos\/#primaryimage\"},\"image\":{\"@id\":\"https:\/\/www.durangojesuitak.org\/es\/nuestros-objetivos\/#primaryimage\"},\"thumbnailUrl\":\"https:\/\/www.durangojesuitak.org\/wp-content\/uploads\/2021\/10\/20210604_155458-scaled.jpg\",\"datePublished\":\"2021-10-13T06:52:55+00:00\",\"dateModified\":\"2022-11-28T10:46:45+00:00\",\"description\":\"Nuestros\/as alumnos\/as son el centro y de nuestra labor. Brindamos un acompa\u00f1amiento personal y grupal teniendo como base la espiritualidad ignaciana.\",\"breadcrumb\":{\"@id\":\"https:\/\/www.durangojesuitak.org\/es\/nuestros-objetivos\/#breadcrumb\"},\"inLanguage\":\"es\",\"potentialAction\":[{\"@type\":\"ReadAction\",\"target\":[\"https:\/\/www.durangojesuitak.org\/es\/nuestros-objetivos\/\"]}]},{\"@type\":\"ImageObject\",\"inLanguage\":\"es\",\"@id\":\"https:\/\/www.durangojesuitak.org\/es\/nuestros-objetivos\/#primaryimage\",\"url\":\"https:\/\/www.durangojesuitak.org\/wp-content\/uploads\/2021\/10\/20210604_155458-scaled.jpg\",\"contentUrl\":\"https:\/\/www.durangojesuitak.org\/wp-content\/uploads\/2021\/10\/20210604_155458-scaled.jpg\",\"width\":2560,\"height\":1920},{\"@type\":\"BreadcrumbList\",\"@id\":\"https:\/\/www.durangojesuitak.org\/es\/nuestros-objetivos\/#breadcrumb\",\"itemListElement\":[{\"@type\":\"ListItem\",\"position\":1,\"name\":\"Home\",\"item\":\"https:\/\/www.durangojesuitak.org\/es\/\"},{\"@type\":\"ListItem\",\"position\":2,\"name\":\"Nuestros objetivos\"}]},{\"@type\":\"WebSite\",\"@id\":\"https:\/\/www.durangojesuitak.org\/#website\",\"url\":\"https:\/\/www.durangojesuitak.org\/\",\"name\":\"Durango Jesuitak\",\"description\":\"\",\"publisher\":{\"@id\":\"https:\/\/www.durangojesuitak.org\/#organization\"},\"potentialAction\":[{\"@type\":\"SearchAction\",\"target\":{\"@type\":\"EntryPoint\",\"urlTemplate\":\"https:\/\/www.durangojesuitak.org\/?s={search_term_string}\"},\"query-input\":{\"@type\":\"PropertyValueSpecification\",\"valueRequired\":true,\"valueName\":\"search_term_string\"}}],\"inLanguage\":\"es\"},{\"@type\":\"Organization\",\"@id\":\"https:\/\/www.durangojesuitak.org\/#organization\",\"name\":\"Jesuitak Durango\",\"url\":\"https:\/\/www.durangojesuitak.org\/\",\"logo\":{\"@type\":\"ImageObject\",\"inLanguage\":\"es\",\"@id\":\"https:\/\/www.durangojesuitak.org\/#\/schema\/logo\/image\/\",\"url\":\"https:\/\/www.durangojesuitak.org\/wp-content\/uploads\/2022\/11\/cropped-Jesuitak-Durango-1.png\",\"contentUrl\":\"https:\/\/www.durangojesuitak.org\/wp-content\/uploads\/2022\/11\/cropped-Jesuitak-Durango-1.png\",\"width\":512,\"height\":512,\"caption\":\"Jesuitak Durango\"},\"image\":{\"@id\":\"https:\/\/www.durangojesuitak.org\/#\/schema\/logo\/image\/\"}}]}<\/script>\n<!-- \/ Yoast SEO plugin. -->","yoast_head_json":{"title":"Nuestros objetivos | Jesuitak Durango","description":"Nuestros\/as alumnos\/as son el centro y de nuestra labor. Brindamos un acompa\u00f1amiento personal y grupal teniendo como base la espiritualidad ignaciana.","robots":{"index":"index","follow":"follow","max-snippet":"max-snippet:-1","max-image-preview":"max-image-preview:large","max-video-preview":"max-video-preview:-1"},"canonical":"https:\/\/www.durangojesuitak.org\/es\/nuestros-objetivos\/","og_locale":"es_ES","og_type":"article","og_title":"Nuestros objetivos | Jesuitak Durango","og_description":"Nuestros\/as alumnos\/as son el centro y de nuestra labor. Brindamos un acompa\u00f1amiento personal y grupal teniendo como base la espiritualidad ignaciana.","og_url":"https:\/\/www.durangojesuitak.org\/es\/nuestros-objetivos\/","og_site_name":"Durango Jesuitak","article_modified_time":"2022-11-28T10:46:45+00:00","og_image":[{"width":2560,"height":1920,"url":"https:\/\/www.durangojesuitak.org\/wp-content\/uploads\/2021\/10\/20210604_155458-scaled.jpg","type":"image\/jpeg"}],"twitter_card":"summary_large_image","twitter_misc":{"Tiempo de lectura":"1 minuto"},"schema":{"@context":"https:\/\/schema.org","@graph":[{"@type":"WebPage","@id":"https:\/\/www.durangojesuitak.org\/es\/nuestros-objetivos\/","url":"https:\/\/www.durangojesuitak.org\/es\/nuestros-objetivos\/","name":"Nuestros objetivos | Jesuitak Durango","isPartOf":{"@id":"https:\/\/www.durangojesuitak.org\/#website"},"primaryImageOfPage":{"@id":"https:\/\/www.durangojesuitak.org\/es\/nuestros-objetivos\/#primaryimage"},"image":{"@id":"https:\/\/www.durangojesuitak.org\/es\/nuestros-objetivos\/#primaryimage"},"thumbnailUrl":"https:\/\/www.durangojesuitak.org\/wp-content\/uploads\/2021\/10\/20210604_155458-scaled.jpg","datePublished":"2021-10-13T06:52:55+00:00","dateModified":"2022-11-28T10:46:45+00:00","description":"Nuestros\/as alumnos\/as son el centro y de nuestra labor. Brindamos un acompa\u00f1amiento personal y grupal teniendo como base la espiritualidad ignaciana.","breadcrumb":{"@id":"https:\/\/www.durangojesuitak.org\/es\/nuestros-objetivos\/#breadcrumb"},"inLanguage":"es","potentialAction":[{"@type":"ReadAction","target":["https:\/\/www.durangojesuitak.org\/es\/nuestros-objetivos\/"]}]},{"@type":"ImageObject","inLanguage":"es","@id":"https:\/\/www.durangojesuitak.org\/es\/nuestros-objetivos\/#primaryimage","url":"https:\/\/www.durangojesuitak.org\/wp-content\/uploads\/2021\/10\/20210604_155458-scaled.jpg","contentUrl":"https:\/\/www.durangojesuitak.org\/wp-content\/uploads\/2021\/10\/20210604_155458-scaled.jpg","width":2560,"height":1920},{"@type":"BreadcrumbList","@id":"https:\/\/www.durangojesuitak.org\/es\/nuestros-objetivos\/#breadcrumb","itemListElement":[{"@type":"ListItem","position":1,"name":"Home","item":"https:\/\/www.durangojesuitak.org\/es\/"},{"@type":"ListItem","position":2,"name":"Nuestros objetivos"}]},{"@type":"WebSite","@id":"https:\/\/www.durangojesuitak.org\/#website","url":"https:\/\/www.durangojesuitak.org\/","name":"Durango Jesuitak","description":"","publisher":{"@id":"https:\/\/www.durangojesuitak.org\/#organization"},"potentialAction":[{"@type":"SearchAction","target":{"@type":"EntryPoint","urlTemplate":"https:\/\/www.durangojesuitak.org\/?s={search_term_string}"},"query-input":{"@type":"PropertyValueSpecification","valueRequired":true,"valueName":"search_term_string"}}],"inLanguage":"es"},{"@type":"Organization","@id":"https:\/\/www.durangojesuitak.org\/#organization","name":"Jesuitak Durango","url":"https:\/\/www.durangojesuitak.org\/","logo":{"@type":"ImageObject","inLanguage":"es","@id":"https:\/\/www.durangojesuitak.org\/#\/schema\/logo\/image\/","url":"https:\/\/www.durangojesuitak.org\/wp-content\/uploads\/2022\/11\/cropped-Jesuitak-Durango-1.png","contentUrl":"https:\/\/www.durangojesuitak.org\/wp-content\/uploads\/2022\/11\/cropped-Jesuitak-Durango-1.png","width":512,"height":512,"caption":"Jesuitak Durango"},"image":{"@id":"https:\/\/www.durangojesuitak.org\/#\/schema\/logo\/image\/"}}]}},"_links":{"self":[{"href":"https:\/\/www.durangojesuitak.org\/es\/wp-json\/wp\/v2\/pages\/723","targetHints":{"allow":["GET"]}}],"collection":[{"href":"https:\/\/www.durangojesuitak.org\/es\/wp-json\/wp\/v2\/pages"}],"about":[{"href":"https:\/\/www.durangojesuitak.org\/es\/wp-json\/wp\/v2\/types\/page"}],"author":[{"embeddable":true,"href":"https:\/\/www.durangojesuitak.org\/es\/wp-json\/wp\/v2\/users\/1"}],"replies":[{"embeddable":true,"href":"https:\/\/www.durangojesuitak.org\/es\/wp-json\/wp\/v2\/comments?post=723"}],"version-history":[{"count":0,"href":"https:\/\/www.durangojesuitak.org\/es\/wp-json\/wp\/v2\/pages\/723\/revisions"}],"wp:featuredmedia":[{"embeddable":true,"href":"https:\/\/www.durangojesuitak.org\/es\/wp-json\/wp\/v2\/media\/1064"}],"wp:attachment":[{"href":"https:\/\/www.durangojesuitak.org\/es\/wp-json\/wp\/v2\/media?parent=723"}],"curies":[{"name":"wp","href":"https:\/\/api.w.org\/{rel}","templated":true}]}}